{"id":15689,"date":"2020-12-06T15:49:33","date_gmt":"2020-12-06T15:49:33","guid":{"rendered":"https:\/\/ebay.luba.de\/index.php\/product\/fleischwolfvorsatz-mit-kunststoffgehause\/"},"modified":"2023-07-13T08:51:04","modified_gmt":"2023-07-13T08:51:04","slug":"fleischwolfvorsatz-mit-kunststoffgehause","status":"publish","type":"product","link":"https:\/\/ebay.luba.de\/index.php\/product\/fleischwolfvorsatz-mit-kunststoffgehause\/","title":{"rendered":"Fleischwolfvorsatz mit Kunststoffgeh\u00e4use"},"content":{"rendered":"<p>Beinahe alles, was auf den Tisch kommt, macht der Universalwolf kurz und klein: Gem\u00fcse, Fr\u00fcchte, Fisch und Fleisch. Egal, ob roh oder gekocht. Daf\u00fcr sorgt das stabile Fl\u00fcgelmesser aus Stahl.<\/p>\n","protected":false},"excerpt":{"rendered":"<p>Beinahe alles, was auf den Tisch kommt, macht der Universalwolf kurz und klein: Gem\u00fcse, Fr\u00fcchte, Fisch und Fleisch. Egal, ob roh oder gekocht. Daf\u00fcr sorgt das stabile Fl\u00fcgelmesser aus Stahl.<\/p>\n","protected":false},"featured_media":15690,"comment_status":"closed","ping_status":"open","template":"","meta":[],"product_brand":[],"product_cat":[202,203,204],"product_tag":[],"class_list":{"0":"post-15689","1":"product","2":"type-product","3":"status-publish","4":"has-post-thumbnail","6":"product_cat-kuchengerate-elektro","7":"product_cat-kuchenmaschinen-zubehor","8":"product_cat-messerschmidt","10":"first","11":"instock","12":"taxable","13":"shipping-taxable","14":"purchasable","15":"product-type-simple"},"_links":{"self":[{"href":"https:\/\/ebay.luba.de\/index.php\/wp-json\/wp\/v2\/product\/15689","targetHints":{"allow":["GET"]}}],"collection":[{"href":"https:\/\/ebay.luba.de\/index.php\/wp-json\/wp\/v2\/product"}],"about":[{"href":"https:\/\/ebay.luba.de\/index.php\/wp-json\/wp\/v2\/types\/product"}],"replies":[{"embeddable":true,"href":"https:\/\/ebay.luba.de\/index.php\/wp-json\/wp\/v2\/comments?post=15689"}],"wp:featuredmedia":[{"embeddable":true,"href":"https:\/\/ebay.luba.de\/index.php\/wp-json\/wp\/v2\/media\/15690"}],"wp:attachment":[{"href":"https:\/\/ebay.luba.de\/index.php\/wp-json\/wp\/v2\/media?parent=15689"}],"wp:term":[{"taxonomy":"product_brand","embeddable":true,"href":"https:\/\/ebay.luba.de\/index.php\/wp-json\/wp\/v2\/product_brand?post=15689"},{"taxonomy":"product_cat","embeddable":true,"href":"https:\/\/ebay.luba.de\/index.php\/wp-json\/wp\/v2\/product_cat?post=15689"},{"taxonomy":"product_tag","embeddable":true,"href":"https:\/\/ebay.luba.de\/index.php\/wp-json\/wp\/v2\/product_tag?post=15689"}],"curies":[{"name":"wp","href":"https:\/\/api.w.org\/{rel}","templated":true}]}}