{"id":15683,"date":"2020-12-06T15:49:33","date_gmt":"2020-12-06T15:49:33","guid":{"rendered":"https:\/\/ebay.luba.de\/index.php\/product\/messerschmidt-flockenbar-vorsatz\/"},"modified":"2023-09-26T06:51:08","modified_gmt":"2023-09-26T06:51:08","slug":"messerschmidt-flockenbar-vorsatz","status":"publish","type":"product","link":"https:\/\/ebay.luba.de\/index.php\/product\/messerschmidt-flockenbar-vorsatz\/","title":{"rendered":"Messerschmidt Flockenbar-Vorsatz"},"content":{"rendered":"<p>Der Flocker f\u00fcr Ihr M\u00fcsli. Flockt Getreide und \u00d6lsaaten und auch Gew\u00fcrze. Frisch geflocktes Getreide enth\u00e4lt neben Mineralien und Ballaststoffen auch alle wertvollen Vitamine des vollen Korns.<\/p>\n","protected":false},"excerpt":{"rendered":"<p>Der Flocker f\u00fcr Ihr M\u00fcsli. Flockt Getreide und \u00d6lsaaten und auch Gew\u00fcrze. Frisch geflocktes Getreide enth\u00e4lt neben Mineralien und Ballaststoffen auch alle wertvollen Vitamine des vollen Korns.<\/p>\n","protected":false},"featured_media":15684,"comment_status":"closed","ping_status":"open","template":"","meta":[],"product_brand":[],"product_cat":[199,220,221],"product_tag":[],"class_list":{"0":"post-15683","1":"product","2":"type-product","3":"status-publish","4":"has-post-thumbnail","6":"product_cat-kuchenhelfer","7":"product_cat-reiben-und-hobel","8":"product_cat-trommelreiben","10":"first","11":"instock","12":"taxable","13":"shipping-taxable","14":"purchasable","15":"product-type-simple"},"_links":{"self":[{"href":"https:\/\/ebay.luba.de\/index.php\/wp-json\/wp\/v2\/product\/15683","targetHints":{"allow":["GET"]}}],"collection":[{"href":"https:\/\/ebay.luba.de\/index.php\/wp-json\/wp\/v2\/product"}],"about":[{"href":"https:\/\/ebay.luba.de\/index.php\/wp-json\/wp\/v2\/types\/product"}],"replies":[{"embeddable":true,"href":"https:\/\/ebay.luba.de\/index.php\/wp-json\/wp\/v2\/comments?post=15683"}],"wp:featuredmedia":[{"embeddable":true,"href":"https:\/\/ebay.luba.de\/index.php\/wp-json\/wp\/v2\/media\/15684"}],"wp:attachment":[{"href":"https:\/\/ebay.luba.de\/index.php\/wp-json\/wp\/v2\/media?parent=15683"}],"wp:term":[{"taxonomy":"product_brand","embeddable":true,"href":"https:\/\/ebay.luba.de\/index.php\/wp-json\/wp\/v2\/product_brand?post=15683"},{"taxonomy":"product_cat","embeddable":true,"href":"https:\/\/ebay.luba.de\/index.php\/wp-json\/wp\/v2\/product_cat?post=15683"},{"taxonomy":"product_tag","embeddable":true,"href":"https:\/\/ebay.luba.de\/index.php\/wp-json\/wp\/v2\/product_tag?post=15683"}],"curies":[{"name":"wp","href":"https:\/\/api.w.org\/{rel}","templated":true}]}}