{"id":15680,"date":"2020-12-06T15:49:33","date_gmt":"2020-12-06T15:49:33","guid":{"rendered":"https:\/\/ebay.luba.de\/index.php\/product\/handantrieb-set-fur-mess-vorsatze\/"},"modified":"2023-09-07T11:51:07","modified_gmt":"2023-09-07T11:51:07","slug":"handantrieb-set-fur-mess-vorsatze","status":"publish","type":"product","link":"https:\/\/ebay.luba.de\/index.php\/product\/handantrieb-set-fur-mess-vorsatze\/","title":{"rendered":"Handantrieb-Set f\u00fcr Mess. Vors\u00e4tze"},"content":{"rendered":"<p>Die ideale Erg\u00e4nzung f\u00fcr alle Messerschmidt-Vors\u00e4tze. Auch ohne Strom k\u00f6nnen Sie mahlen, flocken, raspeln, reiben. Holzbrett am Tisch anklemmen &#8211; und los geht\u00b4s.<\/p>\n","protected":false},"excerpt":{"rendered":"<p>Die ideale Erg\u00e4nzung f\u00fcr alle Messerschmidt-Vors\u00e4tze. Auch ohne Strom k\u00f6nnen Sie mahlen, flocken, raspeln, reiben. Holzbrett am Tisch anklemmen &#8211; und los geht\u00b4s.<\/p>\n","protected":false},"featured_media":15681,"comment_status":"closed","ping_status":"open","template":"","meta":[],"product_brand":[],"product_cat":[216,217,218,215,219],"product_tag":[],"class_list":{"0":"post-15680","1":"product","2":"type-product","3":"status-publish","4":"has-post-thumbnail","6":"product_cat-fleischwolf","7":"product_cat-flocker","8":"product_cat-getreidemuhlen","9":"product_cat-kuchengerate-handbetrieb","10":"product_cat-vorsatze","12":"first","13":"instock","14":"taxable","15":"shipping-taxable","16":"purchasable","17":"product-type-simple"},"_links":{"self":[{"href":"https:\/\/ebay.luba.de\/index.php\/wp-json\/wp\/v2\/product\/15680","targetHints":{"allow":["GET"]}}],"collection":[{"href":"https:\/\/ebay.luba.de\/index.php\/wp-json\/wp\/v2\/product"}],"about":[{"href":"https:\/\/ebay.luba.de\/index.php\/wp-json\/wp\/v2\/types\/product"}],"replies":[{"embeddable":true,"href":"https:\/\/ebay.luba.de\/index.php\/wp-json\/wp\/v2\/comments?post=15680"}],"wp:featuredmedia":[{"embeddable":true,"href":"https:\/\/ebay.luba.de\/index.php\/wp-json\/wp\/v2\/media\/15681"}],"wp:attachment":[{"href":"https:\/\/ebay.luba.de\/index.php\/wp-json\/wp\/v2\/media?parent=15680"}],"wp:term":[{"taxonomy":"product_brand","embeddable":true,"href":"https:\/\/ebay.luba.de\/index.php\/wp-json\/wp\/v2\/product_brand?post=15680"},{"taxonomy":"product_cat","embeddable":true,"href":"https:\/\/ebay.luba.de\/index.php\/wp-json\/wp\/v2\/product_cat?post=15680"},{"taxonomy":"product_tag","embeddable":true,"href":"https:\/\/ebay.luba.de\/index.php\/wp-json\/wp\/v2\/product_tag?post=15680"}],"curies":[{"name":"wp","href":"https:\/\/api.w.org\/{rel}","templated":true}]}}