{"id":15678,"date":"2020-12-06T15:49:33","date_gmt":"2020-12-06T15:49:33","guid":{"rendered":"https:\/\/ebay.luba.de\/index.php\/product\/behalter-fur-megahome-destiller-aus-glas\/"},"modified":"2020-12-06T15:49:38","modified_gmt":"2020-12-06T15:49:38","slug":"behalter-fur-megahome-destiller-aus-glas","status":"publish","type":"product","link":"https:\/\/ebay.luba.de\/index.php\/product\/behalter-fur-megahome-destiller-aus-glas\/","title":{"rendered":"Beh\u00e4lter f\u00fcr Megahome Destiller aus Glas"},"content":{"rendered":"<p>Die Glas-Auffangkanne hat ein Fassungsverm\u00f6gen von 4 Litern, passend f\u00fcr den Destiller Megahome. Kann auch f\u00fcr \u00e4ltere Destiller-Modelle hergenommen werden.<\/p>\n","protected":false},"excerpt":{"rendered":"<p>Die Glas-Auffangkanne hat ein Fassungsverm\u00f6gen von 4 Litern, passend f\u00fcr den Destiller Megahome. Kann auch f\u00fcr \u00e4ltere Destiller-Modelle hergenommen werden.<\/p>\n","protected":false},"featured_media":15679,"comment_status":"closed","ping_status":"open","template":"","meta":[],"product_brand":[],"product_cat":[213,202,214],"product_tag":[],"class_list":{"0":"post-15678","1":"product","2":"type-product","3":"status-publish","4":"has-post-thumbnail","6":"product_cat-destilliergerat","7":"product_cat-kuchengerate-elektro","8":"product_cat-zubehor-destilliergerat","10":"first","11":"outofstock","12":"taxable","13":"shipping-taxable","14":"purchasable","15":"product-type-simple"},"_links":{"self":[{"href":"https:\/\/ebay.luba.de\/index.php\/wp-json\/wp\/v2\/product\/15678","targetHints":{"allow":["GET"]}}],"collection":[{"href":"https:\/\/ebay.luba.de\/index.php\/wp-json\/wp\/v2\/product"}],"about":[{"href":"https:\/\/ebay.luba.de\/index.php\/wp-json\/wp\/v2\/types\/product"}],"replies":[{"embeddable":true,"href":"https:\/\/ebay.luba.de\/index.php\/wp-json\/wp\/v2\/comments?post=15678"}],"wp:featuredmedia":[{"embeddable":true,"href":"https:\/\/ebay.luba.de\/index.php\/wp-json\/wp\/v2\/media\/15679"}],"wp:attachment":[{"href":"https:\/\/ebay.luba.de\/index.php\/wp-json\/wp\/v2\/media?parent=15678"}],"wp:term":[{"taxonomy":"product_brand","embeddable":true,"href":"https:\/\/ebay.luba.de\/index.php\/wp-json\/wp\/v2\/product_brand?post=15678"},{"taxonomy":"product_cat","embeddable":true,"href":"https:\/\/ebay.luba.de\/index.php\/wp-json\/wp\/v2\/product_cat?post=15678"},{"taxonomy":"product_tag","embeddable":true,"href":"https:\/\/ebay.luba.de\/index.php\/wp-json\/wp\/v2\/product_tag?post=15678"}],"curies":[{"name":"wp","href":"https:\/\/api.w.org\/{rel}","templated":true}]}}