{"id":1558,"date":"2020-12-06T15:53:33","date_gmt":"2020-12-06T15:53:33","guid":{"rendered":"https:\/\/amz.luba.de\/index.php\/product\/solis-vakuumiergerat-fur-trockene-feuchte-und-empfindliche-lebensmittel-vac-smart-typ-577\/"},"modified":"2020-12-06T15:53:51","modified_gmt":"2020-12-06T15:53:51","slug":"solis-vakuumier-vac-smart-typ-577-edelstahl-2","status":"publish","type":"product","link":"https:\/\/ebay.luba.de\/index.php\/product\/solis-vakuumier-vac-smart-typ-577-edelstahl-2\/","title":{"rendered":"Solis Vakuumier Vac Smart Typ 577, Edelstahl"},"content":{"rendered":"<p>Easy Vac Quick &#8211; vollautomatisches Vakuumiersystem mit individuellen Einstellm\u00f6glichkeiten.  Mit einer superstarken Absaugpumpe (bis zu -0,8 bar), Einstellm\u00f6glichkeit f\u00fcr manuelles Vakuumieren und Versiegeln,  mit integriertem Anschlu\u00df zur Pumpe f\u00fcr Vakuumbeh\u00e4lter, geeignet f\u00fcr Beutel und Rollen bis zu 30 cm breit, Superkompakt. Leistung: 120 Watt, Ma\u00dfe: 36,5 x 14,2 x 7 cm, Farbe: weiss\/schwarz, Gewicht: 1,2 kg.<\/p>\n","protected":false},"excerpt":{"rendered":"<p>Easy Vac Quick &#8211; vollautomatisches Vakuumiersystem mit individuellen Einstellm\u00f6glichkeiten. Mit einer superstarken Absaugpumpe (bis zu -0,8 bar), Einstellm\u00f6glichkeit f\u00fcr manuelles Vakuumieren und Versiegeln, mit integriertem Anschlu\u00df zur Pumpe f\u00fcr Vakuumbeh\u00e4lter, geeignet f\u00fcr Beutel und Rollen bis zu 30 cm breit, Superkompakt. Leistung: 120 Watt, Ma\u00dfe: 36,5 x 14,2 x 7 cm, Farbe: weiss\/schwarz, Gewicht: 1,2 [&hellip;]<\/p>\n","protected":false},"featured_media":16156,"comment_status":"closed","ping_status":"open","template":"","meta":[],"product_brand":[],"product_cat":[193],"product_tag":[],"class_list":{"0":"post-1558","1":"product","2":"type-product","3":"status-publish","4":"has-post-thumbnail","6":"product_cat-unkategorisiert","8":"first","9":"instock","10":"taxable","11":"shipping-taxable","12":"purchasable","13":"product-type-simple"},"_links":{"self":[{"href":"https:\/\/ebay.luba.de\/index.php\/wp-json\/wp\/v2\/product\/1558","targetHints":{"allow":["GET"]}}],"collection":[{"href":"https:\/\/ebay.luba.de\/index.php\/wp-json\/wp\/v2\/product"}],"about":[{"href":"https:\/\/ebay.luba.de\/index.php\/wp-json\/wp\/v2\/types\/product"}],"replies":[{"embeddable":true,"href":"https:\/\/ebay.luba.de\/index.php\/wp-json\/wp\/v2\/comments?post=1558"}],"wp:featuredmedia":[{"embeddable":true,"href":"https:\/\/ebay.luba.de\/index.php\/wp-json\/wp\/v2\/media\/16156"}],"wp:attachment":[{"href":"https:\/\/ebay.luba.de\/index.php\/wp-json\/wp\/v2\/media?parent=1558"}],"wp:term":[{"taxonomy":"product_brand","embeddable":true,"href":"https:\/\/ebay.luba.de\/index.php\/wp-json\/wp\/v2\/product_brand?post=1558"},{"taxonomy":"product_cat","embeddable":true,"href":"https:\/\/ebay.luba.de\/index.php\/wp-json\/wp\/v2\/product_cat?post=1558"},{"taxonomy":"product_tag","embeddable":true,"href":"https:\/\/ebay.luba.de\/index.php\/wp-json\/wp\/v2\/product_tag?post=1558"}],"curies":[{"name":"wp","href":"https:\/\/api.w.org\/{rel}","templated":true}]}}