{"id":15569,"date":"2020-12-06T16:06:39","date_gmt":"2020-12-06T16:06:39","guid":{"rendered":"https:\/\/ebay.luba.de\/index.php\/product\/krautertopf-mit-selbstbewasserung-dreifach\/"},"modified":"2022-11-28T14:09:31","modified_gmt":"2022-11-28T14:09:31","slug":"krautertopf-mit-selbstbewasserung-dreifach","status":"publish","type":"product","link":"https:\/\/ebay.luba.de\/index.php\/product\/krautertopf-mit-selbstbewasserung-dreifach\/","title":{"rendered":"Kr\u00e4utertopf mit Selbstbew\u00e4sserung &#8211; dreifach"},"content":{"rendered":"<h2>Kr\u00e4utertopf mit Selbstbew\u00e4sserung von Cole &amp; Mason f\u00fcr 3 Kr\u00e4utert\u00f6pfe<\/h2>\n<p>Der Trio &#8211; Kr\u00e4utertopf mit Selbstbew\u00e4sserung von Cole &amp; Mason ist ein attraktives und hochfunktionales Accessoire, um Kr\u00e4uter l\u00e4nger frisch zu halten. Mit diesem unkomplizierten Kr\u00e4utertopf wird ein Umpflanzen \u00fcberfl\u00fcssig. Legen Sie einfach ein Hydro-Felt Pad in das Oberteil ein und stellen Sie Ihre Topfkr\u00e4uter in den Kr\u00e4utertopf. Geeignet f\u00fcr einen Topf (rund oder rechteckig) F\u00fcllen Sie durch die Schnaupe Wasser ein. Die Kr\u00e4uter nehmen das Wasser durch das Pad auf. \u00dcberpr\u00fcfen Sie regelm\u00e4\u00dfig, ob die Kr\u00e4uter noch mit ausreichend Wasser versorgt sind. Dank der Abdeckung verdunstet weniger Wasser. Halten Sie Ihre Kr\u00e4uter mit diesem Kr\u00e4utertopf l\u00e4nger frisch.<\/p>\n<p>[ux_banner label=&#8221;Bild 1&#8243; bg=&#8221;11198&#8243; bg_pos=&#8221;42% 57%&#8221;]<\/p>\n<p>[\/ux_banner]<br \/>\n[section bg_color=&#8221;rgb(245, 245, 245)&#8221;]<\/p>\n<h3>Merkmale<\/h3>\n<ul>\n<li>Schicker Kr\u00e4utertopf mit Selbstbew\u00e4sserungssystem f\u00fcr 3 Kr\u00e4utert\u00f6pfe.<\/li>\n<li><span style=\"color: #555555; font-size: 14.4px;\">H\u00e4lt Kr\u00e4uter bis zu 10 Tage l\u00e4nger frisch<\/span><\/li>\n<li><span style=\"color: #555555; font-size: 14.4px;\">Aufgrund des Hydro-Felt Pad k\u00f6nnen die Kr\u00e4uter je nach Bedarf Wasser ziehen<\/span><\/li>\n<li><span style=\"color: #555555; font-size: 14.4px;\">Die Pads sind auswaschbar, jedes Pad h\u00e4lt ungef\u00e4hr drei Monate<\/span><\/li>\n<li><span style=\"color: #555555; font-size: 14.4px;\">Geeignet f\u00fcr T\u00f6pfe mit einem Durchmesser von 8,5 cm (Grundfl\u00e4che)<\/span><\/li>\n<li><span style=\"color: #555555; font-size: 14.4px;\">12 Pads enthalten<\/span><\/li>\n<\/ul>\n<p><strong>Gr\u00f6\u00dfe<\/strong> LxBxH: 37,2 x 13,8 x 13,8 cm<\/p>\n<p><strong>Gewicht:<\/strong> 1,08 kg<\/p>\n<p>[\/section]<\/p>\n","protected":false},"excerpt":{"rendered":"<ul>\n<li>H\u00e4lt Kr\u00e4uter l\u00e4nger frisch!<\/li>\n<li>F\u00fcr 3 Kr\u00e4utertopfe<\/li>\n<\/ul>\n","protected":false},"featured_media":16881,"comment_status":"closed","ping_status":"open","template":"","meta":[],"product_brand":[],"product_cat":[224,199],"product_tag":[],"class_list":{"0":"post-15569","1":"product","2":"type-product","3":"status-publish","4":"has-post-thumbnail","6":"product_cat-aufbewahrung","7":"product_cat-kuchenhelfer","9":"first","10":"instock","11":"taxable","12":"shipping-taxable","13":"purchasable","14":"product-type-simple"},"_links":{"self":[{"href":"https:\/\/ebay.luba.de\/index.php\/wp-json\/wp\/v2\/product\/15569","targetHints":{"allow":["GET"]}}],"collection":[{"href":"https:\/\/ebay.luba.de\/index.php\/wp-json\/wp\/v2\/product"}],"about":[{"href":"https:\/\/ebay.luba.de\/index.php\/wp-json\/wp\/v2\/types\/product"}],"replies":[{"embeddable":true,"href":"https:\/\/ebay.luba.de\/index.php\/wp-json\/wp\/v2\/comments?post=15569"}],"wp:featuredmedia":[{"embeddable":true,"href":"https:\/\/ebay.luba.de\/index.php\/wp-json\/wp\/v2\/media\/16881"}],"wp:attachment":[{"href":"https:\/\/ebay.luba.de\/index.php\/wp-json\/wp\/v2\/media?parent=15569"}],"wp:term":[{"taxonomy":"product_brand","embeddable":true,"href":"https:\/\/ebay.luba.de\/index.php\/wp-json\/wp\/v2\/product_brand?post=15569"},{"taxonomy":"product_cat","embeddable":true,"href":"https:\/\/ebay.luba.de\/index.php\/wp-json\/wp\/v2\/product_cat?post=15569"},{"taxonomy":"product_tag","embeddable":true,"href":"https:\/\/ebay.luba.de\/index.php\/wp-json\/wp\/v2\/product_tag?post=15569"}],"curies":[{"name":"wp","href":"https:\/\/api.w.org\/{rel}","templated":true}]}}