{"id":15561,"date":"2020-12-06T16:06:08","date_gmt":"2020-12-06T16:06:08","guid":{"rendered":"https:\/\/ebay.luba.de\/index.php\/product\/fus-fur-brod-taylor-garautomat-fp-201\/"},"modified":"2022-11-28T14:09:10","modified_gmt":"2022-11-28T14:09:10","slug":"fus-fur-brod-taylor-garautomat-fp-201","status":"publish","type":"product","link":"https:\/\/ebay.luba.de\/index.php\/product\/fus-fur-brod-taylor-garautomat-fp-201\/","title":{"rendered":"Fu\u00df f\u00fcr Brod &#038; Taylor G\u00e4rautomat (FP-201)"},"content":{"rendered":"","protected":false},"excerpt":{"rendered":"","protected":false},"featured_media":16829,"comment_status":"closed","ping_status":"open","template":"","meta":[],"product_brand":[],"product_cat":[333,229],"product_tag":[],"class_list":{"0":"post-15561","1":"product","2":"type-product","3":"status-publish","4":"has-post-thumbnail","6":"product_cat-brod-taylor","7":"product_cat-ersatzteile","9":"first","10":"instock","11":"taxable","12":"shipping-taxable","13":"purchasable","14":"product-type-simple"},"_links":{"self":[{"href":"https:\/\/ebay.luba.de\/index.php\/wp-json\/wp\/v2\/product\/15561","targetHints":{"allow":["GET"]}}],"collection":[{"href":"https:\/\/ebay.luba.de\/index.php\/wp-json\/wp\/v2\/product"}],"about":[{"href":"https:\/\/ebay.luba.de\/index.php\/wp-json\/wp\/v2\/types\/product"}],"replies":[{"embeddable":true,"href":"https:\/\/ebay.luba.de\/index.php\/wp-json\/wp\/v2\/comments?post=15561"}],"wp:featuredmedia":[{"embeddable":true,"href":"https:\/\/ebay.luba.de\/index.php\/wp-json\/wp\/v2\/media\/16829"}],"wp:attachment":[{"href":"https:\/\/ebay.luba.de\/index.php\/wp-json\/wp\/v2\/media?parent=15561"}],"wp:term":[{"taxonomy":"product_brand","embeddable":true,"href":"https:\/\/ebay.luba.de\/index.php\/wp-json\/wp\/v2\/product_brand?post=15561"},{"taxonomy":"product_cat","embeddable":true,"href":"https:\/\/ebay.luba.de\/index.php\/wp-json\/wp\/v2\/product_cat?post=15561"},{"taxonomy":"product_tag","embeddable":true,"href":"https:\/\/ebay.luba.de\/index.php\/wp-json\/wp\/v2\/product_tag?post=15561"}],"curies":[{"name":"wp","href":"https:\/\/api.w.org\/{rel}","templated":true}]}}