{"id":15560,"date":"2020-12-06T16:06:08","date_gmt":"2020-12-06T16:06:08","guid":{"rendered":"https:\/\/ebay.luba.de\/index.php\/product\/fus-fur-brod-taylor-garautomat-schongarer-fp-205\/"},"modified":"2023-08-24T14:51:07","modified_gmt":"2023-08-24T14:51:07","slug":"fus-fur-brod-taylor-garautomat-schongarer-fp-205","status":"publish","type":"product","link":"https:\/\/ebay.luba.de\/index.php\/product\/fus-fur-brod-taylor-garautomat-schongarer-fp-205\/","title":{"rendered":"Fu\u00df f\u00fcr Brod &#038; Taylor G\u00e4rautomat &#038; Schongarer (FP-205)"},"content":{"rendered":"","protected":false},"excerpt":{"rendered":"","protected":false},"featured_media":16828,"comment_status":"closed","ping_status":"open","template":"","meta":[],"product_brand":[],"product_cat":[333,229],"product_tag":[],"class_list":{"0":"post-15560","1":"product","2":"type-product","3":"status-publish","4":"has-post-thumbnail","6":"product_cat-brod-taylor","7":"product_cat-ersatzteile","9":"first","10":"instock","11":"taxable","12":"shipping-taxable","13":"purchasable","14":"product-type-simple"},"_links":{"self":[{"href":"https:\/\/ebay.luba.de\/index.php\/wp-json\/wp\/v2\/product\/15560","targetHints":{"allow":["GET"]}}],"collection":[{"href":"https:\/\/ebay.luba.de\/index.php\/wp-json\/wp\/v2\/product"}],"about":[{"href":"https:\/\/ebay.luba.de\/index.php\/wp-json\/wp\/v2\/types\/product"}],"replies":[{"embeddable":true,"href":"https:\/\/ebay.luba.de\/index.php\/wp-json\/wp\/v2\/comments?post=15560"}],"wp:featuredmedia":[{"embeddable":true,"href":"https:\/\/ebay.luba.de\/index.php\/wp-json\/wp\/v2\/media\/16828"}],"wp:attachment":[{"href":"https:\/\/ebay.luba.de\/index.php\/wp-json\/wp\/v2\/media?parent=15560"}],"wp:term":[{"taxonomy":"product_brand","embeddable":true,"href":"https:\/\/ebay.luba.de\/index.php\/wp-json\/wp\/v2\/product_brand?post=15560"},{"taxonomy":"product_cat","embeddable":true,"href":"https:\/\/ebay.luba.de\/index.php\/wp-json\/wp\/v2\/product_cat?post=15560"},{"taxonomy":"product_tag","embeddable":true,"href":"https:\/\/ebay.luba.de\/index.php\/wp-json\/wp\/v2\/product_tag?post=15560"}],"curies":[{"name":"wp","href":"https:\/\/api.w.org\/{rel}","templated":true}]}}