{"id":15559,"date":"2020-12-06T16:06:24","date_gmt":"2020-12-06T16:06:24","guid":{"rendered":"https:\/\/ebay.luba.de\/index.php\/product\/dorrfolien-fur-sahara-dorrgerat\/"},"modified":"2023-07-20T07:51:07","modified_gmt":"2023-07-20T07:51:07","slug":"ersatzfilz-fur-krautertopfe","status":"publish","type":"product","link":"https:\/\/ebay.luba.de\/index.php\/product\/ersatzfilz-fur-krautertopfe\/","title":{"rendered":"Ersatzfilz f\u00fcr Kr\u00e4utert\u00f6pfe"},"content":{"rendered":"<h2>Ersatzfilz f\u00fcr Kr\u00e4utert\u00f6pfe 6 St\u00fcck<\/h2>\n<p>Zur Anwendung einfach den Kr\u00e4utertopfbeh\u00e4lter vom Wassergef\u00e4\u00df l\u00f6sen, eine Hydrofilzunterlage nehmen und diese unter den Haltearm innerhalb des Kr\u00e4utertopfbeh\u00e4lters legen. Schieben Sie dann jeden der Fl\u00fcgel durch den entsprechenden Schlitz. Setzen Sie den Kr\u00e4utertopf-Beh\u00e4lter wieder auf das Wassergef\u00e4\u00df und legen Sie Ihr eingetopftes Kraut in den Beh\u00e4lter. F\u00fcllen Sie das Wasser durch den Einf\u00fcllstutzen ein, bis das Wasser den Boden des Kr\u00e4utertopfbeh\u00e4lters erreicht.<\/p>\n","protected":false},"excerpt":{"rendered":"<p>6 St\u00fcck<\/p>\n","protected":false},"featured_media":16876,"comment_status":"closed","ping_status":"open","template":"","meta":[],"product_brand":[],"product_cat":[193],"product_tag":[],"class_list":{"0":"post-15559","1":"product","2":"type-product","3":"status-publish","4":"has-post-thumbnail","6":"product_cat-unkategorisiert","8":"first","9":"instock","10":"taxable","11":"shipping-taxable","12":"purchasable","13":"product-type-simple"},"_links":{"self":[{"href":"https:\/\/ebay.luba.de\/index.php\/wp-json\/wp\/v2\/product\/15559","targetHints":{"allow":["GET"]}}],"collection":[{"href":"https:\/\/ebay.luba.de\/index.php\/wp-json\/wp\/v2\/product"}],"about":[{"href":"https:\/\/ebay.luba.de\/index.php\/wp-json\/wp\/v2\/types\/product"}],"replies":[{"embeddable":true,"href":"https:\/\/ebay.luba.de\/index.php\/wp-json\/wp\/v2\/comments?post=15559"}],"wp:featuredmedia":[{"embeddable":true,"href":"https:\/\/ebay.luba.de\/index.php\/wp-json\/wp\/v2\/media\/16876"}],"wp:attachment":[{"href":"https:\/\/ebay.luba.de\/index.php\/wp-json\/wp\/v2\/media?parent=15559"}],"wp:term":[{"taxonomy":"product_brand","embeddable":true,"href":"https:\/\/ebay.luba.de\/index.php\/wp-json\/wp\/v2\/product_brand?post=15559"},{"taxonomy":"product_cat","embeddable":true,"href":"https:\/\/ebay.luba.de\/index.php\/wp-json\/wp\/v2\/product_cat?post=15559"},{"taxonomy":"product_tag","embeddable":true,"href":"https:\/\/ebay.luba.de\/index.php\/wp-json\/wp\/v2\/product_tag?post=15559"}],"curies":[{"name":"wp","href":"https:\/\/api.w.org\/{rel}","templated":true}]}}