{"id":15556,"date":"2020-12-06T16:06:08","date_gmt":"2020-12-06T16:06:08","guid":{"rendered":"https:\/\/ebay.luba.de\/index.php\/product\/easygreen-automatisches-keimgerat\/"},"modified":"2023-08-15T09:51:06","modified_gmt":"2023-08-15T09:51:06","slug":"easygreen-automatisches-keimgerat","status":"publish","type":"product","link":"https:\/\/ebay.luba.de\/index.php\/product\/easygreen-automatisches-keimgerat\/","title":{"rendered":"Easygreen Automatisches Keimger\u00e4t"},"content":{"rendered":"<h2>Neues automatisches Keimger\u00e4t Easygreen<\/h2>\n<p>Alle Ihre Samen keimen auch in Ihrer Abwesenheit einfacher und schneller als mit einem herk\u00f6mmlichen Keimger\u00e4t.<\/p>\n<p>Abmessungen: 56 * 43 * 15 cm<\/p>\n<p>Sp\u00fclmaschinengeeignet.<\/p>\n<p>Sparsames und effizientes Nebelger\u00e4t, direkter Zugang zu Saatgut.<\/p>\n<p>Easygreen wird betriebsbereit mit 5 gerillten rechteckigen selbstentleerenden Keimschalen geliefert.<\/p>\n<h3>Vollst\u00e4ndige Paketbeschreibung:<\/h3>\n<p>1x EasyGreen \u2122 Basis<br \/>1x Abdeckung<br \/>1x Nebelgenerator<br \/>1x Luftfilter<br \/>1x Vinyl-Drainageschlauch<br \/>1x Anleitung<br \/>1x Zeitschaltuhr<br \/>5x Medium Keimschalen<br \/>2x Wassertank Kappen<br \/>1x externe Entw\u00e4sserungsschraube<br \/>1x Entw\u00e4sserungsanschluss<\/p>\n<p>\u00a0<\/p>\n<p>Keimger\u00e4te sind absolut klasse! Zu sehen wie extrem schnell Lebensmittel herangezogen werden k\u00f6nnen finden nicht nur unsere Kinder erstaunlich, sondern erlauben es auch noch sich viel ges\u00fcnder zu ern\u00e4hren.\u00a0 Gew\u00f6hnliche Keimger\u00e4te haben jedoch Verbesserungsbedarf wo der Easygreen Abhilfe schafft.<\/p>\n<h3>Folgende Punkte h\u00f6ren wir immer wieder bei herk\u00f6mmlichen Keimger\u00e4ten:<\/h3>\n<ul>\n<li>Wegen fehlender Automatikfunktion darf man nicht vergessen die Samen nach Anleitung zu bew\u00e4ssern<\/li>\n<li>Besonders im Sommer kann es vorkommen das die Temperaturen in den herk\u00f6mmlichen Keimger\u00e4ten zu hoch werden.<\/li>\n<li>Wenn man mal mehrere Tage nicht zu Hause ist meist die komplette Ernte ruiniert.<\/li>\n<li>Essgewohnheiten m\u00fcssen an die Erntezeiten angepasst werden.<\/li>\n<li>Besondere Schwierigkeiten beim Keimen bestimmter empfindlicher Samen (z. B. ungesch\u00e4lte Sonnenblumenkerne, Buchweizen etc.)<\/li>\n<li>Vorhandensein von z.B. M\u00fccken oder sogar Schimmelpilzen welche die Ernte ruinieren kann.<\/li>\n<\/ul>\n<p>Das Easygreen Keimger\u00e4t h\u00e4lt die Feuchtigkeit im Ger\u00e4t konstant, und das Bespr\u00fchen und regelm\u00e4\u00dfige Bel\u00fcften der Samen garantiert eine unvergleichliche Frische im Vergleich zu einem herk\u00f6mmlichen manuellen Keimger\u00e4t. Kein anderes Keimger\u00e4t sorgt f\u00fcr solch eine Bel\u00fcftung der Samen und Ableitung der W\u00e4rme, welche beide mit dem Ph\u00e4nomen des Wachstums zusammenh\u00e4ngen.<\/p>\n<p>Die Programmierung erfolgt mit einer simplen Zeitschaltuhr, welche zwischen 5 und 8 mal t\u00e4glich Nebel erzeugt f\u00fcr jeweils 15 bis 20 Minuten. Hierzu wird etwa 2-3 Liter pro Tag ben\u00f6tigt welches weitaus weniger Wasser ist als die Wassermengen, die zum manuellen Sp\u00fclen derselben Samenmenge ben\u00f6tigt wird bei herk\u00f6mmlichen Keimger\u00e4ten. Der Stromverbrauch ist ebenso extrem gering mit gerade einmal 18 Watt pro Tag (bei 2 bis 3 Stunden Nebel Herstellung).<\/p>\n<p><strong>N\u00fctzliche Informationen zur Bedienung<\/strong><\/p>\n<h3>Bei der Verwendung Ihres Keimger\u00e4ts kommt es auf Folgendes an:<\/h3>\n<ul>\n<li>Es sollte t\u00e4glich der Wasserstand im Tank gepr\u00fcft werden.\u00a0 Selbst wenn Sie es jedoch \u00fcber mehrere Tage vergessen kann das Ger\u00e4t keinen Schaden nehmen.\u00a0 Es wurde so konzipiert das es dann jedoch weiterhin f\u00fcr Bel\u00fcftung sorgt.\u00a0 Die t\u00e4gliche \u00dcberpr\u00fcfung vom Wasserstand k\u00f6nnen Sie sich auch sparen indem Sie das automatische F\u00fcllsystem installieren.<\/li>\n<li>Ernten Sie die gekeimten Samen und ersetzen Sie diese durch neue trockene Samen<\/li>\n<li>Reinigen Sie Ihren Easygreen einmal pro Woche mit einem Tuch, sowie eine Tiefenreinigung zwei- oder dreimal im Jahr. Der Easygreen verf\u00fcgt hierf\u00fcr \u00fcber einen automatischen Reinigungszyklus der mit wei\u00dfem Essig durchgef\u00fchrt werden kann.<\/li>\n<\/ul>\n<p>\u00a0<\/p>\n<h3><strong>Allgemeines Funktionsprinzip von Easygreen<\/strong><\/h3>\n<p>Das im 5-Liter-Tank enthaltene Wasser wird durch den Venturi-Effekt angesaugt, der eine energetisierende und sauerstoffhaltige Wirkung hat, sieh folgendes Video hierzu:<br \/>[embedyt] https:\/\/www.youtube.com\/watch?v=MR126w46sEk[\/embedyt]<\/p>\n<p>Das &#8220;k\u00fchle&#8221; Wasser wird mit einem gefilterten Luftstrom vermischt und der hierdurch erzeugte Nebel wird auf der Oberfl\u00e4che der Samen verdampft. Das Abwasser ist mit Enzyminhibitoren beladen und wird daher nicht umgew\u00e4lzt und stattdessen an der Vorderseite des Ger\u00e4ts gesammelt damit Sie es einfach wegkippen k\u00f6nnen.<\/p>\n<h3>Ein Blick auf EasyGreen<\/h3>\n<ul>\n<li>Der Easygreen arbeitet w\u00e4hrend Ihrer Abwesenheit: Die Produktion Ihrer keimenden Samen wird nicht mehr unterbrochen<\/li>\n<li>Dieses Ger\u00e4t wurde entwickelt, um auf einfache Weise eine t\u00e4gliche Portion an gekeimten Samen zu erhalten. Entnehmen Sie einfach die Keimschale mit den fertig gez\u00fcchteten Samen und ersetzen Sie es durch eine neue Keimschale mit neuen Samen.<\/li>\n<li>Fertig gez\u00fcchtete Sprossen haben perfekt sauberes und reines Wasser.\u00a0 W\u00e4hrend der Wachstumsphase geben die Keimlinge Enzyminhibitoren an das Wasser ab welche normale automatische Keimger\u00e4te &#8220;recyceln&#8221;.<\/li>\n<li>Easygreen wird seit 20 Jahren in \u00fcber 32 L\u00e4ndern verkauft und wird sogar auf einer wissenschaftlichen Basis in der Antarktis verwendet!<\/li>\n<li>Das Design vom Easygreen wurde seit der Einf\u00fchrung vom Design gleichgehalten, jedoch hat der Erfinder immer wieder kleine Verbesserungen &#8216;unter der Haube&#8217; durchgef\u00fchrt um den Easygreen zum wohlm\u00f6glich besten Keimger\u00e4t der Welt zu machen.<br \/>Der Easygreen ist sehr effizient und wirtschaftlich zu nutzen.<\/li>\n<\/ul>\n<p>Mit dem Kauf des Easygreen machen Sie eine wichtige Geste, um die Qualit\u00e4t Ihrer t\u00e4glichen Ern\u00e4hrung zu verbessern. Sie konsumieren Lebensmittel, die in Ihrer eigenen K\u00fcche hergestellt werden, mit unvergleichlicher Frische und Vitalit\u00e4t.<\/p>\n<h3><strong>Easygreen im Vergleich zu herk\u00f6mmlichen automatischen Keimger\u00e4ten:<\/strong><\/h3>\n<ul>\n<li>Der Easygreen verwendet keine Pumpe welche unter Druck arbeitet (was Stress auf die Komponenten gibt und kaputt gehen kann), sondern eine Nebelmaschine die das Wasser durch eine nat\u00fcrliche Spiralbewegung ansaugt (siehe Video oben) und so die subtile Qualit\u00e4t des Wassers verbessert.<\/li>\n<li>In einem herk\u00f6mmlichen automatischem Keimger\u00e4t sitzt der Motor unter dem Wassertank was das Wasser erw\u00e4rmt und zu Keimbildung f\u00fchren kann. Das umw\u00e4lzen des Wassers erw\u00e4rmt ebenso die Wassertemperatur.\u00a0 Je w\u00e4rmer das Bew\u00e4sserungswasser ist, desto st\u00e4rker wird die Entwicklung von Schimmel oder F\u00e4ulnis beg\u00fcnstigt.\u00a0 Der Motor der Nebelmaschine im Easygreen befindet sich deswegen nicht in der n\u00e4he vom Tank. Dar\u00fcber hinaus senkt das Spr\u00fchprinzip vom Easygreen die Wassertemperatur, wodurch die Samen aufgefrischt werden.<\/li>\n<li>Easygreen verwendet f\u00fcr jede Bew\u00e4sserung frisches Wasser und kein recyceltes Wasser. Die Samen setzen w\u00e4hrend der Keimung Enzyminhibitoren frei und es ist wichtig, dass diese unerw\u00fcnschten Substanzen nicht wieder in den Kreislauf gebracht werden. Das Abwasser sollte daher nicht zum bew\u00e4ssern von Blumen verwendet werden!<\/li>\n<li>Die gekeimten Samen werden 6 bis 8 Mal t\u00e4glich bel\u00fcftet. Die Bel\u00fcftung der Samen ist ein grundlegender Punkt, der es ihnen erm\u00f6glicht, unter den besten Bedingungen zu atmen und die durch den Keimungsprozess freigesetzte W\u00e4rme abzuleiten. Das Fehlen einer Bel\u00fcftung erleichtert das Auftreten von Schimmel.<\/li>\n<li>Der Easygreen verf\u00fcgt \u00fcber ein automatisches Reinigungssystem f\u00fcr das Geh\u00e4use<\/li>\n<li>Die Wurzeln der gekeimten Samen bleiben in den herausnehmbaren Keimschalen eingeschlossen, welche leicht zu reinigen sind.<\/li>\n<\/ul>\n<p>[section bg_color=&#8221;rgb(241, 255, 238)&#8221;]<\/p>\n<h3><strong>Hauptmerkmale des Easygreen in 9 Punkten<\/strong><\/h3>\n<p>[row label=&#8221;Punkt 1&#8243;]<\/p>\n<p>[col span=&#8221;8&#8243; span__sm=&#8221;12&#8243;]<\/p>\n<p>1. Die Samen erzeugen w\u00e4hrend der Keimung W\u00e4rme. Sie m\u00fcssen bel\u00fcftet und gek\u00fchlt werden, um die Entwicklung von Schimmel oder Bakterien zu vermeiden. EasyGreen verwendet eine patentierte Technologie, die das Aufbringen von Frischluft- und Wassertropfen auf die Oberfl\u00e4che der Samen erm\u00f6glicht und so deren Bel\u00fcftung und Bew\u00e4sserung gew\u00e4hrleistet. Die Samen brauchen n\u00e4mlich nur wenig Wasser, aber viel Luft. Herk\u00f6mmliche Keimger\u00e4te liefern viel Wasser, erlauben jedoch h\u00e4ufig keine regelm\u00e4\u00dfige Erneuerung der Luft im Wachstumsgeh\u00e4use.<\/p>\n<p>[\/col]<br \/>\n[col span=&#8221;4&#8243; span__sm=&#8221;12&#8243;]<\/p>\n<p>[ux_image id=&#8221;10611&#8243;]<\/p>\n<p>[\/col]<\/p>\n<p>[\/row]<br \/>\n[row label=&#8221;Punkt 2&#8243;]<\/p>\n<p>[col span=&#8221;8&#8243; span__sm=&#8221;12&#8243;]<\/p>\n<p>2. Die in den Samen enthaltenen Wachstumsinhibitoren sind nat\u00fcrliche Abwehrstoffe gegen Krankheiten und Insekten. Diese Inhibitoren werden beim Gie\u00dfen der Samen ins Wasser freigesetzt. EasyGreen verwendet frisches, sauberes sowie energiegeladenes Wasser. Es ist wichtig zu beachten, dass gekeimten Samen 80% Wasser enthalten, daher ist es wichtig, qualitativ hochwertiges Wasser zu verwenden. Das gesamte vom EasyGreen verwendete Wasser landet in ein Abwassertank und wird nicht wieder verwendet.<\/p>\n<p>[\/col]<br \/>\n[col span=&#8221;4&#8243; span__sm=&#8221;12&#8243;]<\/p>\n<p>[ux_image id=&#8221;10607&#8243;]<\/p>\n<p>[\/col]<\/p>\n<p>[\/row]<br \/>\n[row label=&#8221;Punkt 3&#8243;]<\/p>\n<p>[col span=&#8221;8&#8243; span__sm=&#8221;12&#8243;]<\/p>\n<p>3. Die Kontrolle der Luftfeuchtigkeit ist f\u00fcr die Vitalit\u00e4t Ihrer gekeimten Samen von entscheidender Bedeutung. EasyGreen verwendet eine Zeitschaltuhr mit 96 Positionen, mit dem der Benutzer sein Keimger\u00e4t an das lokale Klima anpassen kann.<\/p>\n<p>[\/col]<\/p>\n<p>[\/row]<br \/>\n[row label=&#8221;Punkt 4&#8243;]<\/p>\n<p>[col span=&#8221;8&#8243; span__sm=&#8221;12&#8243;]<\/p>\n<p>4. Mit dem EasyGreen-Tank k\u00f6nnen Sie sogar organische N\u00e4hrl\u00f6sungen wie z. B. fl\u00fcssige Seetangalgen am Ende des Weizengraswachstums hinzuf\u00fcgen (wenn das Wurzelnetzwerk der Samen ausreichend entwickelt ist. Sie k\u00f6nnen also w\u00e4hlen, ob Sie Ihr Weizengras mit oder ohne Unterst\u00fctzung anbauen m\u00f6chten.<\/p>\n<p>[\/col]<\/p>\n<p>[\/row]<br \/>\n[row label=&#8221;Punkt 5&#8243;]<\/p>\n<p>[col span=&#8221;8&#8243; span__sm=&#8221;12&#8243;]<\/p>\n<p>5. Dem Wassertank k\u00f6nnen Sie auch L\u00f6sungen wie Kristallessig oder Wasserstoffperoxid hinzuf\u00fcgen um eine automatische desinfizierende Selbstreinigung zu machen.<\/p>\n<p>[\/col]<br \/>\n[col span=&#8221;4&#8243; span__sm=&#8221;12&#8243;]<\/p>\n<p>[ux_image id=&#8221;10605&#8243;]<\/p>\n<p>[\/col]<\/p>\n<p>[\/row]<br \/>\n[row label=&#8221;Punkt 6&#8243;]<\/p>\n<p>[col span=&#8221;8&#8243; span__sm=&#8221;12&#8243;]<\/p>\n<p>6. Herk\u00f6mmliche Keimger\u00e4te erfordern h\u00e4ufig das Einweichen der Samen. Mit dem EasyGreen legen Sie einfach Ihre trockenen Samen in die Keimschalen, das Keimger\u00e4t k\u00fcmmert sich um alles ganz von selbst: Einweichen, Sp\u00fclen, Bespr\u00fchen, Sauerstoffanreicherung, Bel\u00fcftung und Sammeln des Abwassers erfolgen auf einfache und automatische Weise.<\/p>\n<p>[\/col]<\/p>\n<p>[\/row]<br \/>\n[row label=&#8221;Punkt 7&#8243;]<\/p>\n<p>[col span=&#8221;8&#8243; span__sm=&#8221;12&#8243;]<\/p>\n<p>7. Easygreen verwendet eine Technologie zur Dynamisierung und Sauerstoffanreicherung vom Wasser, indem die erforderlichen Wasserproben durch Venturi-Effekt entnommen werden. Das Wasser steigt in einer hyperbolischen trichterf\u00f6rmigen Leitung auf und bildet einen Wirbel. \u00dcber den qualitativen Aspekt hinaus gew\u00e4hrleistet dieser Prozess, der mit der Feinheit des Spr\u00fchens (Tr\u00f6pfchen von 6 Mikrometern) verbunden ist, eine schnellere Keimung von 15 bis 40% im Vergleich zu herk\u00f6mmlichen Verfahren.<\/p>\n<p>[\/col]<\/p>\n<p>[\/row]<br \/>\n[row label=&#8221;Punkt 8&#8243;]<\/p>\n<p>[col span=&#8221;8&#8243; span__sm=&#8221;12&#8243;]<\/p>\n<p>8. In die Keimschalen k\u00f6nnen Sie auf Wunsch ein Substrat einlegen, beispielsweise f\u00fcr Weizengras oder Sonnenblumen.<\/p>\n<p>[\/col]<\/p>\n<p>[\/row]<br \/>\n[row label=&#8221;Punkt 9&#8243;]<\/p>\n<p>[col span=&#8221;8&#8243; span__sm=&#8221;12&#8243;]<\/p>\n<p>9. Easygreen ist vielseitig und kann Samen, junge Triebe oder Gerste oder Weizengras keimen lassen.<\/p>\n<p>[\/col]<\/p>\n<p>[\/row]<\/p>\n<p>[\/section]<\/p>\n<h3>\u00a0<\/h3>\n<h3>Vergleichtstest:<\/h3>\n<p>Dieselben Samen wurden am selben Tag im selben Raum und unter denselben Bedingungen platziert in:<\/p>\n<p>[row]<\/p>\n<p>[col span=&#8221;8&#8243; span__sm=&#8221;12&#8243;]<\/p>\n<ul>\n<li><strong>linkes Bild:<\/strong> Easygreen, wo die Samen 8 Mal am Tag automatisch mit Wasser bespr\u00fcht wurden.<\/li>\n<li><strong>rechtes Bild:<\/strong> ein \u201cklassischer\u201d manueller Keimapparat, der 3 Tage lang zweimal t\u00e4glich von Hand gesp\u00fclt wurde<\/li>\n<\/ul>\n<p>[\/col]<br \/>\n[col span=&#8221;4&#8243; span__sm=&#8221;12&#8243;]<\/p>\n<p>[ux_image id=&#8221;10617&#8243;]<\/p>\n<p>[\/col]<\/p>\n<p>[\/row]<\/p>\n<p>Nicht nur das Wachstum beim Easygreen ist beachtenswert; der Geschmack ist auch wesentlich besser!<\/p>\n<p>Mit dem Easygreen k\u00f6nnen Sie Lebensmittel zu Hause mit unvergleichbarer Frische, Vitalit\u00e4t und N\u00e4hrstoffreichtum schnell und M\u00fchelos an z\u00fcchten. Ideal f\u00fcr Rohkost liebhaber, wenn Sie auf Nahrungserg\u00e4nzungsmittel verzichten wollen oder einfach nur ges\u00fcnder Leben wollen.<\/p>\n<p>Nicht nur Zuhause ist der Easygreen beliebt\u00a0 Easygreen-Keimger\u00e4te r\u00fcsten die neuen Module der wissenschaftlichen Basis von British Antartic Suvey in der Antarktis aus und versorgen so Forscher t\u00e4glich mit frischen Lebensmitteln.<\/p>\n<p><img loading=\"lazy\" decoding=\"async\" class=\"alignnone size-medium wp-image-10345\" style=\"color: #ed1c24; font-size: 14.4px;\" src=\"https:\/\/ebay.luba.de\/wp-content\/uploads\/2020\/11\/module_antartique.jpg\" alt=\"\" width=\"336\" height=\"224\" \/><br \/>Foto: Copyright Richard Burt<\/p>\n<p>LUBA freut sich dieses clevere Keimger\u00e4t in Europa zu vertreiben.<\/p>\n<p>Abmessungen: 43 * 56 * 18 cm<\/p>\n<p>In Bezug auf das vom Easygreen verwendete Prinzip der Revitalisierung von Wasser durch Wirbel k\u00f6nnen Sie sich das Video &#8220;<a href=\"http:\/\/www.dailymotion.com\/video\/x7pi4a_les-maitres-de-l-eau-2_tech\">Die Meister des Wassers<\/a>&#8221; (2\/2) anschauen, das auf dem ARTE-Kanal ausgestrahlt wurde und an die Arbeit des Forschers Victor Schauberger ansetzt.<\/p>\n<p><img loading=\"lazy\" decoding=\"async\" class=\"alignnone size-medium wp-image-10351\" style=\"color: #333333; font-size: 14.4px;\" src=\"https:\/\/ebay.luba.de\/wp-content\/uploads\/2020\/11\/spirale_verte_bas.jpg\" alt=\"\" width=\"800\" height=\"188\" \/><\/p>\n","protected":false},"excerpt":{"rendered":"<p>Neues automatisches Keimger\u00e4t Easygreen Alle Ihre Samen keimen auch in Ihrer Abwesenheit einfacher und schneller als mit einem herk\u00f6mmlichen Keimger\u00e4t. Abmessungen: 56 * 43 * 15 cm Sp\u00fclmaschinengeeignet. Sparsames und effizientes Nebelger\u00e4t, direkter Zugang zu Saatgut. Easygreen wird betriebsbereit mit 5 gerillten rechteckigen selbstentleerenden Keimschalen geliefert. Vollst\u00e4ndige Paketbeschreibung: 1x EasyGreen \u2122 Basis1x Abdeckung1x Nebelgenerator1x Luftfilter1x [&hellip;]<\/p>\n","protected":false},"featured_media":16817,"comment_status":"closed","ping_status":"open","template":"","meta":[],"product_brand":[],"product_cat":[351,202],"product_tag":[],"class_list":{"0":"post-15556","1":"product","2":"type-product","3":"status-publish","4":"has-post-thumbnail","6":"product_cat-keimgerate-kuchengerate-elektro","7":"product_cat-kuchengerate-elektro","9":"first","10":"instock","11":"taxable","12":"shipping-taxable","13":"purchasable","14":"product-type-simple"},"_links":{"self":[{"href":"https:\/\/ebay.luba.de\/index.php\/wp-json\/wp\/v2\/product\/15556","targetHints":{"allow":["GET"]}}],"collection":[{"href":"https:\/\/ebay.luba.de\/index.php\/wp-json\/wp\/v2\/product"}],"about":[{"href":"https:\/\/ebay.luba.de\/index.php\/wp-json\/wp\/v2\/types\/product"}],"replies":[{"embeddable":true,"href":"https:\/\/ebay.luba.de\/index.php\/wp-json\/wp\/v2\/comments?post=15556"}],"wp:featuredmedia":[{"embeddable":true,"href":"https:\/\/ebay.luba.de\/index.php\/wp-json\/wp\/v2\/media\/16817"}],"wp:attachment":[{"href":"https:\/\/ebay.luba.de\/index.php\/wp-json\/wp\/v2\/media?parent=15556"}],"wp:term":[{"taxonomy":"product_brand","embeddable":true,"href":"https:\/\/ebay.luba.de\/index.php\/wp-json\/wp\/v2\/product_brand?post=15556"},{"taxonomy":"product_cat","embeddable":true,"href":"https:\/\/ebay.luba.de\/index.php\/wp-json\/wp\/v2\/product_cat?post=15556"},{"taxonomy":"product_tag","embeddable":true,"href":"https:\/\/ebay.luba.de\/index.php\/wp-json\/wp\/v2\/product_tag?post=15556"}],"curies":[{"name":"wp","href":"https:\/\/api.w.org\/{rel}","templated":true}]}}