{"id":15545,"date":"2020-12-06T16:05:43","date_gmt":"2020-12-06T16:05:43","guid":{"rendered":"https:\/\/ebay.luba.de\/index.php\/product\/gesichtsschutzschild-vabon-safety\/"},"modified":"2022-11-28T14:10:01","modified_gmt":"2022-11-28T14:10:01","slug":"gesichtsschutzschild-vabon-safety","status":"publish","type":"product","link":"https:\/\/ebay.luba.de\/index.php\/product\/gesichtsschutzschild-vabon-safety\/","title":{"rendered":"Gesichtsschutzschild Vabon Safety"},"content":{"rendered":"<p>[ux_banner label=&#8221;Header Banner&#8221; bg=&#8221;5648&#8243; bg_color=&#8221;rgb(255, 255, 255)&#8221;]<\/p>\n<p>[text_box text_color=&#8221;dark&#8221; width=&#8221;54&#8243; width__sm=&#8221;60&#8243; position_x=&#8221;5&#8243; position_y=&#8221;50&#8243; text_align=&#8221;left&#8221;]<\/p>\n<h2 align=\"LEFT\">Gesichtsschutzschild Vabon Safety<\/h2>\n<h3 align=\"LEFT\">SCH\u00dcTZEN SIE IHRE MITARBEITER<\/h3>\n<p><span style=\"color: #333333;\">HOCHWERTIG VERARBEITET F\u00dcR OPTIMALEN SCHUTZ<\/span><\/p>\n<p>[\/text_box]<\/p>\n<p>[\/ux_banner]<br \/>\n[row]<\/p>\n<p>[col span=&#8221;8&#8243; span__sm=&#8221;12&#8243;]<\/p>\n<p>Das Gesichtsschutzschild Vabon Safety dient der Abschirmung vor \u00e4u\u00dferen Einwirkungen durch z.B. Schmutz, Partikel, Tr\u00f6pfchen, Spritzern. Das Gesichtsschutzschild Vabon Safety ist ein Artikel der aufgrund des aktuellen hohen Bedarfs in K\u00fcrze entwickelt wurde. Alle verwendeten Teile\/Artikel sind REACH konform, werden im Arbeitsschutzbereich oder Kopfbedeckungsbereich bereits seit vielen Jahre eingesetzt und haben sich bestens bew\u00e4hrt.<\/p>\n<h4>Schu\u0308tzen Sie sich und ihre Mitarbeiter langfristig &#8211; mit einem professionellen Gesichtsschutz.<\/h4>\n<p>Nachhaltig, wiederverwendbar, einfach zu reinigen und f\u00fcr jede Kopfgr\u00f6\u00dfe einstellbar geh\u00f6rt der Gesichtsschutz zur unvermeidbaren Ausstattung eines jeden Mitarbeiters mit Kundenkontakt.<\/p>\n<h4>HOCHWERTIG VERARBEITET F\u00dcR OPTIMALEN SCHUTZ<\/h4>\n<p>Gesichtsschutz Made in Germany, in professioneller Qualit\u00e4t und mit hohem Tragekomfort, fu\u0308r ihre Mitarbeiter oder ihre Kunden. Auch bei diesem Produkt liegt uns Qualit\u00e4t wie immer am Herzen.<\/p>\n<h4>GR\u00d6SSEN ANPASSBAR<\/h4>\n<p>Jeder Kopf ist anders, daher ist eine variable Anpassung der Gr\u00f6\u00dfe unabdingbar und wichtig fu\u0308r die Langzeitnutzung.<\/p>\n<p>Der Hersteller gibt gleichwohl keine Garantie auf Eigenschaften irgendeiner Art, (mangels spezifischer Langzeit-Tests).<\/p>\n<p>Der Anwender hat eigenverantwortlich dieses Produkt auf seine Verwendbarkeit zu pr\u00fcfen.<\/p>\n<p>[\/col]<br \/>\n[col span=&#8221;4&#8243; span__sm=&#8221;12&#8243;]<\/p>\n<p>[ux_image id=&#8221;5652&#8243;]<\/p>\n<p>[ux_image id=&#8221;5650&#8243;]<\/p>\n<p>[\/col]<\/p>\n<p>[\/row]<br \/>\n[row col_bg=&#8221;rgba(18, 171, 201, 0.21)&#8221; v_align=&#8221;equal&#8221; padding=&#8221;10px 10px 10px 10px&#8221;]<\/p>\n<p>[col span=&#8221;6&#8243; span__sm=&#8221;12&#8243;]<\/p>\n<h4 align=\"LEFT\">Vorteile<\/h4>\n<ul>\n<li>Visier Glasklar, durch Druckkn\u00f6pfe abnehmbar.<\/li>\n<li>Hochwertiges Mikrofaser Schwei\u00dfband im Stirnbereich.<\/li>\n<li>Variabel einstellbar, daher hohe Passgenauigkeit.<\/li>\n<li>Auf alle g\u00e4ngigen Kopfgr\u00f6\u00dfen einstellbar.<\/li>\n<li>Der Artikel ist ein Leichtgewicht nur ca. 140 Gramm.<\/li>\n<li>Schwei\u00dfband und Scheibe innerhalb von Sekunden austauschbar.<\/li>\n<li>Abwaschbar<\/li>\n<li>Auch f\u00fcr Brillentr\u00e4ger bestens geeignet.<\/li>\n<li>Tragbar mit und ohne zus\u00e4tzlichen Mundschutz.<\/li>\n<\/ul>\n<p>[\/col]<br \/>\n[col span=&#8221;6&#8243; span__sm=&#8221;12&#8243;]<\/p>\n<h4>FAQ<\/h4>\n<ul>\n<li><strong>Aus welchem Material besteht der Kopfgurt:<\/strong> PE Material 1,2 mm (Polyethylen)<\/li>\n<li><strong>Aus welchem Material besteht das Schild:<\/strong> Macrolon glasklar, 1mm St\u00e4rke<\/li>\n<li><strong>Aus welchem Material besteht das Schwei\u00dfband:<\/strong> Mikrofaser und PU Schaum FRB 3003 EU \/ hergestellt in EU<\/li>\n<li><strong>Mit welchen Mitteln abwaschbar:<\/strong> z.B. mit Geschirrsp\u00fclmittel, Seife, Glasreiniger etc. (keine Scheuermittel, kein Spiritus, kein Benzin, keine Nitroverd\u00fcnnung etc).<\/li>\n<li><strong>F\u00fcr Brillentr\u00e4ger geeignet:<\/strong> aber ja, bestens, warum nicht? Abstand zwischen Scheibe und Gesicht ist ausreichend f\u00fcr Brillentr\u00e4ger.<\/li>\n<\/ul>\n<p>[\/col]<\/p>\n<p>[\/row]<br \/>\n[row]<\/p>\n<p>[col span=&#8221;3&#8243; span__sm=&#8221;6&#8243;]<\/p>\n<p>[ux_image id=&#8221;5654&#8243;]<\/p>\n<p>[\/col]<br \/>\n[col span=&#8221;3&#8243; span__sm=&#8221;6&#8243;]<\/p>\n<p>[ux_image id=&#8221;5658&#8243;]<\/p>\n<p>[\/col]<br \/>\n[col span=&#8221;3&#8243; span__sm=&#8221;6&#8243;]<\/p>\n<p>[ux_image id=&#8221;5660&#8243;]<\/p>\n<p>[\/col]<br \/>\n[col span=&#8221;3&#8243; span__sm=&#8221;6&#8243;]<\/p>\n<p>[ux_image id=&#8221;5656&#8243;]<\/p>\n<p>[\/col]<\/p>\n<p>[\/row]<\/p>\n","protected":false},"excerpt":{"rendered":"<p align=\"LEFT\">Das Gesichtsschutzschild Vabon Safety dient der Abschirmung vor \u00e4u\u00dferen Einwirkungen durch z.B. Schmutz, Partikel, Tr\u00f6pfchen, Spritzern.<\/p>\n<p align=\"LEFT\">Gesichtsschutz Made in Germany, in professioneller Qualit\u00e4t und mit hohem Tragekomfort, fu\u0308r ihre Mitarbeiter oder ihre Kunden. Auch bei diesem Produkt liegt uns Qualit\u00e4t wie immer am Herzen.<\/p>\n","protected":false},"featured_media":16786,"comment_status":"closed","ping_status":"open","template":"","meta":[],"product_brand":[],"product_cat":[193],"product_tag":[],"class_list":{"0":"post-15545","1":"product","2":"type-product","3":"status-publish","4":"has-post-thumbnail","6":"product_cat-unkategorisiert","8":"first","9":"instock","10":"taxable","11":"shipping-taxable","12":"purchasable","13":"product-type-simple"},"_links":{"self":[{"href":"https:\/\/ebay.luba.de\/index.php\/wp-json\/wp\/v2\/product\/15545","targetHints":{"allow":["GET"]}}],"collection":[{"href":"https:\/\/ebay.luba.de\/index.php\/wp-json\/wp\/v2\/product"}],"about":[{"href":"https:\/\/ebay.luba.de\/index.php\/wp-json\/wp\/v2\/types\/product"}],"replies":[{"embeddable":true,"href":"https:\/\/ebay.luba.de\/index.php\/wp-json\/wp\/v2\/comments?post=15545"}],"wp:featuredmedia":[{"embeddable":true,"href":"https:\/\/ebay.luba.de\/index.php\/wp-json\/wp\/v2\/media\/16786"}],"wp:attachment":[{"href":"https:\/\/ebay.luba.de\/index.php\/wp-json\/wp\/v2\/media?parent=15545"}],"wp:term":[{"taxonomy":"product_brand","embeddable":true,"href":"https:\/\/ebay.luba.de\/index.php\/wp-json\/wp\/v2\/product_brand?post=15545"},{"taxonomy":"product_cat","embeddable":true,"href":"https:\/\/ebay.luba.de\/index.php\/wp-json\/wp\/v2\/product_cat?post=15545"},{"taxonomy":"product_tag","embeddable":true,"href":"https:\/\/ebay.luba.de\/index.php\/wp-json\/wp\/v2\/product_tag?post=15545"}],"curies":[{"name":"wp","href":"https:\/\/api.w.org\/{rel}","templated":true}]}}