{"id":15512,"date":"2020-12-06T16:05:30","date_gmt":"2020-12-06T16:05:30","guid":{"rendered":"https:\/\/ebay.luba.de\/index.php\/product\/ruhrschussel-2-liter-grun-transluzent\/"},"modified":"2023-09-26T06:51:10","modified_gmt":"2023-09-26T06:51:10","slug":"ruhrschussel-2-liter-grun-transluzent","status":"publish","type":"product","link":"https:\/\/ebay.luba.de\/index.php\/product\/ruhrschussel-2-liter-grun-transluzent\/","title":{"rendered":"R\u00fchrsch\u00fcssel 2 Liter gr\u00fcn transluzent"},"content":{"rendered":"","protected":false},"excerpt":{"rendered":"","protected":false},"featured_media":0,"comment_status":"closed","ping_status":"open","template":"","meta":[],"product_brand":[],"product_cat":[226,199,340],"product_tag":[],"class_list":{"0":"post-15512","1":"product","2":"type-product","3":"status-publish","5":"product_cat-backen","6":"product_cat-kuchenhelfer","7":"product_cat-schussel-backen","9":"first","10":"outofstock","11":"taxable","12":"shipping-taxable","13":"purchasable","14":"product-type-simple"},"_links":{"self":[{"href":"https:\/\/ebay.luba.de\/index.php\/wp-json\/wp\/v2\/product\/15512","targetHints":{"allow":["GET"]}}],"collection":[{"href":"https:\/\/ebay.luba.de\/index.php\/wp-json\/wp\/v2\/product"}],"about":[{"href":"https:\/\/ebay.luba.de\/index.php\/wp-json\/wp\/v2\/types\/product"}],"replies":[{"embeddable":true,"href":"https:\/\/ebay.luba.de\/index.php\/wp-json\/wp\/v2\/comments?post=15512"}],"wp:attachment":[{"href":"https:\/\/ebay.luba.de\/index.php\/wp-json\/wp\/v2\/media?parent=15512"}],"wp:term":[{"taxonomy":"product_brand","embeddable":true,"href":"https:\/\/ebay.luba.de\/index.php\/wp-json\/wp\/v2\/product_brand?post=15512"},{"taxonomy":"product_cat","embeddable":true,"href":"https:\/\/ebay.luba.de\/index.php\/wp-json\/wp\/v2\/product_cat?post=15512"},{"taxonomy":"product_tag","embeddable":true,"href":"https:\/\/ebay.luba.de\/index.php\/wp-json\/wp\/v2\/product_tag?post=15512"}],"curies":[{"name":"wp","href":"https:\/\/api.w.org\/{rel}","templated":true}]}}