{"id":15455,"date":"2020-12-06T16:04:37","date_gmt":"2020-12-06T16:04:37","guid":{"rendered":"https:\/\/ebay.luba.de\/index.php\/product\/wurstfull-vorsatz-grose-5e-3-4-zoll-rostfrei\/"},"modified":"2023-02-02T12:25:05","modified_gmt":"2023-02-02T12:25:05","slug":"wurstfull-vorsatz-grose-5e-3-4-zoll-rostfrei","status":"publish","type":"product","link":"https:\/\/ebay.luba.de\/index.php\/product\/wurstfull-vorsatz-grose-5e-3-4-zoll-rostfrei\/","title":{"rendered":"Wurstf\u00fcll-Vorsatz, Gr\u00f6\u00dfe 5E, 3\/4 Zoll, rostfrei"},"content":{"rendered":"","protected":false},"excerpt":{"rendered":"","protected":false},"featured_media":16725,"comment_status":"closed","ping_status":"open","template":"","meta":[],"product_brand":[],"product_cat":[314,202,315],"product_tag":[],"class_list":{"0":"post-15455","1":"product","2":"type-product","3":"status-publish","4":"has-post-thumbnail","6":"product_cat-fleischwolf-kuchengerate-elektro","7":"product_cat-kuchengerate-elektro","8":"product_cat-zubehor-fleischwolf-kuchengerate-elektro","10":"first","11":"instock","12":"taxable","13":"shipping-taxable","14":"purchasable","15":"product-type-simple"},"_links":{"self":[{"href":"https:\/\/ebay.luba.de\/index.php\/wp-json\/wp\/v2\/product\/15455","targetHints":{"allow":["GET"]}}],"collection":[{"href":"https:\/\/ebay.luba.de\/index.php\/wp-json\/wp\/v2\/product"}],"about":[{"href":"https:\/\/ebay.luba.de\/index.php\/wp-json\/wp\/v2\/types\/product"}],"replies":[{"embeddable":true,"href":"https:\/\/ebay.luba.de\/index.php\/wp-json\/wp\/v2\/comments?post=15455"}],"wp:featuredmedia":[{"embeddable":true,"href":"https:\/\/ebay.luba.de\/index.php\/wp-json\/wp\/v2\/media\/16725"}],"wp:attachment":[{"href":"https:\/\/ebay.luba.de\/index.php\/wp-json\/wp\/v2\/media?parent=15455"}],"wp:term":[{"taxonomy":"product_brand","embeddable":true,"href":"https:\/\/ebay.luba.de\/index.php\/wp-json\/wp\/v2\/product_brand?post=15455"},{"taxonomy":"product_cat","embeddable":true,"href":"https:\/\/ebay.luba.de\/index.php\/wp-json\/wp\/v2\/product_cat?post=15455"},{"taxonomy":"product_tag","embeddable":true,"href":"https:\/\/ebay.luba.de\/index.php\/wp-json\/wp\/v2\/product_tag?post=15455"}],"curies":[{"name":"wp","href":"https:\/\/api.w.org\/{rel}","templated":true}]}}