{"id":15426,"date":"2020-12-06T16:04:27","date_gmt":"2020-12-06T16:04:27","guid":{"rendered":"https:\/\/ebay.luba.de\/index.php\/product\/ruhrschusselabdeckung-nur-fur-titanium-modelle\/"},"modified":"2022-11-28T14:09:55","modified_gmt":"2022-11-28T14:09:55","slug":"ruhrschusselabdeckung-nur-fur-titanium-modelle","status":"publish","type":"product","link":"https:\/\/ebay.luba.de\/index.php\/product\/ruhrschusselabdeckung-nur-fur-titanium-modelle\/","title":{"rendered":"R\u00fchrsch\u00fcsselabdeckung nur f\u00fcr Titanium Modelle"},"content":{"rendered":"","protected":false},"excerpt":{"rendered":"","protected":false},"featured_media":0,"comment_status":"closed","ping_status":"open","template":"","meta":[],"product_brand":[],"product_cat":[338,202,203],"product_tag":[],"class_list":{"0":"post-15426","1":"product","2":"type-product","3":"status-publish","5":"product_cat-kenwood","6":"product_cat-kuchengerate-elektro","7":"product_cat-kuchenmaschinen-zubehor","9":"first","10":"instock","11":"taxable","12":"shipping-taxable","13":"purchasable","14":"product-type-simple"},"_links":{"self":[{"href":"https:\/\/ebay.luba.de\/index.php\/wp-json\/wp\/v2\/product\/15426","targetHints":{"allow":["GET"]}}],"collection":[{"href":"https:\/\/ebay.luba.de\/index.php\/wp-json\/wp\/v2\/product"}],"about":[{"href":"https:\/\/ebay.luba.de\/index.php\/wp-json\/wp\/v2\/types\/product"}],"replies":[{"embeddable":true,"href":"https:\/\/ebay.luba.de\/index.php\/wp-json\/wp\/v2\/comments?post=15426"}],"wp:attachment":[{"href":"https:\/\/ebay.luba.de\/index.php\/wp-json\/wp\/v2\/media?parent=15426"}],"wp:term":[{"taxonomy":"product_brand","embeddable":true,"href":"https:\/\/ebay.luba.de\/index.php\/wp-json\/wp\/v2\/product_brand?post=15426"},{"taxonomy":"product_cat","embeddable":true,"href":"https:\/\/ebay.luba.de\/index.php\/wp-json\/wp\/v2\/product_cat?post=15426"},{"taxonomy":"product_tag","embeddable":true,"href":"https:\/\/ebay.luba.de\/index.php\/wp-json\/wp\/v2\/product_tag?post=15426"}],"curies":[{"name":"wp","href":"https:\/\/api.w.org\/{rel}","templated":true}]}}