{"id":15406,"date":"2020-12-06T16:04:09","date_gmt":"2020-12-06T16:04:09","guid":{"rendered":"https:\/\/ebay.luba.de\/index.php\/product\/dorrfolie-dunn-t3-250-x-320-mm-fur-sedona-express\/"},"modified":"2022-11-30T13:51:04","modified_gmt":"2022-11-30T13:51:04","slug":"dorrfolie-dunn-t3-250-x-320-mm-fur-sedona-express","status":"publish","type":"product","link":"https:\/\/ebay.luba.de\/index.php\/product\/dorrfolie-dunn-t3-250-x-320-mm-fur-sedona-express\/","title":{"rendered":"D\u00f6rrfolie d\u00fcnn T3 250 x 320 mm f\u00fcr Sedona Express"},"content":{"rendered":"","protected":false},"excerpt":{"rendered":"","protected":false},"featured_media":16675,"comment_status":"closed","ping_status":"open","template":"","meta":[],"product_brand":[],"product_cat":[209,202,210],"product_tag":[],"class_list":{"0":"post-15406","1":"product","2":"type-product","3":"status-publish","4":"has-post-thumbnail","6":"product_cat-dorrgerate","7":"product_cat-kuchengerate-elektro","8":"product_cat-zubehor","10":"first","11":"instock","12":"taxable","13":"shipping-taxable","14":"purchasable","15":"product-type-simple"},"_links":{"self":[{"href":"https:\/\/ebay.luba.de\/index.php\/wp-json\/wp\/v2\/product\/15406","targetHints":{"allow":["GET"]}}],"collection":[{"href":"https:\/\/ebay.luba.de\/index.php\/wp-json\/wp\/v2\/product"}],"about":[{"href":"https:\/\/ebay.luba.de\/index.php\/wp-json\/wp\/v2\/types\/product"}],"replies":[{"embeddable":true,"href":"https:\/\/ebay.luba.de\/index.php\/wp-json\/wp\/v2\/comments?post=15406"}],"wp:featuredmedia":[{"embeddable":true,"href":"https:\/\/ebay.luba.de\/index.php\/wp-json\/wp\/v2\/media\/16675"}],"wp:attachment":[{"href":"https:\/\/ebay.luba.de\/index.php\/wp-json\/wp\/v2\/media?parent=15406"}],"wp:term":[{"taxonomy":"product_brand","embeddable":true,"href":"https:\/\/ebay.luba.de\/index.php\/wp-json\/wp\/v2\/product_brand?post=15406"},{"taxonomy":"product_cat","embeddable":true,"href":"https:\/\/ebay.luba.de\/index.php\/wp-json\/wp\/v2\/product_cat?post=15406"},{"taxonomy":"product_tag","embeddable":true,"href":"https:\/\/ebay.luba.de\/index.php\/wp-json\/wp\/v2\/product_tag?post=15406"}],"curies":[{"name":"wp","href":"https:\/\/api.w.org\/{rel}","templated":true}]}}