{"id":15386,"date":"2020-12-06T16:03:30","date_gmt":"2020-12-06T16:03:30","guid":{"rendered":"https:\/\/ebay.luba.de\/index.php\/product\/abtropf-gestell-fur-3-sprossenglaser-1500-ml\/"},"modified":"2023-07-07T11:51:06","modified_gmt":"2023-07-07T11:51:06","slug":"abtropf-gestell-fur-3-sprossenglaser-1500-ml","status":"publish","type":"product","link":"https:\/\/ebay.luba.de\/index.php\/product\/abtropf-gestell-fur-3-sprossenglaser-1500-ml\/","title":{"rendered":"Abtropf-Gestell f\u00fcr 3 Sprossengl\u00e4ser 1500 ml"},"content":{"rendered":"<p>Abtropfgestell aus Edelstahl zur Verwendung von drei Sprossengl\u00e4sern der Gr\u00f6\u00dfe 1500 ml.<\/p>\n","protected":false},"excerpt":{"rendered":"<p>Abtropfgestell aus Edelstahl zur Verwendung von drei Sprossengl\u00e4sern der Gr\u00f6\u00dfe 1500 ml.<\/p>\n","protected":false},"featured_media":15874,"comment_status":"closed","ping_status":"open","template":"","meta":[],"product_brand":[],"product_cat":[193],"product_tag":[],"class_list":{"0":"post-15386","1":"product","2":"type-product","3":"status-publish","4":"has-post-thumbnail","6":"product_cat-unkategorisiert","8":"first","9":"instock","10":"taxable","11":"shipping-taxable","12":"purchasable","13":"product-type-simple"},"_links":{"self":[{"href":"https:\/\/ebay.luba.de\/index.php\/wp-json\/wp\/v2\/product\/15386","targetHints":{"allow":["GET"]}}],"collection":[{"href":"https:\/\/ebay.luba.de\/index.php\/wp-json\/wp\/v2\/product"}],"about":[{"href":"https:\/\/ebay.luba.de\/index.php\/wp-json\/wp\/v2\/types\/product"}],"replies":[{"embeddable":true,"href":"https:\/\/ebay.luba.de\/index.php\/wp-json\/wp\/v2\/comments?post=15386"}],"wp:featuredmedia":[{"embeddable":true,"href":"https:\/\/ebay.luba.de\/index.php\/wp-json\/wp\/v2\/media\/15874"}],"wp:attachment":[{"href":"https:\/\/ebay.luba.de\/index.php\/wp-json\/wp\/v2\/media?parent=15386"}],"wp:term":[{"taxonomy":"product_brand","embeddable":true,"href":"https:\/\/ebay.luba.de\/index.php\/wp-json\/wp\/v2\/product_brand?post=15386"},{"taxonomy":"product_cat","embeddable":true,"href":"https:\/\/ebay.luba.de\/index.php\/wp-json\/wp\/v2\/product_cat?post=15386"},{"taxonomy":"product_tag","embeddable":true,"href":"https:\/\/ebay.luba.de\/index.php\/wp-json\/wp\/v2\/product_tag?post=15386"}],"curies":[{"name":"wp","href":"https:\/\/api.w.org\/{rel}","templated":true}]}}