{"id":15380,"date":"2020-12-06T16:02:59","date_gmt":"2020-12-06T16:02:59","guid":{"rendered":"https:\/\/ebay.luba.de\/index.php\/product\/salzburger-handmuhle-mh-4-n-granit\/"},"modified":"2023-03-27T08:51:04","modified_gmt":"2023-03-27T08:51:04","slug":"salzburger-handmuhle-mh-4-n-granit","status":"publish","type":"product","link":"https:\/\/ebay.luba.de\/index.php\/product\/salzburger-handmuhle-mh-4-n-granit\/","title":{"rendered":"Salzburger Handm\u00fchle MH 4 N Granit"},"content":{"rendered":"<h1 class=\"fusion-responsive-typography-calculated\" data-fontsize=\"34\" data-lineheight=\"47.6px\">Die Salzburger Hand-Getreidem\u00fchle MH 4<\/h1>\n<ul>\n<li>die stromunabh\u00e4ngige\u00a0Alternative<\/li>\n<li>f\u00fcr schonendstes Mahlen\u00a0des Kornes<\/li>\n<li>zur Vorsorge f\u00fcr Krisenzeiten<\/li>\n<\/ul>\n<p>In vielen sogenannten armen L\u00e4ndern dieser Erde\u00a0 wie Afrika, Brasilien oder Gegenden ohne elektrische Versorgung verrichten unsere Hand-Getreidem\u00fchlen mit Granitmahlstein seit Jahrzehnten gute, zuverl\u00e4ssige\u00a0Arbeit.<\/p>\n<p><strong>Solide gebaut, gut zu befestigen und schnell und einfach zu bedienen<\/strong>\u00a0ist diese Handm\u00fchle eine echte Alternative wenn kein elektrischer Anschluss m\u00f6glich ist. Auf Almen, Booten, Zweitwohnungen und beim Camping etc. ist so jederzeit vollwertiges Mehl und M\u00fcsli verf\u00fcgbar.<\/p>\n<p><strong>Das Geh\u00e4use der Getreidem\u00fchle wird aus hartem, vollen Buchenholz gefertigt.<\/strong>\u00a0Die Holzmahlkammer sorgt daf\u00fcr, dass das Mehl seine wertvollen Inhaltsstoffe unver\u00e4ndert beh\u00e4lt. Alle inneren Holzteile bleiben\u00a0von jeglichen Lacksubstanzen und L\u00f6sungsmitteln verschont damit das Holz die nat\u00fcrliche Atmungs- und Absorbierungsf\u00e4higkeit beibeh\u00e4lt.<br \/>\n<strong>Holz wirkt bekanntlich antistatisch und antibakteriell.<\/strong><\/p>\n<p><strong>Der 12 cm gro\u00dfe, in der Natur abgebaute Granit-Mahlstein<\/strong>\u00a0ist erwiesen langlebig und selbstsch\u00e4rfend.\u00a0<strong>Granit ist Natur-pur<\/strong>\u00a0ohne jedes Bindemittel.<br \/>\nBesonders beim Kauf von Getreide direkt vom Bauern kann es vorkommen, dass sich kleine Verunreinigungen wie zB. kleine Steinchen im Korn befinden. Ohne jedes Problem werden diese von den Granitsteinen zermahlen ohne dass Teile des Steines ausbrechen (lt. unserer Erfahrung ist dies in \u00fcber 35 Jahren nie bei Handm\u00fchlen vorgekommen). Diese nat\u00fcrlichen Mahlseine garantieren somit\u00a0 auch die lange Lebensdauer der M\u00fchle und sch\u00fctzen Ihre Z\u00e4hne.<\/p>\n<p><strong>Besonders f\u00fcr Rohk\u00f6stler ist das Mahlen des Kornes ohne Erw\u00e4rmung von gro\u00dfer Wichtigkeit.<\/strong><br \/>\nSie selbst bestimmen mit Ihrer Kraft\u00a0die Drehzahl des Mahlsteines und sorgen somit f\u00fcr die schonendste Vermahlung des Korns.<\/p>\n<h2 class=\"fusion-responsive-typography-calculated\" data-fontsize=\"28\" data-lineheight=\"42px\">Sollten Sie in gr\u00f6\u00dferen Mengen Getreide per Hand mahlen wollen, dann raten wir Ihnen einen Blick auf die <a href=\"https:\/\/luba.de\/en\/product\/salzburger-handmuehle-mh-8-n-granit\/\">Salzburger Handm\u00fchle MH 8<\/a> zu werfen. Mit dem 20 cm gro\u00dfen Granitstein geht wirklich was weiter!<\/h2>\n<p>&nbsp;<\/p>\n<div class=\"panel-heading\">\n<div class=\"fusion-toggle-heading\">Welche Getreidesorten kann ich mit einer Handm\u00fchle mahlen?<\/div>\n<\/div>\n<div id=\"collapse-2-109732\" class=\"panel-collapse collapse in\">\n<div class=\"panel-body toggle-content post-content\">\n<div class=\"fusion-fullwidth fullwidth-box fusion-builder-row-2-1 nonhundred-percent-fullwidth non-hundred-percent-height-scrolling\">\n<div class=\"fusion-builder-row fusion-row\">\n<div class=\"fusion-layout-column fusion_builder_column fusion-builder-column-5 fusion_builder_column_1_2 1_2 fusion-one-half fusion-column-first\">\n<div class=\"fusion-column-wrapper fusion-flex-column-wrapper-legacy\">\n<div class=\"table-1\">\n<table style=\"width: 16.4136%;\" width=\"100%\">\n<thead>\n<tr>\n<th style=\"width: 8.38756%;\" align=\"left\"><\/th>\n<th style=\"width: 3.97691%;\" align=\"left\"><strong>MH 4<\/strong><\/th>\n<th style=\"width: 3.32609%;\" align=\"left\"><strong>MH 8<\/strong><\/th>\n<\/tr>\n<\/thead>\n<tbody>\n<tr>\n<td style=\"width: 8.38756%;\">Weizen<\/td>\n<td style=\"width: 3.97691%;\">\u2022\u2022\u2022\u2022<\/td>\n<td style=\"width: 3.32609%;\">\u00a0\u2022\u2022\u2022\u2022<\/td>\n<\/tr>\n<tr>\n<td style=\"width: 8.38756%;\">Dinkel<\/td>\n<td style=\"width: 3.97691%;\">\u2022\u2022\u2022\u2022<\/td>\n<td style=\"width: 3.32609%;\">\u2022\u2022\u2022\u2022<\/td>\n<\/tr>\n<tr>\n<td style=\"width: 8.38756%;\">Roggen<\/td>\n<td style=\"width: 3.97691%;\">\u2022\u2022\u2022\u2022<\/td>\n<td style=\"width: 3.32609%;\">\u2022\u2022\u2022\u2022<\/td>\n<\/tr>\n<tr>\n<td style=\"width: 8.38756%;\">Einkorn<\/td>\n<td style=\"width: 3.97691%;\">\u2022\u2022\u2022\u2022<\/td>\n<td style=\"width: 3.32609%;\">\u2022\u2022\u2022\u2022<\/td>\n<\/tr>\n<tr>\n<td style=\"width: 8.38756%;\">Buchweizen<\/td>\n<td style=\"width: 3.97691%;\">\u2022\u2022\u2022\u2022<\/td>\n<td style=\"width: 3.32609%;\">\u2022\u2022\u2022\u2022<\/td>\n<\/tr>\n<tr>\n<td style=\"width: 8.38756%;\">Hafer<\/td>\n<td style=\"width: 3.97691%;\" width=\"64\">X<\/td>\n<td style=\"width: 3.32609%;\">X<\/td>\n<\/tr>\n<tr>\n<td style=\"width: 8.38756%;\">Hirse<\/td>\n<td style=\"width: 3.97691%;\">\u2022\u2022\u2022<\/td>\n<td style=\"width: 3.32609%;\">\u2022\u2022\u2022<\/td>\n<\/tr>\n<tr>\n<td style=\"width: 8.38756%;\">Braunhirse<\/td>\n<td style=\"width: 3.97691%;\">\u2022\u2022\u2022<\/td>\n<td style=\"width: 3.32609%;\">\u2022\u2022\u2022<\/td>\n<\/tr>\n<tr>\n<td style=\"width: 8.38756%;\">Reis<\/td>\n<td style=\"width: 3.97691%;\">\u2022\u2022\u2022\u2022<\/td>\n<td style=\"width: 3.32609%;\">\u2022\u2022\u2022\u2022<\/td>\n<\/tr>\n<tr>\n<td style=\"width: 8.38756%;\">Kamut*<\/td>\n<td style=\"width: 3.97691%;\">X<\/td>\n<td style=\"width: 3.32609%;\">X<\/td>\n<\/tr>\n<tr>\n<td style=\"width: 8.38756%;\">Mais<\/td>\n<td style=\"width: 3.97691%;\">\u2022\u2022\u2022\u2022<\/td>\n<td style=\"width: 3.32609%;\">\u2022\u2022\u2022\u2022<\/td>\n<\/tr>\n<tr>\n<td style=\"width: 8.38756%;\">Soja<\/td>\n<td style=\"width: 3.97691%;\">\u2022\u2022\u2022<\/td>\n<td style=\"width: 3.32609%;\">\u2022<\/td>\n<\/tr>\n<tr>\n<td style=\"width: 8.38756%;\">Quinoa<\/td>\n<td style=\"width: 3.97691%;\">\u2022\u2022\u2022<\/td>\n<td style=\"width: 3.32609%;\">\u2022\u2022\u2022<\/td>\n<\/tr>\n<tr>\n<td style=\"width: 8.38756%;\">Linsen<\/td>\n<td style=\"width: 3.97691%;\">\u2022\u2022\u2022<\/td>\n<td style=\"width: 3.32609%;\">\u2022\u2022\u2022<\/td>\n<\/tr>\n<tr>\n<td style=\"width: 8.38756%;\">Amaranth<\/td>\n<td style=\"width: 3.97691%;\">\u2022\u2022\u2022<\/td>\n<td style=\"width: 3.32609%;\">\u2022\u2022<\/td>\n<\/tr>\n<tr>\n<td style=\"width: 8.38756%;\">Kichererbsen<\/td>\n<td style=\"width: 3.97691%;\">X<\/td>\n<td style=\"width: 3.32609%;\">X<\/td>\n<\/tr>\n<tr>\n<td style=\"width: 8.38756%;\">Erbsen<\/td>\n<td style=\"width: 3.97691%;\">\u2022\u2022\u2022<\/td>\n<td style=\"width: 3.32609%;\">\u2022\u2022\u2022<\/td>\n<\/tr>\n<\/tbody>\n<\/table>\n<\/div>\n<div class=\"fusion-clearfix\"><\/div>\n<\/div>\n<\/div>\n<div class=\"fusion-layout-column fusion_builder_column fusion-builder-column-6 fusion_builder_column_1_2 1_2 fusion-one-half fusion-column-last\">\n<div class=\"fusion-column-wrapper fusion-flex-column-wrapper-legacy\">\n<div class=\"fusion-text fusion-text-6\">\n<div class=\"fusion-text\">\n<p><strong>LEGENDE:<\/strong> \u2022\u2022\u2022\u2022 sehr gut, \u2022\u2022\u2022 gut, \u2013 \u2022\u2022 in kleinen Mengen bis ca. 250 g, \u2022 nicht empfehlenswert, <strong>X<\/strong>\u00a0Sie schaden damit der M\u00fchle<\/p>\n<h2 class=\"fusion-responsive-typography-calculated\" data-fontsize=\"28\" data-lineheight=\"42px\">Was Sie nicht mahlen k\u00f6nnen:<\/h2>\n<\/div>\n<div class=\"fusion-text\">\n<p><strong>Generell k\u00f6nnen keine \u00f6lhaltigen Saaten gemahlen werden wie:\u00a0<\/strong><\/p>\n<ul>\n<li>Leinsamen<\/li>\n<li>Senfk\u00f6rner<\/li>\n<li>Sonnenblumenkerne<\/li>\n<li>Mohn<\/li>\n<li>K\u00fcrbiskerne<\/li>\n<li>N\u00fcsse<\/li>\n<li>Mandeln<\/li>\n<\/ul>\n<\/div>\n<div class=\"fusion-text\">\n<p><strong>Aufgrund der Konsistenz k\u00f6nnen Sie nicht mahlen:<\/strong><\/p>\n<ul>\n<li>Salz<\/li>\n<li>Zucker<\/li>\n<li>Tee<\/li>\n<li>Bl\u00fcten<\/li>\n<li>Bl\u00e4tter<\/li>\n<li>Knospen<\/li>\n<li>Gr\u00e4ser<\/li>\n<li>Sprossen<\/li>\n<li>kleine H\u00f6lzer<\/li>\n<li>getrocknete kleine Fr\u00fcchte und Beeren<\/li>\n<li>Kastanien<\/li>\n<li>diverse Kerne<\/li>\n<\/ul>\n<\/div>\n<div class=\"fusion-text\">\n<p>Es ist\u00a0<strong>nicht empfehlenswert Kaffee zu mahlen<\/strong>. Farbe und Geruch dringt in den Mahlstein ein, die Reinigung ist sehr schwierig. Wenn ausschlie\u00dflich Kaffee gemahlen werden soll setzen Sie sich bitte mit uns in Verbindung<\/p>\n<\/div>\n<\/div>\n<\/div>\n<\/div>\n<\/div>\n<\/div>\n<\/div>\n<\/div>\n","protected":false},"excerpt":{"rendered":"<p>Die Salzburger Hand-Getreidem\u00fchle MH 4 die stromunabh\u00e4ngige\u00a0Alternative f\u00fcr schonendstes Mahlen\u00a0des Kornes zur Vorsorge f\u00fcr Krisenzeiten In vielen sogenannten armen L\u00e4ndern dieser Erde\u00a0 wie Afrika, Brasilien oder Gegenden ohne elektrische Versorgung verrichten unsere Hand-Getreidem\u00fchlen mit Granitmahlstein seit Jahrzehnten gute, zuverl\u00e4ssige\u00a0Arbeit. Solide gebaut, gut zu befestigen und schnell und einfach zu bedienen\u00a0ist diese Handm\u00fchle eine echte Alternative [&hellip;]<\/p>\n","protected":false},"featured_media":16615,"comment_status":"closed","ping_status":"closed","template":"","meta":[],"product_brand":[],"product_cat":[218,231,215],"product_tag":[],"class_list":{"0":"post-15380","1":"product","2":"type-product","3":"status-publish","4":"has-post-thumbnail","6":"product_cat-getreidemuhlen","7":"product_cat-handbetrieben","8":"product_cat-kuchengerate-handbetrieb","10":"first","11":"instock","12":"taxable","13":"shipping-taxable","14":"purchasable","15":"product-type-simple"},"_links":{"self":[{"href":"https:\/\/ebay.luba.de\/index.php\/wp-json\/wp\/v2\/product\/15380","targetHints":{"allow":["GET"]}}],"collection":[{"href":"https:\/\/ebay.luba.de\/index.php\/wp-json\/wp\/v2\/product"}],"about":[{"href":"https:\/\/ebay.luba.de\/index.php\/wp-json\/wp\/v2\/types\/product"}],"replies":[{"embeddable":true,"href":"https:\/\/ebay.luba.de\/index.php\/wp-json\/wp\/v2\/comments?post=15380"}],"wp:featuredmedia":[{"embeddable":true,"href":"https:\/\/ebay.luba.de\/index.php\/wp-json\/wp\/v2\/media\/16615"}],"wp:attachment":[{"href":"https:\/\/ebay.luba.de\/index.php\/wp-json\/wp\/v2\/media?parent=15380"}],"wp:term":[{"taxonomy":"product_brand","embeddable":true,"href":"https:\/\/ebay.luba.de\/index.php\/wp-json\/wp\/v2\/product_brand?post=15380"},{"taxonomy":"product_cat","embeddable":true,"href":"https:\/\/ebay.luba.de\/index.php\/wp-json\/wp\/v2\/product_cat?post=15380"},{"taxonomy":"product_tag","embeddable":true,"href":"https:\/\/ebay.luba.de\/index.php\/wp-json\/wp\/v2\/product_tag?post=15380"}],"curies":[{"name":"wp","href":"https:\/\/api.w.org\/{rel}","templated":true}]}}