{"id":15367,"date":"2020-12-06T16:02:59","date_gmt":"2020-12-06T16:02:59","guid":{"rendered":"https:\/\/ebay.luba.de\/index.php\/product\/excalibur-dorrgerat-9-einschube-analog-26-stunden-timer-klare-tur-4926tcd220fb\/"},"modified":"2023-09-26T06:51:19","modified_gmt":"2023-09-26T06:51:19","slug":"excalibur-dorrgerat-9-einschube-analog-26-stunden-timer-klare-tur-4926tcd220fb","status":"publish","type":"product","link":"https:\/\/ebay.luba.de\/index.php\/product\/excalibur-dorrgerat-9-einschube-analog-26-stunden-timer-klare-tur-4926tcd220fb\/","title":{"rendered":"Excalibur D\u00f6rrger\u00e4t 9 Einsch\u00fcbe, Analog, 26 Stunden Timer, Klare T\u00fcr, 4926TCD220FB"},"content":{"rendered":"<p>\u2713 Neun Einsch\u00fcbe mit einer Kapazit\u00e4t von 1.4 qm<br \/>\n\u2713 Kunststoffschalen messen 38 x 38 cm<br \/>\n\u2713 26-Stunden-Timer<br \/>\n\u2713 Klare T\u00fcr, um den Trocknungsfortschritt leicht zu sehen<br \/>\n\u2713 Einstellbarer Thermostat 40\u00b0 C bis 74\u00b0 C.<br \/>\n\u2713 18cm-L\u00fcfter, 600 Watt f\u00fcr mehr Luftzirkulation<br \/>\n\u2713 Enth\u00e4lt eine Anleitung zur Dehydration<br \/>\n\u2713 5-Jahre Garantie.<br \/>\n\u2713 Hergestellt in den USA<\/p>\n<p>9 Einsch\u00fcbe mit BPA-freien Maschensieben, 1.4 qm Trockenraum, 26-Stunden-Timer, durchsichtige T\u00fcr zur einfachen Beobachtung des Trocknungsfortschritts, einstellbarer Thermostatbereich von 40\u00b0 C bis 74\u00b0 C, 18cm-L\u00fcfter f\u00fcr ausgezeichnete Luftzirkulation. Leicht zu bedienen. Enth\u00e4lt einen Leitfaden zur Dehydrierung, damit Sie lernen k\u00f6nnen, wie man alle Arten von Lebensmitteln dehydriert. Hergestellt in den USA.<\/p>\n<p>Dehydrieren Sie Obst, Gem\u00fcse, N\u00fcsse, Fleisch f\u00fcr D\u00f6rrfleisch, Fruchtp\u00fcree f\u00fcr Frucht-Roll-ups, Heben Sie Brot oder machen Sie selbstgemachten Joghurt. Die perfekten Snacks f\u00fcr Sie und Ihre G\u00e4ste. Excaliburs patentierte Hyperwellentechnologie und horizontale Parallex-Trocknung entfernt Wasser aus Lebensmitteln mit einer kontinuierlichen Zirkulation thermostatisch gesteuerter Warmluft, effizient und benutzerfreundlich.<\/p>\n<p>[row]<\/p>\n<p>[col span__sm=&#8221;12&#8243;]<\/p>\n<h3>Excalibur\u2018s patentierte HYPERWAVE\u2122 Technologie<\/h3>\n<p>[\/col]<br \/>\n[col span=&#8221;6&#8243; span__sm=&#8221;12&#8243;]<\/p>\n<p>Excaliburs patentierte Hyperwave Schwankungstechnologie ver\u00e4ndert die W\u00e4rme w\u00e4hrend des Trocknungszyklus, um die Feuchtigkeit schneller, besser und sicherer zu verdampfen, und zwar fu\u0308r die Trocknung von Obst, Gemu\u0308se und D\u00f6rrfleisch.<\/p>\n<p>[\/col]<br \/>\n[col span=&#8221;6&#8243; span__sm=&#8221;12&#8243;]<\/p>\n<p>[ux_image id=&#8221;10410&#8243;]<\/p>\n<p>[\/col]<\/p>\n<p>[\/row]<br \/>\n[row]<\/p>\n<p>[col span__sm=&#8221;12&#8243;]<\/p>\n<h3>Excalibur trocknet BESSER, SCHNELLER &amp; SICHERER dank unserer HYPERWAVE\u2122 Schwankungstechnologie!<\/h3>\n<p>[\/col]<br \/>\n[col span=&#8221;6&#8243; span__sm=&#8221;12&#8243;]<\/p>\n<p>Gew\u00f6hnliche Dehydratoren erzeugen eine konstante, unver\u00e4nderliche W\u00e4rme, die eine &#8220;H\u00e4rtung&#8221; verursacht, eine trockene Oberfl\u00e4che mit eingeschlossener Feuchtigkeit &#8211; eine perfekte Umgebung fu\u0308r Hefe, Schimmel und Bakterienwachstum.<\/p>\n<p>Excaliburs einstellbarer Thermostat erm\u00f6glicht es Ihnen, die Vorteile der Hyperwellen-Fluktuation (Ver\u00e4nderung der W\u00e4rme w\u00e4hrend des Trocknungszyklus) fu\u0308r schnellere, bessere und sicherere getrocknete Lebensmittel zu nutzen. Wenn die Temperatur nach oben schwankt, verdampft die Oberfl\u00e4chenfeuchtigkeit. Dann, wenn die Temperatur nach unten schwankt, bewegt sich die innere Feuchtigkeit zur trockeneren Oberfl\u00e4che. Die Temperatur der Lebensmittel bleibt NIEDRIG genug, um die Enzyme aktiv zu halten, und die Lufttemperatur wird hoch genug, um die Lebensmittel schnell zu trocknen und Hefe, Schimmel und Bakterienwachstum und -verderb zu vermeiden.<\/p>\n<p>[\/col]<br \/>\n[col span=&#8221;6&#8243; span__sm=&#8221;12&#8243;]<\/p>\n<p>[ux_image id=&#8221;10412&#8243;]<\/p>\n<p>[\/col]<\/p>\n<p>[\/row]<br \/>\n[row]<\/p>\n<p>[col span__sm=&#8221;12&#8243;]<\/p>\n<h3>Parallexx\u00ae Horizontal Airflow Trocknungssystem \u2013 Schnelle, gleichm\u00e4\u00dfige Trocknung.<\/h3>\n<p>[\/col]<br \/>\n[col span=&#8221;6&#8243; span__sm=&#8221;12&#8243;]<\/p>\n<p>Das Gebl\u00e4se, das Heizelement und der Thermostat befinden sich hinten. Ku\u0308hle Luft wird angesaugt, erw\u00e4rmt und gleichm\u00e4\u00dfig u\u0308ber jedes Fach verteilt. Dieses exklusive Design erlaubt ein schnelleres trocknen der Lebensmittel ohne dass die Einschu\u0308be gedreht werden mu\u0308ssen.<\/p>\n<p>[\/col]<br \/>\n[col span=&#8221;6&#8243; span__sm=&#8221;12&#8243;]<\/p>\n<p>[ux_image id=&#8221;10414&#8243;]<\/p>\n<p>[\/col]<\/p>\n<p>[\/row]<\/p>\n","protected":false},"excerpt":{"rendered":"<p>\u2713 Neun Einsch\u00fcbe mit einer Kapazit\u00e4t von 1.4 qm \u2713 Kunststoffschalen messen 38 x 38 cm \u2713 26-Stunden-Timer \u2713 Klare T\u00fcr, um den Trocknungsfortschritt leicht zu sehen \u2713 Einstellbarer Thermostat 40\u00b0 C bis 74\u00b0 C. \u2713 18cm-L\u00fcfter, 600 Watt f\u00fcr mehr Luftzirkulation \u2713 Enth\u00e4lt eine Anleitung zur Dehydration \u2713 5-Jahre Garantie. \u2713 Hergestellt in den [&hellip;]<\/p>\n","protected":false},"featured_media":16595,"comment_status":"closed","ping_status":"open","template":"","meta":[],"product_brand":[],"product_cat":[209,202],"product_tag":[],"class_list":{"0":"post-15367","1":"product","2":"type-product","3":"status-publish","4":"has-post-thumbnail","6":"product_cat-dorrgerate","7":"product_cat-kuchengerate-elektro","9":"first","10":"instock","11":"taxable","12":"shipping-taxable","13":"purchasable","14":"product-type-simple"},"_links":{"self":[{"href":"https:\/\/ebay.luba.de\/index.php\/wp-json\/wp\/v2\/product\/15367","targetHints":{"allow":["GET"]}}],"collection":[{"href":"https:\/\/ebay.luba.de\/index.php\/wp-json\/wp\/v2\/product"}],"about":[{"href":"https:\/\/ebay.luba.de\/index.php\/wp-json\/wp\/v2\/types\/product"}],"replies":[{"embeddable":true,"href":"https:\/\/ebay.luba.de\/index.php\/wp-json\/wp\/v2\/comments?post=15367"}],"wp:featuredmedia":[{"embeddable":true,"href":"https:\/\/ebay.luba.de\/index.php\/wp-json\/wp\/v2\/media\/16595"}],"wp:attachment":[{"href":"https:\/\/ebay.luba.de\/index.php\/wp-json\/wp\/v2\/media?parent=15367"}],"wp:term":[{"taxonomy":"product_brand","embeddable":true,"href":"https:\/\/ebay.luba.de\/index.php\/wp-json\/wp\/v2\/product_brand?post=15367"},{"taxonomy":"product_cat","embeddable":true,"href":"https:\/\/ebay.luba.de\/index.php\/wp-json\/wp\/v2\/product_cat?post=15367"},{"taxonomy":"product_tag","embeddable":true,"href":"https:\/\/ebay.luba.de\/index.php\/wp-json\/wp\/v2\/product_tag?post=15367"}],"curies":[{"name":"wp","href":"https:\/\/api.w.org\/{rel}","templated":true}]}}