{"id":15366,"date":"2020-12-06T16:02:59","date_gmt":"2020-12-06T16:02:59","guid":{"rendered":"https:\/\/ebay.luba.de\/index.php\/product\/excalibur-dorrgerat-res10-10-etagen-digital-99-stunden-timer-klare-tur-res10f\/"},"modified":"2023-09-26T06:51:19","modified_gmt":"2023-09-26T06:51:19","slug":"excalibur-dorrgerat-res10-10-etagen-digital-99-stunden-timer-klare-tur-res10f","status":"publish","type":"product","link":"https:\/\/ebay.luba.de\/index.php\/product\/excalibur-dorrgerat-res10-10-etagen-digital-99-stunden-timer-klare-tur-res10f\/","title":{"rendered":"Excalibur D\u00f6rrger\u00e4t RES10 10 Etagen, Digital, 99 Stunden Timer, Klare T\u00fcr, RES10F"},"content":{"rendered":"<p>\u2713 10 Einschu\u0308be<br \/>\n\u2713 2 Trockenzonen<br \/>\n\u2713 550 Watt<br \/>\n\u2713 L\u00fcftergr\u00f6\u00dfe: 4.5\u2033<br \/>\n\u2713 99 Stunde 59 Minuten Timer<br \/>\n\u2713 2 Zeit \/ 2 Temperatureinstellungen<br \/>\n\u2713 Einstellbare Temperatur 30\u00b0C &#8211; 74\u00b0 C<br \/>\n\u2713 Trocknungskapazit\u00e4t: 0,86 qm<br \/>\n\u2713 Fachgr\u00f6\u00dfe: 29 x 35 cm<br \/>\n\u2713 30 digitale Speicherpl\u00e4tze<br \/>\n\u2713 Parallexx\u00ae Horizontaler Luftstrom<br \/>\n\u2713 Hyperwave\u2122 Technologie<br \/>\n\u2713 5 Jahre beschr\u00e4nkte Garantie<br \/>\n\u2713Abmessungen: (B x T x H): 30,7 x 46 x 40,4 cm (12,1&#8243; x 18,1&#8243; x 15,9&#8243;)<br \/>\n\u2713 Farbe: Schwarz<br \/>\n\u2713 MADE in den USA<\/p>\n<p>Der Excalibur\u00ae Modell RES10, 10er-Tray, 99 Stunden, 59 Minuten, Timer-Trockner mit intelligenter digitaler Steuerung. Durch die klare, doppelte T\u00fcr\u00f6ffnung k\u00f6nnen Sie den Fortschritt beobachten, ohne den Trocknungsprozess zu unterbrechen. Das Modell RES10 wird komplett mit insgesamt 0,86 qm (9,3 sq ft) Trocknungsfl\u00e4che, 3,7 qm (131,00 CF) Luftstrom pro Minute mit zwei unabh\u00e4ngigen Ventilatoren, zwei unabh\u00e4ngig einstellbaren Thermostaten (30\u00b0C &#8211; 74\u00b0 C), Hyperwave\u2122 Patentierte Technologie und Parallex\u00ae horizontaler Luftstrom geliefert. Dehydrieren Sie in Zone A, Zone B oder in beiden Zonen A und B. Jede Zone kann f\u00fcr 1 oder 2 Zeitdauer und 1 oder 2 Temperatureinstellungen f\u00fcr unterschiedliche Anforderungen an die Trocknung von Lebensmitteln und zur Beschleunigung des Trocknungsprozesses eingestellt werden. Sie haben die M\u00f6glichkeit, 30 Ihrer Lieblingsrezepte zu programmieren und zu speichern.<\/p>\n<p>Der Excalibur\u00ae D\u00f6rrautomat entfernt Wasser aus Lebensmitteln durch eine kontinuierliche Zirkulation von thermostatisch gesteuerter Warmluft. Eine Vielzahl von Lebensmitteln, von leuchtend goldenen K\u00f6rnern von farmfrischem Mais bis hin zu Ringen von inselges\u00fc\u00dften Ananas, kann getrocknet werden. Scheiben von Rindfleisch, Huhn, Fisch oder sogar Wildfleisch k\u00f6nnen leicht zu hausgemachtem D\u00f6rrfleisch getrocknet werden. Ein Fruchtp\u00fcree trocknet zu einem lebhaft gef\u00e4rbten, toffee\u00e4hnlichen Snack oder einer Fruchtrolle. Stellen Sie Suppenmischungen, Kr\u00e4uter- und Gew\u00fcrzmischungen, Joghurt, Kunsthandwerk und sogar ganz nat\u00fcrliche Leckereien f\u00fcr Haustiere her. Die Verwendung Ihres D\u00f6rrger\u00e4tes im Vergleich zu traditionellen Einmach- oder Gefriermethoden wird sich als eine kosteng\u00fcnstige Investition erweisen. 5 Jahre beschr\u00e4nkte Garantie.<\/p>\n<p>Modellbezeichnung des Herstellers: RES10<\/p>\n<p>[row]<\/p>\n<p>[col span__sm=&#8221;12&#8243;]<\/p>\n<h3>Excalibur\u2018s patentierte HYPERWAVE\u2122 Technologie<\/h3>\n<p>[\/col]<br \/>\n[col span=&#8221;6&#8243; span__sm=&#8221;12&#8243;]<\/p>\n<p>Excaliburs patentierte Hyperwave Schwankungstechnologie ver\u00e4ndert die W\u00e4rme w\u00e4hrend des Trocknungszyklus, um die Feuchtigkeit schneller, besser und sicherer zu verdampfen, und zwar fu\u0308r die Trocknung von Obst, Gemu\u0308se und D\u00f6rrfleisch.<\/p>\n<p>[\/col]<br \/>\n[col span=&#8221;6&#8243; span__sm=&#8221;12&#8243;]<\/p>\n<p>[ux_image id=&#8221;10410&#8243;]<\/p>\n<p>[\/col]<\/p>\n<p>[\/row]<br \/>\n[row]<\/p>\n<p>[col span__sm=&#8221;12&#8243;]<\/p>\n<h3>Excalibur trocknet BESSER, SCHNELLER &amp; SICHERER dank unserer HYPERWAVE\u2122 Schwankungstechnologie!<\/h3>\n<p>[\/col]<br \/>\n[col span=&#8221;6&#8243; span__sm=&#8221;12&#8243;]<\/p>\n<p>Gew\u00f6hnliche Dehydratoren erzeugen eine konstante, unver\u00e4nderliche W\u00e4rme, die eine &#8220;H\u00e4rtung&#8221; verursacht, eine trockene Oberfl\u00e4che mit eingeschlossener Feuchtigkeit &#8211; eine perfekte Umgebung fu\u0308r Hefe, Schimmel und Bakterienwachstum.<\/p>\n<p>Excaliburs einstellbarer Thermostat erm\u00f6glicht es Ihnen, die Vorteile der Hyperwellen-Fluktuation (Ver\u00e4nderung der W\u00e4rme w\u00e4hrend des Trocknungszyklus) fu\u0308r schnellere, bessere und sicherere getrocknete Lebensmittel zu nutzen. Wenn die Temperatur nach oben schwankt, verdampft die Oberfl\u00e4chenfeuchtigkeit. Dann, wenn die Temperatur nach unten schwankt, bewegt sich die innere Feuchtigkeit zur trockeneren Oberfl\u00e4che. Die Temperatur der Lebensmittel bleibt NIEDRIG genug, um die Enzyme aktiv zu halten, und die Lufttemperatur wird hoch genug, um die Lebensmittel schnell zu trocknen und Hefe, Schimmel und Bakterienwachstum und -verderb zu vermeiden.<\/p>\n<p>[\/col]<br \/>\n[col span=&#8221;6&#8243; span__sm=&#8221;12&#8243;]<\/p>\n<p>[ux_image id=&#8221;10412&#8243;]<\/p>\n<p>[\/col]<\/p>\n<p>[\/row]<br \/>\n[row]<\/p>\n<p>[col span__sm=&#8221;12&#8243;]<\/p>\n<h3>Parallexx\u00ae Horizontal Airflow Trocknungssystem \u2013 Schnelle, gleichm\u00e4\u00dfige Trocknung.<\/h3>\n<p>[\/col]<br \/>\n[col span=&#8221;6&#8243; span__sm=&#8221;12&#8243;]<\/p>\n<p>Das Gebl\u00e4se, das Heizelement und der Thermostat befinden sich hinten. Ku\u0308hle Luft wird angesaugt, erw\u00e4rmt und gleichm\u00e4\u00dfig u\u0308ber jedes Fach verteilt. Dieses exklusive Design erlaubt ein schnelleres trocknen der Lebensmittel ohne dass die Einschu\u0308be gedreht werden mu\u0308ssen.<\/p>\n<p>[\/col]<br \/>\n[col span=&#8221;6&#8243; span__sm=&#8221;12&#8243;]<\/p>\n<p>[ux_image id=&#8221;10414&#8243;]<\/p>\n<p>[\/col]<\/p>\n<p>[\/row]<\/p>\n","protected":false},"excerpt":{"rendered":"<p>\u2713 10 Einschu\u0308be \u2713 2 Trockenzonen \u2713 550 Watt \u2713 L\u00fcftergr\u00f6\u00dfe: 4.5\u2033 \u2713 99 Stunde 59 Minuten Timer \u2713 2 Zeit \/ 2 Temperatureinstellungen \u2713 Einstellbare Temperatur 30\u00b0C &#8211; 74\u00b0 C \u2713 Trocknungskapazit\u00e4t: 0,86 qm \u2713 Fachgr\u00f6\u00dfe: 29 x 35 cm \u2713 30 digitale Speicherpl\u00e4tze \u2713 Parallexx\u00ae Horizontaler Luftstrom \u2713 Hyperwave\u2122 Technologie \u2713 5 Jahre [&hellip;]<\/p>\n","protected":false},"featured_media":16589,"comment_status":"closed","ping_status":"open","template":"","meta":[],"product_brand":[],"product_cat":[209,202],"product_tag":[],"class_list":{"0":"post-15366","1":"product","2":"type-product","3":"status-publish","4":"has-post-thumbnail","6":"product_cat-dorrgerate","7":"product_cat-kuchengerate-elektro","9":"first","10":"instock","11":"taxable","12":"shipping-taxable","13":"purchasable","14":"product-type-simple"},"_links":{"self":[{"href":"https:\/\/ebay.luba.de\/index.php\/wp-json\/wp\/v2\/product\/15366","targetHints":{"allow":["GET"]}}],"collection":[{"href":"https:\/\/ebay.luba.de\/index.php\/wp-json\/wp\/v2\/product"}],"about":[{"href":"https:\/\/ebay.luba.de\/index.php\/wp-json\/wp\/v2\/types\/product"}],"replies":[{"embeddable":true,"href":"https:\/\/ebay.luba.de\/index.php\/wp-json\/wp\/v2\/comments?post=15366"}],"wp:featuredmedia":[{"embeddable":true,"href":"https:\/\/ebay.luba.de\/index.php\/wp-json\/wp\/v2\/media\/16589"}],"wp:attachment":[{"href":"https:\/\/ebay.luba.de\/index.php\/wp-json\/wp\/v2\/media?parent=15366"}],"wp:term":[{"taxonomy":"product_brand","embeddable":true,"href":"https:\/\/ebay.luba.de\/index.php\/wp-json\/wp\/v2\/product_brand?post=15366"},{"taxonomy":"product_cat","embeddable":true,"href":"https:\/\/ebay.luba.de\/index.php\/wp-json\/wp\/v2\/product_cat?post=15366"},{"taxonomy":"product_tag","embeddable":true,"href":"https:\/\/ebay.luba.de\/index.php\/wp-json\/wp\/v2\/product_tag?post=15366"}],"curies":[{"name":"wp","href":"https:\/\/api.w.org\/{rel}","templated":true}]}}