{"id":15365,"date":"2020-12-06T16:02:38","date_gmt":"2020-12-06T16:02:38","guid":{"rendered":"https:\/\/ebay.luba.de\/index.php\/product\/excalibur-dorrgerat-4-einschube-analog-ohne-timer-schwarze-tur-4400220f\/"},"modified":"2022-11-28T14:09:59","modified_gmt":"2022-11-28T14:09:59","slug":"excalibur-dorrgerat-4-einschube-analog-ohne-timer-schwarze-tur-4400220f","status":"publish","type":"product","link":"https:\/\/ebay.luba.de\/index.php\/product\/excalibur-dorrgerat-4-einschube-analog-ohne-timer-schwarze-tur-4400220f\/","title":{"rendered":"Excalibur D\u00f6rrger\u00e4t 4 Einsch\u00fcbe, Analog, ohne Timer, schwarze T\u00fcr, 4400220F"},"content":{"rendered":"<p>\u2713 Vier Einsch\u00fcbe, Kapazit\u00e4t 0,37 qm<br \/>\n\u2713 Integrierter Ein\/Aus-Schalter<br \/>\n\u2713 Einstellbarer Thermostat 35\u00b0C bis 74\u00b0C<br \/>\n\u2713 10,16 cm L\u00fcfter, 220 Watt f\u00fcr erh\u00f6hte Luftzirkulation<br \/>\n\u2713 Abmessungen: 33,02 x 41,27 x 16,51 cm (B x T x H)<br \/>\n\u2713 5 Jahre beschr\u00e4nkte Garantie<br \/>\n\u2713 Hergestellt in den USA<\/p>\n<p>4 Kunststoffeinsch\u00fcben mit BPA-freien Maschengittern, integriertem Ein\/Aus-Schalter und einstellbarem Thermostat von 35\u00b0C bis 74\u00b0C, 10 cm L\u00fcfter f\u00fcr ausgezeichnete Luftzirkulation. Einfach zu bedienen. Hergestellt in den USA.<\/p>\n<p>D\u00f6rren Sie Obst, Gem\u00fcse, N\u00fcsse, Fleisch f\u00fcr D\u00f6rrfleisch, Fruchtp\u00fcree f\u00fcr Frucht-Roll-ups, heben Sie Teig oder machen Sie selbstgemachten Joghurt. Die perfekten Snacks f\u00fcr Sie und Ihre G\u00e4ste. Excaliburs patentierte Hyperwellentechnologie und horizontale Parallex-Trocknung entfernt Wasser aus Lebensmitteln mit einer kontinuierlichen Zirkulation thermostatisch gesteuerter Warmluft, effizient und benutzerfreundlich.<\/p>\n<p>[row]<\/p>\n<p>[col span__sm=&#8221;12&#8243;]<\/p>\n<h3>Excalibur\u2018s patentierte HYPERWAVE\u2122 Technologie<\/h3>\n<p>[\/col]<br \/>\n[col span=&#8221;6&#8243; span__sm=&#8221;12&#8243;]<\/p>\n<p>Excaliburs patentierte Hyperwave Schwankungstechnologie ver\u00e4ndert die W\u00e4rme w\u00e4hrend des Trocknungszyklus, um die Feuchtigkeit schneller, besser und sicherer zu verdampfen, und zwar fu\u0308r die Trocknung von Obst, Gemu\u0308se und D\u00f6rrfleisch.<\/p>\n<p>[\/col]<br \/>\n[col span=&#8221;6&#8243; span__sm=&#8221;12&#8243;]<\/p>\n<p>[ux_image id=&#8221;10410&#8243;]<\/p>\n<p>[\/col]<\/p>\n<p>[\/row]<br \/>\n[row]<\/p>\n<p>[col span__sm=&#8221;12&#8243;]<\/p>\n<h3>Excalibur trocknet BESSER, SCHNELLER &amp; SICHERER dank unserer HYPERWAVE\u2122 Schwankungstechnologie!<\/h3>\n<p>[\/col]<br \/>\n[col span=&#8221;6&#8243; span__sm=&#8221;12&#8243;]<\/p>\n<p>Gew\u00f6hnliche Dehydratoren erzeugen eine konstante, unver\u00e4nderliche W\u00e4rme, die eine &#8220;H\u00e4rtung&#8221; verursacht, eine trockene Oberfl\u00e4che mit eingeschlossener Feuchtigkeit &#8211; eine perfekte Umgebung fu\u0308r Hefe, Schimmel und Bakterienwachstum.<\/p>\n<p>Excaliburs einstellbarer Thermostat erm\u00f6glicht es Ihnen, die Vorteile der Hyperwellen-Fluktuation (Ver\u00e4nderung der W\u00e4rme w\u00e4hrend des Trocknungszyklus) fu\u0308r schnellere, bessere und sicherere getrocknete Lebensmittel zu nutzen. Wenn die Temperatur nach oben schwankt, verdampft die Oberfl\u00e4chenfeuchtigkeit. Dann, wenn die Temperatur nach unten schwankt, bewegt sich die innere Feuchtigkeit zur trockeneren Oberfl\u00e4che. Die Temperatur der Lebensmittel bleibt NIEDRIG genug, um die Enzyme aktiv zu halten, und die Lufttemperatur wird hoch genug, um die Lebensmittel schnell zu trocknen und Hefe, Schimmel und Bakterienwachstum und -verderb zu vermeiden.<\/p>\n<p>[\/col]<br \/>\n[col span=&#8221;6&#8243; span__sm=&#8221;12&#8243;]<\/p>\n<p>[ux_image id=&#8221;10412&#8243;]<\/p>\n<p>[\/col]<\/p>\n<p>[\/row]<br \/>\n[row]<\/p>\n<p>[col span__sm=&#8221;12&#8243;]<\/p>\n<h3>Parallexx\u00ae Horizontal Airflow Trocknungssystem \u2013 Schnelle, gleichm\u00e4\u00dfige Trocknung.<\/h3>\n<p>[\/col]<br \/>\n[col span=&#8221;6&#8243; span__sm=&#8221;12&#8243;]<\/p>\n<p>Das Gebl\u00e4se, das Heizelement und der Thermostat befinden sich hinten. Ku\u0308hle Luft wird angesaugt, erw\u00e4rmt und gleichm\u00e4\u00dfig u\u0308ber jedes Fach verteilt. Dieses exklusive Design erlaubt ein schnelleres trocknen der Lebensmittel ohne dass die Einschu\u0308be gedreht werden mu\u0308ssen.<\/p>\n<p>[\/col]<br \/>\n[col span=&#8221;6&#8243; span__sm=&#8221;12&#8243;]<\/p>\n<p>[ux_image id=&#8221;10414&#8243;]<\/p>\n<p>[\/col]<\/p>\n<p>[\/row]<\/p>\n","protected":false},"excerpt":{"rendered":"<p>\u2713 Vier Einsch\u00fcbe, Kapazit\u00e4t 0,37 qm \u2713 Integrierter Ein\/Aus-Schalter \u2713 Einstellbarer Thermostat 35\u00b0C bis 74\u00b0C \u2713 10,16 cm L\u00fcfter, 220 Watt f\u00fcr erh\u00f6hte Luftzirkulation \u2713 Abmessungen: 33,02 x 41,27 x 16,51 cm (B x T x H) \u2713 5 Jahre beschr\u00e4nkte Garantie \u2713 Hergestellt in den USA 4 Kunststoffeinsch\u00fcben mit BPA-freien Maschengittern, integriertem Ein\/Aus-Schalter und [&hellip;]<\/p>\n","protected":false},"featured_media":16583,"comment_status":"closed","ping_status":"open","template":"","meta":[],"product_brand":[],"product_cat":[209,202],"product_tag":[],"class_list":{"0":"post-15365","1":"product","2":"type-product","3":"status-publish","4":"has-post-thumbnail","6":"product_cat-dorrgerate","7":"product_cat-kuchengerate-elektro","9":"first","10":"instock","11":"taxable","12":"shipping-taxable","13":"purchasable","14":"product-type-simple"},"_links":{"self":[{"href":"https:\/\/ebay.luba.de\/index.php\/wp-json\/wp\/v2\/product\/15365","targetHints":{"allow":["GET"]}}],"collection":[{"href":"https:\/\/ebay.luba.de\/index.php\/wp-json\/wp\/v2\/product"}],"about":[{"href":"https:\/\/ebay.luba.de\/index.php\/wp-json\/wp\/v2\/types\/product"}],"replies":[{"embeddable":true,"href":"https:\/\/ebay.luba.de\/index.php\/wp-json\/wp\/v2\/comments?post=15365"}],"wp:featuredmedia":[{"embeddable":true,"href":"https:\/\/ebay.luba.de\/index.php\/wp-json\/wp\/v2\/media\/16583"}],"wp:attachment":[{"href":"https:\/\/ebay.luba.de\/index.php\/wp-json\/wp\/v2\/media?parent=15365"}],"wp:term":[{"taxonomy":"product_brand","embeddable":true,"href":"https:\/\/ebay.luba.de\/index.php\/wp-json\/wp\/v2\/product_brand?post=15365"},{"taxonomy":"product_cat","embeddable":true,"href":"https:\/\/ebay.luba.de\/index.php\/wp-json\/wp\/v2\/product_cat?post=15365"},{"taxonomy":"product_tag","embeddable":true,"href":"https:\/\/ebay.luba.de\/index.php\/wp-json\/wp\/v2\/product_tag?post=15365"}],"curies":[{"name":"wp","href":"https:\/\/api.w.org\/{rel}","templated":true}]}}