{"id":15355,"date":"2020-12-06T16:02:38","date_gmt":"2020-12-06T16:02:38","guid":{"rendered":"https:\/\/ebay.luba.de\/index.php\/product\/eschenfelder-3er-sprossen-system-1500-ml-anthrazit\/"},"modified":"2020-12-06T16:02:45","modified_gmt":"2020-12-06T16:02:45","slug":"eschenfelder-3er-sprossen-system-1500-ml-anthrazit","status":"publish","type":"product","link":"https:\/\/ebay.luba.de\/index.php\/product\/eschenfelder-3er-sprossen-system-1500-ml-anthrazit\/","title":{"rendered":"Eschenfelder 3er-Sprossen-System 1500 ml anthrazit"},"content":{"rendered":"<div class=\"produkt_beschreibung\">\n<p><em>Jetzt noch mehr Fassungsverm\u00f6gen f\u00fcr noch mehr Sprossen:<\/em><\/p>\n<p>3 Sprossengl\u00e4ser 1500 ml mit feinmaschigem<strong>\u00a0Sieb\u00a0<\/strong>und<strong> Schraubring aus Aluminium, <\/strong>\u00a0Abtropfgestell aus Edelstahl und einer\u00a0<strong>in Deutschland<\/strong>\u00a0<strong>handgefertigten<\/strong>\u00a0Abtropfschale in Keramik Anthrazit von hochwertiger Qualit\u00e4t &#8211; hochgebrannt und<strong>\u00a0lebensmittelecht glasiert &#8211;\u00a0<\/strong>, inkl. einem T\u00fctchen Bio-Keimsaat aus kontrolliert biologischem Anbau.<\/p>\n<p>Mit diesem Sprossenglas-System gelingt Ihnen eine m\u00fchelose und ohne Erde: Die schr\u00e4ge Position der Sprossengl\u00e4ser garantiert die fortw\u00e4hrende Frische der Sprossen, da das Wasser ablaufen (<strong>keine Staun\u00e4sse<\/strong>) und\u00a0<strong>Luft zirkulieren<\/strong>\u00a0kann (feinmaschiges Sieb). Die Keramikschale f\u00e4ngt das Abtropfwasser auf, so dass das System an jeden beliebigen Platz gestellt werden kann. Die Saaten werden im Sprossenglas eingeweicht, gesp\u00fclt und bis zur Ernte gezogen.<\/p>\n<\/div>\n<div class=\"produkt_2_abschnitt\">\n<h4>HINWEIS:<\/h4>\n<p><strong>Achtung: Nicht f\u00fcr schleimbildende Saaten geeignet\u00a0<\/strong>wie \u00a0z.B. Kresse, Rucola, Senf, Chia und Leinsamen, die einen &#8220;ruhenden Boden&#8221; beanspruchen. Hierf\u00fcr eignen sich unsere Kressesiebe.<\/p>\n<\/div>\n","protected":false},"excerpt":{"rendered":"<p>Jetzt noch mehr Fassungsverm\u00f6gen f\u00fcr noch mehr Sprossen: 3 Sprossengl\u00e4ser 1500 ml mit feinmaschigem\u00a0Sieb\u00a0und Schraubring aus Aluminium, \u00a0Abtropfgestell aus Edelstahl und einer\u00a0in Deutschland\u00a0handgefertigten\u00a0Abtropfschale in Keramik Anthrazit von hochwertiger Qualit\u00e4t &#8211; hochgebrannt und\u00a0lebensmittelecht glasiert &#8211;\u00a0, inkl. einem T\u00fctchen Bio-Keimsaat aus kontrolliert biologischem Anbau. Mit diesem Sprossenglas-System gelingt Ihnen eine m\u00fchelose und ohne Erde: Die schr\u00e4ge Position [&hellip;]<\/p>\n","protected":false},"featured_media":16574,"comment_status":"closed","ping_status":"open","template":"","meta":[],"product_brand":[],"product_cat":[261,250,215],"product_tag":[],"class_list":{"0":"post-15355","1":"product","2":"type-product","3":"status-publish","4":"has-post-thumbnail","6":"product_cat-eschenfelder-keimgerate","7":"product_cat-keimgerate","8":"product_cat-kuchengerate-handbetrieb","10":"first","11":"outofstock","12":"taxable","13":"shipping-taxable","14":"purchasable","15":"product-type-simple"},"_links":{"self":[{"href":"https:\/\/ebay.luba.de\/index.php\/wp-json\/wp\/v2\/product\/15355","targetHints":{"allow":["GET"]}}],"collection":[{"href":"https:\/\/ebay.luba.de\/index.php\/wp-json\/wp\/v2\/product"}],"about":[{"href":"https:\/\/ebay.luba.de\/index.php\/wp-json\/wp\/v2\/types\/product"}],"replies":[{"embeddable":true,"href":"https:\/\/ebay.luba.de\/index.php\/wp-json\/wp\/v2\/comments?post=15355"}],"wp:featuredmedia":[{"embeddable":true,"href":"https:\/\/ebay.luba.de\/index.php\/wp-json\/wp\/v2\/media\/16574"}],"wp:attachment":[{"href":"https:\/\/ebay.luba.de\/index.php\/wp-json\/wp\/v2\/media?parent=15355"}],"wp:term":[{"taxonomy":"product_brand","embeddable":true,"href":"https:\/\/ebay.luba.de\/index.php\/wp-json\/wp\/v2\/product_brand?post=15355"},{"taxonomy":"product_cat","embeddable":true,"href":"https:\/\/ebay.luba.de\/index.php\/wp-json\/wp\/v2\/product_cat?post=15355"},{"taxonomy":"product_tag","embeddable":true,"href":"https:\/\/ebay.luba.de\/index.php\/wp-json\/wp\/v2\/product_tag?post=15355"}],"curies":[{"name":"wp","href":"https:\/\/api.w.org\/{rel}","templated":true}]}}