{"id":15335,"date":"2020-12-06T16:02:19","date_gmt":"2020-12-06T16:02:19","guid":{"rendered":"https:\/\/ebay.luba.de\/index.php\/product\/glasschussel-o-20-cm-fur-kornkraft-mia-mola\/"},"modified":"2022-11-28T14:09:20","modified_gmt":"2022-11-28T14:09:20","slug":"glasschussel-o-20-cm-fur-kornkraft-mia-mola","status":"publish","type":"product","link":"https:\/\/ebay.luba.de\/index.php\/product\/glasschussel-o-20-cm-fur-kornkraft-mia-mola\/","title":{"rendered":"Glassch\u00fcssel \u00d8 20 cm f\u00fcr Kornkraft Mia Mola"},"content":{"rendered":"","protected":false},"excerpt":{"rendered":"","protected":false},"featured_media":0,"comment_status":"closed","ping_status":"open","template":"","meta":[],"product_brand":[],"product_cat":[218,231,215],"product_tag":[],"class_list":{"0":"post-15335","1":"product","2":"type-product","3":"status-publish","5":"product_cat-getreidemuhlen","6":"product_cat-handbetrieben","7":"product_cat-kuchengerate-handbetrieb","9":"first","10":"instock","11":"taxable","12":"shipping-taxable","13":"purchasable","14":"product-type-simple"},"_links":{"self":[{"href":"https:\/\/ebay.luba.de\/index.php\/wp-json\/wp\/v2\/product\/15335","targetHints":{"allow":["GET"]}}],"collection":[{"href":"https:\/\/ebay.luba.de\/index.php\/wp-json\/wp\/v2\/product"}],"about":[{"href":"https:\/\/ebay.luba.de\/index.php\/wp-json\/wp\/v2\/types\/product"}],"replies":[{"embeddable":true,"href":"https:\/\/ebay.luba.de\/index.php\/wp-json\/wp\/v2\/comments?post=15335"}],"wp:attachment":[{"href":"https:\/\/ebay.luba.de\/index.php\/wp-json\/wp\/v2\/media?parent=15335"}],"wp:term":[{"taxonomy":"product_brand","embeddable":true,"href":"https:\/\/ebay.luba.de\/index.php\/wp-json\/wp\/v2\/product_brand?post=15335"},{"taxonomy":"product_cat","embeddable":true,"href":"https:\/\/ebay.luba.de\/index.php\/wp-json\/wp\/v2\/product_cat?post=15335"},{"taxonomy":"product_tag","embeddable":true,"href":"https:\/\/ebay.luba.de\/index.php\/wp-json\/wp\/v2\/product_tag?post=15335"}],"curies":[{"name":"wp","href":"https:\/\/api.w.org\/{rel}","templated":true}]}}