{"id":15236,"date":"2020-12-06T16:00:34","date_gmt":"2020-12-06T16:00:34","guid":{"rendered":"https:\/\/ebay.luba.de\/index.php\/product\/zusatzgitter-fur-brod-taylor-garautomat-v2\/"},"modified":"2024-01-15T17:23:11","modified_gmt":"2024-01-15T17:23:11","slug":"zusatzgitter-fur-brod-taylor-garautomat-v2","status":"publish","type":"product","link":"https:\/\/ebay.luba.de\/index.php\/product\/zusatzgitter-fur-brod-taylor-garautomat-v2\/","title":{"rendered":"Zusatzgitter f\u00fcr Brod &#038; Taylor G\u00e4rautomat"},"content":{"rendered":"<h2>Zusatzgitter f\u00fcr Brod &amp; Taylor G\u00e4rautomat<\/h2>\n<div class=\"long_desc\">\n<h1>Verdoppeln Sie die Kapazit\u00e4t Ihres G\u00e4rautomat &amp; Schongarer<\/h1>\n<p>Unser Zusatzgitter schafft eine zweite nutzbare Etage im G\u00e4rautomaten, ideal f\u00fcr das g\u00e4ren von zwei Blechen oder vier Kastenformen.<\/p>\n<p>Bleche sollten maximal 36.2 cm x 30.5 cm gro\u00df sein.<\/p>\n<p>Kastenformen sollten etwa 8 cm hoch sein, so dass die maximale H\u00f6he des aufgeg\u00e4rten Brotes 10 cm betr\u00e4gt.<\/p>\n<div class=\"container\">\n<h2 class=\"sch3\"><strong>Perfektion mal Zwei.<\/strong><\/h2>\n<\/div>\n<div id=\"row-1068929323\" class=\"row\">\n<div id=\"col-256579066\" class=\"col medium-6 small-12 large-6\">\n<div class=\"col-inner\">\n<div class=\"box has-hover has-hover box-text-bottom\">\n<div class=\"box-image\">\n<div class=\"image-cover\"><img loading=\"lazy\" decoding=\"async\" class=\"attachment- size- lazy-load-active\" src=\"https:\/\/brodandtaylor.eu\/wp-content\/uploads\/2017\/01\/TK-Pretzel-Feature-web-9404.jpg\" sizes=\"auto, (max-width: 1200px) 100vw, 1200px\" srcset=\"https:\/\/brodandtaylor.eu\/wp-content\/uploads\/2017\/01\/TK-Pretzel-Feature-web-9404.jpg 1200w, https:\/\/brodandtaylor.eu\/wp-content\/uploads\/2017\/01\/TK-Pretzel-Feature-web-9404-400x150.jpg 400w, https:\/\/brodandtaylor.eu\/wp-content\/uploads\/2017\/01\/TK-Pretzel-Feature-web-9404-800x300.jpg 800w, https:\/\/brodandtaylor.eu\/wp-content\/uploads\/2017\/01\/TK-Pretzel-Feature-web-9404-768x288.jpg 768w\" alt=\"TK Pretzel Feature\" width=\"315\" height=\"315\" data-src=\"https:\/\/brodandtaylor.eu\/wp-content\/uploads\/2017\/01\/TK-Pretzel-Feature-web-9404.jpg\" data-srcset=\"https:\/\/brodandtaylor.eu\/wp-content\/uploads\/2017\/01\/TK-Pretzel-Feature-web-9404.jpg 1200w, https:\/\/brodandtaylor.eu\/wp-content\/uploads\/2017\/01\/TK-Pretzel-Feature-web-9404-400x150.jpg 400w, https:\/\/brodandtaylor.eu\/wp-content\/uploads\/2017\/01\/TK-Pretzel-Feature-web-9404-800x300.jpg 800w, https:\/\/brodandtaylor.eu\/wp-content\/uploads\/2017\/01\/TK-Pretzel-Feature-web-9404-768x288.jpg 768w\" \/><\/div>\n<\/div>\n<div class=\"box-text text-center\">\n<div class=\"box-text-inner\">\n<p>Mit dem Zusatzgitter als Zubeh\u00f6r ganz einfach die Kapazit\u00e4t verdoppeln.<\/p>\n<\/div>\n<\/div>\n<\/div>\n<\/div>\n<\/div>\n<div id=\"col-871527476\" class=\"col medium-6 small-12 large-6\">\n<div class=\"col-inner\">\n<div class=\"box has-hover has-hover box-text-bottom\">\n<div class=\"box-image\">\n<div class=\"image-cover\"><img loading=\"lazy\" decoding=\"async\" class=\"attachment- size- lazy-load-active\" src=\"https:\/\/brodandtaylor.eu\/wp-content\/uploads\/2017\/01\/FP-175Shelf-Folding-Legsdough-WEB-knockout.jpg\" sizes=\"auto, (max-width: 1700px) 100vw, 1700px\" srcset=\"https:\/\/brodandtaylor.eu\/wp-content\/uploads\/2017\/01\/FP-175Shelf-Folding-Legsdough-WEB-knockout.jpg 1700w, https:\/\/brodandtaylor.eu\/wp-content\/uploads\/2017\/01\/FP-175Shelf-Folding-Legsdough-WEB-knockout-680x400.jpg 680w, https:\/\/brodandtaylor.eu\/wp-content\/uploads\/2017\/01\/FP-175Shelf-Folding-Legsdough-WEB-knockout-1360x800.jpg 1360w, https:\/\/brodandtaylor.eu\/wp-content\/uploads\/2017\/01\/FP-175Shelf-Folding-Legsdough-WEB-knockout-768x452.jpg 768w, https:\/\/brodandtaylor.eu\/wp-content\/uploads\/2017\/01\/FP-175Shelf-Folding-Legsdough-WEB-knockout-1536x904.jpg 1536w, https:\/\/brodandtaylor.eu\/wp-content\/uploads\/2017\/01\/FP-175Shelf-Folding-Legsdough-WEB-knockout-400x235.jpg 400w\" alt=\"\" width=\"333\" height=\"333\" data-src=\"https:\/\/brodandtaylor.eu\/wp-content\/uploads\/2017\/01\/FP-175Shelf-Folding-Legsdough-WEB-knockout.jpg\" data-srcset=\"https:\/\/brodandtaylor.eu\/wp-content\/uploads\/2017\/01\/FP-175Shelf-Folding-Legsdough-WEB-knockout.jpg 1700w, https:\/\/brodandtaylor.eu\/wp-content\/uploads\/2017\/01\/FP-175Shelf-Folding-Legsdough-WEB-knockout-680x400.jpg 680w, https:\/\/brodandtaylor.eu\/wp-content\/uploads\/2017\/01\/FP-175Shelf-Folding-Legsdough-WEB-knockout-1360x800.jpg 1360w, https:\/\/brodandtaylor.eu\/wp-content\/uploads\/2017\/01\/FP-175Shelf-Folding-Legsdough-WEB-knockout-768x452.jpg 768w, https:\/\/brodandtaylor.eu\/wp-content\/uploads\/2017\/01\/FP-175Shelf-Folding-Legsdough-WEB-knockout-1536x904.jpg 1536w, https:\/\/brodandtaylor.eu\/wp-content\/uploads\/2017\/01\/FP-175Shelf-Folding-Legsdough-WEB-knockout-400x235.jpg 400w\" \/><\/div>\n<\/div>\n<div class=\"box-text text-center\">\n<div class=\"box-text-inner\">\n<p>Ideal f\u00fcr das G\u00e4ren auf zwei Blechen oder in vier Brotformen.<\/p>\n<\/div>\n<\/div>\n<\/div>\n<\/div>\n<\/div>\n<\/div>\n<\/div>\n","protected":false},"excerpt":{"rendered":"<p>Zusatzgitter f\u00fcr Brod &amp; Taylor G\u00e4rautomat Verdoppeln Sie die Kapazit\u00e4t Ihres G\u00e4rautomat &amp; Schongarer Unser Zusatzgitter schafft eine zweite nutzbare Etage im G\u00e4rautomaten, ideal f\u00fcr das g\u00e4ren von zwei Blechen oder vier Kastenformen. Bleche sollten maximal 36.2 cm x 30.5 cm gro\u00df sein. Kastenformen sollten etwa 8 cm hoch sein, so dass die maximale H\u00f6he [&hellip;]<\/p>\n","protected":false},"featured_media":16515,"comment_status":"closed","ping_status":"closed","template":"","meta":[],"product_brand":[],"product_cat":[282,202],"product_tag":[],"class_list":{"0":"post-15236","1":"product","2":"type-product","3":"status-publish","4":"has-post-thumbnail","6":"product_cat-garautomaten","7":"product_cat-kuchengerate-elektro","9":"first","10":"instock","11":"taxable","12":"shipping-taxable","13":"purchasable","14":"product-type-simple"},"_links":{"self":[{"href":"https:\/\/ebay.luba.de\/index.php\/wp-json\/wp\/v2\/product\/15236","targetHints":{"allow":["GET"]}}],"collection":[{"href":"https:\/\/ebay.luba.de\/index.php\/wp-json\/wp\/v2\/product"}],"about":[{"href":"https:\/\/ebay.luba.de\/index.php\/wp-json\/wp\/v2\/types\/product"}],"replies":[{"embeddable":true,"href":"https:\/\/ebay.luba.de\/index.php\/wp-json\/wp\/v2\/comments?post=15236"}],"wp:featuredmedia":[{"embeddable":true,"href":"https:\/\/ebay.luba.de\/index.php\/wp-json\/wp\/v2\/media\/16515"}],"wp:attachment":[{"href":"https:\/\/ebay.luba.de\/index.php\/wp-json\/wp\/v2\/media?parent=15236"}],"wp:term":[{"taxonomy":"product_brand","embeddable":true,"href":"https:\/\/ebay.luba.de\/index.php\/wp-json\/wp\/v2\/product_brand?post=15236"},{"taxonomy":"product_cat","embeddable":true,"href":"https:\/\/ebay.luba.de\/index.php\/wp-json\/wp\/v2\/product_cat?post=15236"},{"taxonomy":"product_tag","embeddable":true,"href":"https:\/\/ebay.luba.de\/index.php\/wp-json\/wp\/v2\/product_tag?post=15236"}],"curies":[{"name":"wp","href":"https:\/\/api.w.org\/{rel}","templated":true}]}}