{"id":15179,"date":"2020-12-06T15:59:37","date_gmt":"2020-12-06T15:59:37","guid":{"rendered":"https:\/\/ebay.luba.de\/index.php\/product\/claris-pro-blue-fur-giga-x7-a-4-stuck\/"},"modified":"2022-11-28T14:09:40","modified_gmt":"2022-11-28T14:09:40","slug":"claris-pro-blue-fur-giga-x7-a-4-stuck","status":"publish","type":"product","link":"https:\/\/ebay.luba.de\/index.php\/product\/claris-pro-blue-fur-giga-x7-a-4-stuck\/","title":{"rendered":"Claris Pro blue f\u00fcr GIGA X7 \u00e1 4 St\u00fcck"},"content":{"rendered":"","protected":false},"excerpt":{"rendered":"","protected":false},"featured_media":0,"comment_status":"closed","ping_status":"open","template":"","meta":[],"product_brand":[],"product_cat":[248,199,244],"product_tag":[],"class_list":{"0":"post-15179","1":"product","2":"type-product","3":"status-publish","5":"product_cat-entkalker","6":"product_cat-kuchenhelfer","7":"product_cat-verbrauchsmaterialien","9":"first","10":"instock","11":"taxable","12":"shipping-taxable","13":"purchasable","14":"product-type-simple"},"_links":{"self":[{"href":"https:\/\/ebay.luba.de\/index.php\/wp-json\/wp\/v2\/product\/15179","targetHints":{"allow":["GET"]}}],"collection":[{"href":"https:\/\/ebay.luba.de\/index.php\/wp-json\/wp\/v2\/product"}],"about":[{"href":"https:\/\/ebay.luba.de\/index.php\/wp-json\/wp\/v2\/types\/product"}],"replies":[{"embeddable":true,"href":"https:\/\/ebay.luba.de\/index.php\/wp-json\/wp\/v2\/comments?post=15179"}],"wp:attachment":[{"href":"https:\/\/ebay.luba.de\/index.php\/wp-json\/wp\/v2\/media?parent=15179"}],"wp:term":[{"taxonomy":"product_brand","embeddable":true,"href":"https:\/\/ebay.luba.de\/index.php\/wp-json\/wp\/v2\/product_brand?post=15179"},{"taxonomy":"product_cat","embeddable":true,"href":"https:\/\/ebay.luba.de\/index.php\/wp-json\/wp\/v2\/product_cat?post=15179"},{"taxonomy":"product_tag","embeddable":true,"href":"https:\/\/ebay.luba.de\/index.php\/wp-json\/wp\/v2\/product_tag?post=15179"}],"curies":[{"name":"wp","href":"https:\/\/api.w.org\/{rel}","templated":true}]}}