{"id":15120,"date":"2020-12-06T15:56:22","date_gmt":"2020-12-06T15:56:22","guid":{"rendered":"https:\/\/ebay.luba.de\/index.php\/product\/westmark-kirschentkerner-kirschomat\/"},"modified":"2021-06-16T10:38:36","modified_gmt":"2021-06-16T10:38:36","slug":"westmark-kirschentkerner-kirschomat","status":"publish","type":"product","link":"https:\/\/ebay.luba.de\/index.php\/product\/westmark-kirschentkerner-kirschomat\/","title":{"rendered":"Westmark Kirschentkerner Kirschomat"},"content":{"rendered":"<p>\u2022 hohe Entkernleistung (bis zu 15 kg\/h)<br \/>\n\u2022 schr\u00e4ggestellte Sch\u00fctte, damit die Kirschen gut nachrutschen<br \/>\n\u2022 gro\u00dfe Kernkassette<br \/>\n\u2022 optimaler Spritzschutz<\/p>\n<p><span style=\"color: #333333; font-size: 14.4px;\">Mit dem Kirschomat geht das Entkernen von Kirschen schnell von der Hand. Auch gr\u00f6\u00dfere Mengen Fr\u00fcchte k\u00f6nnen hiermit verarbeitet werden (bis zu 15 kg\/h). Dank der schr\u00e4ggestellten Sch\u00fctte rutschen die Fr\u00fcchte automatisch nach und lassen ein rasches Arbeiten zu. Die gro\u00dfe Kernkassette bietet Platz f\u00fcr viele Kerne.<\/span><\/p>\n<p>Hersteller Art-Nr. 40702260<br \/>\nEAN 4004094407062<br \/>\nGr\u00f6\u00dfe 240 x 100 x 333 mm<br \/>\nMaterial: Kunststoff, Aluminium, Rostfreier Edelstahl<br \/>\nSonstiges: Nicht Sp\u00fclmaschinengeeignet<br \/>\nHerstellergarantie: 5 Jahre Garantie<br \/>\nMade in Germany<\/p>\n","protected":false},"excerpt":{"rendered":"<p>\u2022 hohe Entkernleistung (bis zu 15 kg\/h) \u2022 schr\u00e4ggestellte Sch\u00fctte, damit die Kirschen gut nachrutschen \u2022 gro\u00dfe Kernkassette \u2022 optimaler Spritzschutz Mit dem Kirschomat geht das Entkernen von Kirschen schnell von der Hand. Auch gr\u00f6\u00dfere Mengen Fr\u00fcchte k\u00f6nnen hiermit verarbeitet werden (bis zu 15 kg\/h). Dank der schr\u00e4ggestellten Sch\u00fctte rutschen die Fr\u00fcchte automatisch nach und [&hellip;]<\/p>\n","protected":false},"featured_media":16353,"comment_status":"closed","ping_status":"open","template":"","meta":[],"product_brand":[],"product_cat":[215],"product_tag":[],"class_list":{"0":"post-15120","1":"product","2":"type-product","3":"status-publish","4":"has-post-thumbnail","6":"product_cat-kuchengerate-handbetrieb","8":"first","9":"outofstock","10":"taxable","11":"shipping-taxable","12":"purchasable","13":"product-type-simple"},"_links":{"self":[{"href":"https:\/\/ebay.luba.de\/index.php\/wp-json\/wp\/v2\/product\/15120","targetHints":{"allow":["GET"]}}],"collection":[{"href":"https:\/\/ebay.luba.de\/index.php\/wp-json\/wp\/v2\/product"}],"about":[{"href":"https:\/\/ebay.luba.de\/index.php\/wp-json\/wp\/v2\/types\/product"}],"replies":[{"embeddable":true,"href":"https:\/\/ebay.luba.de\/index.php\/wp-json\/wp\/v2\/comments?post=15120"}],"wp:featuredmedia":[{"embeddable":true,"href":"https:\/\/ebay.luba.de\/index.php\/wp-json\/wp\/v2\/media\/16353"}],"wp:attachment":[{"href":"https:\/\/ebay.luba.de\/index.php\/wp-json\/wp\/v2\/media?parent=15120"}],"wp:term":[{"taxonomy":"product_brand","embeddable":true,"href":"https:\/\/ebay.luba.de\/index.php\/wp-json\/wp\/v2\/product_brand?post=15120"},{"taxonomy":"product_cat","embeddable":true,"href":"https:\/\/ebay.luba.de\/index.php\/wp-json\/wp\/v2\/product_cat?post=15120"},{"taxonomy":"product_tag","embeddable":true,"href":"https:\/\/ebay.luba.de\/index.php\/wp-json\/wp\/v2\/product_tag?post=15120"}],"curies":[{"name":"wp","href":"https:\/\/api.w.org\/{rel}","templated":true}]}}