{"id":15063,"date":"2020-12-06T15:54:41","date_gmt":"2020-12-06T15:54:41","guid":{"rendered":"https:\/\/ebay.luba.de\/index.php\/product\/blendtec-professional-750-schwarz\/"},"modified":"2023-06-26T11:51:07","modified_gmt":"2023-06-26T11:51:07","slug":"blendtec-professional-750-schwarz","status":"publish","type":"product","link":"https:\/\/ebay.luba.de\/index.php\/product\/blendtec-professional-750-schwarz\/","title":{"rendered":"Blendtec Professional 750 Schwarz"},"content":{"rendered":"<p>Der Blendtec Professionell 750 &#8211; Ob auf der Arbeitsplatte oder eingebaut, der Blendtec Professional 750 ist der perfekte Abschluss f\u00fcr jede K\u00fcche. Der Professional 750 bietet einen Mischzyklus f\u00fcr nahezu jedes Rezept. Verwenden Sie spezielle Zyklen, um von Smoothies und frischem Vollsaft bis zu Cappuccinos, Suppen, Margaritas, Brotteig, So\u00dfen, Dressings und vielem mehr zu machen. Die beleuchtete One-Touch-Taster-Schnittstelle, 6 vorprogrammierte Zyklen, 10 Geschwindigkeiten + Impulstaste \u00fcberzeugen beim Professionell 750.   Lieferumfang: Professionelle 750 Motorbasis, WildSide+Jar Beh\u00e4lter, 2,6 l  Ma\u00dfe: H\u00f6he 42 cm, Breite 16 cm, Tiefe 21 cm, Gewicht: 4,8 kg Maximale Motorleistung 3,0 PS, Mixbecher BPA-frei, Garantie 8 Jahre<\/p>\n","protected":false},"excerpt":{"rendered":"<p>Der Blendtec Professionell 750 &#8211; Ob auf der Arbeitsplatte oder eingebaut, der Blendtec Professional 750 ist der perfekte Abschluss f\u00fcr jede K\u00fcche. Der Professional 750 bietet einen Mischzyklus f\u00fcr nahezu jedes Rezept. Verwenden Sie spezielle Zyklen, um von Smoothies und frischem Vollsaft bis zu Cappuccinos, Suppen, Margaritas, Brotteig, So\u00dfen, Dressings und vielem mehr zu machen. [&hellip;]<\/p>\n","protected":false},"featured_media":16228,"comment_status":"closed","ping_status":"open","template":"","meta":[],"product_brand":[],"product_cat":[202,241],"product_tag":[],"class_list":{"0":"post-15063","1":"product","2":"type-product","3":"status-publish","4":"has-post-thumbnail","6":"product_cat-kuchengerate-elektro","7":"product_cat-mixer-blender","9":"first","10":"instock","11":"taxable","12":"shipping-taxable","13":"purchasable","14":"product-type-simple"},"_links":{"self":[{"href":"https:\/\/ebay.luba.de\/index.php\/wp-json\/wp\/v2\/product\/15063","targetHints":{"allow":["GET"]}}],"collection":[{"href":"https:\/\/ebay.luba.de\/index.php\/wp-json\/wp\/v2\/product"}],"about":[{"href":"https:\/\/ebay.luba.de\/index.php\/wp-json\/wp\/v2\/types\/product"}],"replies":[{"embeddable":true,"href":"https:\/\/ebay.luba.de\/index.php\/wp-json\/wp\/v2\/comments?post=15063"}],"wp:featuredmedia":[{"embeddable":true,"href":"https:\/\/ebay.luba.de\/index.php\/wp-json\/wp\/v2\/media\/16228"}],"wp:attachment":[{"href":"https:\/\/ebay.luba.de\/index.php\/wp-json\/wp\/v2\/media?parent=15063"}],"wp:term":[{"taxonomy":"product_brand","embeddable":true,"href":"https:\/\/ebay.luba.de\/index.php\/wp-json\/wp\/v2\/product_brand?post=15063"},{"taxonomy":"product_cat","embeddable":true,"href":"https:\/\/ebay.luba.de\/index.php\/wp-json\/wp\/v2\/product_cat?post=15063"},{"taxonomy":"product_tag","embeddable":true,"href":"https:\/\/ebay.luba.de\/index.php\/wp-json\/wp\/v2\/product_tag?post=15063"}],"curies":[{"name":"wp","href":"https:\/\/api.w.org\/{rel}","templated":true}]}}