{"id":15058,"date":"2020-12-06T15:54:41","date_gmt":"2020-12-06T15:54:41","guid":{"rendered":"https:\/\/ebay.luba.de\/index.php\/product\/waldner-mona-larche\/"},"modified":"2023-06-12T08:51:05","modified_gmt":"2023-06-12T08:51:05","slug":"waldner-mona-larche","status":"publish","type":"product","link":"https:\/\/ebay.luba.de\/index.php\/product\/waldner-mona-larche\/","title":{"rendered":"Waldner Mona L\u00e4rche"},"content":{"rendered":"<p>Die neue Waldner Haushaltsm\u00fchle MONA L\u00e4rche. Mit ihrem starken 400 Watt Motor mahlt sie feinstes Mehl.  Holzart: L\u00e4rche, Mahlleistung fein: 120g\/min, Mahlstein: d = 90 mm, Trichterf\u00fcllmenge 1000 g, Ma\u00dfe H\/d: 32\/19 cm, Motor: 400 Watt, Gewicht: 7,5 kg, Garantie: 8 Jahre<\/p>\n","protected":false},"excerpt":{"rendered":"<p>Die neue Waldner Haushaltsm\u00fchle MONA L\u00e4rche. Mit ihrem starken 400 Watt Motor mahlt sie feinstes Mehl. Holzart: L\u00e4rche, Mahlleistung fein: 120g\/min, Mahlstein: d = 90 mm, Trichterf\u00fcllmenge 1000 g, Ma\u00dfe H\/d: 32\/19 cm, Motor: 400 Watt, Gewicht: 7,5 kg, Garantie: 8 Jahre<\/p>\n","protected":false},"featured_media":16223,"comment_status":"closed","ping_status":"open","template":"","meta":[],"product_brand":[],"product_cat":[222,202],"product_tag":[],"class_list":{"0":"post-15058","1":"product","2":"type-product","3":"status-publish","4":"has-post-thumbnail","6":"product_cat-getreidemuhlen-kuchengerate-elektro","7":"product_cat-kuchengerate-elektro","9":"first","10":"instock","11":"taxable","12":"shipping-taxable","13":"purchasable","14":"product-type-simple"},"_links":{"self":[{"href":"https:\/\/ebay.luba.de\/index.php\/wp-json\/wp\/v2\/product\/15058","targetHints":{"allow":["GET"]}}],"collection":[{"href":"https:\/\/ebay.luba.de\/index.php\/wp-json\/wp\/v2\/product"}],"about":[{"href":"https:\/\/ebay.luba.de\/index.php\/wp-json\/wp\/v2\/types\/product"}],"replies":[{"embeddable":true,"href":"https:\/\/ebay.luba.de\/index.php\/wp-json\/wp\/v2\/comments?post=15058"}],"wp:featuredmedia":[{"embeddable":true,"href":"https:\/\/ebay.luba.de\/index.php\/wp-json\/wp\/v2\/media\/16223"}],"wp:attachment":[{"href":"https:\/\/ebay.luba.de\/index.php\/wp-json\/wp\/v2\/media?parent=15058"}],"wp:term":[{"taxonomy":"product_brand","embeddable":true,"href":"https:\/\/ebay.luba.de\/index.php\/wp-json\/wp\/v2\/product_brand?post=15058"},{"taxonomy":"product_cat","embeddable":true,"href":"https:\/\/ebay.luba.de\/index.php\/wp-json\/wp\/v2\/product_cat?post=15058"},{"taxonomy":"product_tag","embeddable":true,"href":"https:\/\/ebay.luba.de\/index.php\/wp-json\/wp\/v2\/product_tag?post=15058"}],"curies":[{"name":"wp","href":"https:\/\/api.w.org\/{rel}","templated":true}]}}