{"id":15053,"date":"2020-12-06T15:54:41","date_gmt":"2020-12-06T15:54:41","guid":{"rendered":"https:\/\/ebay.luba.de\/index.php\/product\/zassenhaus-kaffeemuhle-panama-edelstahl\/"},"modified":"2020-12-06T15:54:45","modified_gmt":"2020-12-06T15:54:45","slug":"zassenhaus-kaffeemuhle-panama-edelstahl","status":"publish","type":"product","link":"https:\/\/ebay.luba.de\/index.php\/product\/zassenhaus-kaffeemuhle-panama-edelstahl\/","title":{"rendered":"Zassenhaus Kaffeem\u00fchle Panama Edelstahl"},"content":{"rendered":"<p>Die Zassenhaus Kaffee-\/Espressom\u00fchle ist eine handliche, leichtg\u00e4ngige M\u00fchle deren Drehachse durch ein Kugellager gef\u00fchrt wird. Dank rostfreiem Edelstahl ist die M\u00fchle langlebig, robust und pflegeleicht. Mittels eines Verstellsteges unterhalb des Mahlwerkes kann der Mahlgrad individuell reguliert werden. Die Bohnen werden schonend gemahlen. Somit bleiben s\u00e4mtliche Aroma- und Vitalstoffe erhalten.   Die Zassenhaus Kaffeem\u00fchle-\/Espresso hat ein Fassungsverm\u00f6gen von 15 g. Garantie auf das Zassenhaus Edelstahl-Mahlwerk: 25 Jahre   Ma\u00dfe: Geh\u00e4use: 4,5 cm, Breite 12 cm, H\u00f6he 18 cm, Gewicht: 550 g<\/p>\n","protected":false},"excerpt":{"rendered":"<p>Die Zassenhaus Kaffee-\/Espressom\u00fchle ist eine handliche, leichtg\u00e4ngige M\u00fchle deren Drehachse durch ein Kugellager gef\u00fchrt wird. Dank rostfreiem Edelstahl ist die M\u00fchle langlebig, robust und pflegeleicht. Mittels eines Verstellsteges unterhalb des Mahlwerkes kann der Mahlgrad individuell reguliert werden. Die Bohnen werden schonend gemahlen. Somit bleiben s\u00e4mtliche Aroma- und Vitalstoffe erhalten. Die Zassenhaus Kaffeem\u00fchle-\/Espresso hat ein Fassungsverm\u00f6gen [&hellip;]<\/p>\n","protected":false},"featured_media":16218,"comment_status":"closed","ping_status":"open","template":"","meta":[],"product_brand":[],"product_cat":[300,215],"product_tag":[],"class_list":{"0":"post-15053","1":"product","2":"type-product","3":"status-publish","4":"has-post-thumbnail","6":"product_cat-kaffeemuhlen","7":"product_cat-kuchengerate-handbetrieb","9":"first","10":"outofstock","11":"taxable","12":"shipping-taxable","13":"purchasable","14":"product-type-simple"},"_links":{"self":[{"href":"https:\/\/ebay.luba.de\/index.php\/wp-json\/wp\/v2\/product\/15053","targetHints":{"allow":["GET"]}}],"collection":[{"href":"https:\/\/ebay.luba.de\/index.php\/wp-json\/wp\/v2\/product"}],"about":[{"href":"https:\/\/ebay.luba.de\/index.php\/wp-json\/wp\/v2\/types\/product"}],"replies":[{"embeddable":true,"href":"https:\/\/ebay.luba.de\/index.php\/wp-json\/wp\/v2\/comments?post=15053"}],"wp:featuredmedia":[{"embeddable":true,"href":"https:\/\/ebay.luba.de\/index.php\/wp-json\/wp\/v2\/media\/16218"}],"wp:attachment":[{"href":"https:\/\/ebay.luba.de\/index.php\/wp-json\/wp\/v2\/media?parent=15053"}],"wp:term":[{"taxonomy":"product_brand","embeddable":true,"href":"https:\/\/ebay.luba.de\/index.php\/wp-json\/wp\/v2\/product_brand?post=15053"},{"taxonomy":"product_cat","embeddable":true,"href":"https:\/\/ebay.luba.de\/index.php\/wp-json\/wp\/v2\/product_cat?post=15053"},{"taxonomy":"product_tag","embeddable":true,"href":"https:\/\/ebay.luba.de\/index.php\/wp-json\/wp\/v2\/product_tag?post=15053"}],"curies":[{"name":"wp","href":"https:\/\/api.w.org\/{rel}","templated":true}]}}