{"id":15052,"date":"2020-12-06T15:54:41","date_gmt":"2020-12-06T15:54:41","guid":{"rendered":"https:\/\/ebay.luba.de\/index.php\/product\/vegan-star-active-suppen-vegan-drink-zuber\/"},"modified":"2023-01-23T15:51:04","modified_gmt":"2023-01-23T15:51:04","slug":"vegan-star-active-suppen-vegan-drink-zuber","status":"publish","type":"product","link":"https:\/\/ebay.luba.de\/index.php\/product\/vegan-star-active-suppen-vegan-drink-zuber\/","title":{"rendered":"Vegan Star Active, Suppen- + Vegan-Drink-Zuber."},"content":{"rendered":"<p>Mit Vegan Star Active stellen Sie geschmackvolle vegane Drinks her &#8211; aus Sojabohnen, N\u00fcssen, Getreidesamen, Reis, Mandeln u.v.m. Ganz nach Ihrem Geschmack. Und mehr noch: Tofu, Suppen, kalt in Rohkost-Qualit\u00e4t, warm oder hei\u00df, Babynahrung oder Shakes. Der dickwandige Beh\u00e4lter aus Edelstahl fasst bis zu 1,3 Liter. Die Verwirbelungsrippen sorgen f\u00fcr optimale Zerkleinerung der Zutaten und Sie erhalten geschmackvolle, cremige Drinks. Die 6 Programme und der leistungsstarke Motor verarbeiten bis zu 300 g Zutaten in einem Durchgang dabei werden hitzeempfindliche Vitamine gesch\u00fctzt.  Lieferumfang: Vegan Star Aktiv, Kochsieb, Messbecher, Reinigungsb\u00fcrste und Bedienungsanleitung mit Rezepten. Alle mit Lebensmitteln in Kontakt kommenden Teile sind BPA-frei.  Technische Daten: 750 Watt, Ma\u00dfe ca.  BxTxH 17 x 23,5 x 33 cm, Gewicht 2,5 kg..<\/p>\n","protected":false},"excerpt":{"rendered":"<p>Mit Vegan Star Active stellen Sie geschmackvolle vegane Drinks her &#8211; aus Sojabohnen, N\u00fcssen, Getreidesamen, Reis, Mandeln u.v.m. Ganz nach Ihrem Geschmack. Und mehr noch: Tofu, Suppen, kalt in Rohkost-Qualit\u00e4t, warm oder hei\u00df, Babynahrung oder Shakes. Der dickwandige Beh\u00e4lter aus Edelstahl fasst bis zu 1,3 Liter. Die Verwirbelungsrippen sorgen f\u00fcr optimale Zerkleinerung der Zutaten und [&hellip;]<\/p>\n","protected":false},"featured_media":16217,"comment_status":"closed","ping_status":"open","template":"","meta":[],"product_brand":[],"product_cat":[193],"product_tag":[],"class_list":{"0":"post-15052","1":"product","2":"type-product","3":"status-publish","4":"has-post-thumbnail","6":"product_cat-unkategorisiert","8":"first","9":"outofstock","10":"taxable","11":"shipping-taxable","12":"purchasable","13":"product-type-simple"},"_links":{"self":[{"href":"https:\/\/ebay.luba.de\/index.php\/wp-json\/wp\/v2\/product\/15052","targetHints":{"allow":["GET"]}}],"collection":[{"href":"https:\/\/ebay.luba.de\/index.php\/wp-json\/wp\/v2\/product"}],"about":[{"href":"https:\/\/ebay.luba.de\/index.php\/wp-json\/wp\/v2\/types\/product"}],"replies":[{"embeddable":true,"href":"https:\/\/ebay.luba.de\/index.php\/wp-json\/wp\/v2\/comments?post=15052"}],"wp:featuredmedia":[{"embeddable":true,"href":"https:\/\/ebay.luba.de\/index.php\/wp-json\/wp\/v2\/media\/16217"}],"wp:attachment":[{"href":"https:\/\/ebay.luba.de\/index.php\/wp-json\/wp\/v2\/media?parent=15052"}],"wp:term":[{"taxonomy":"product_brand","embeddable":true,"href":"https:\/\/ebay.luba.de\/index.php\/wp-json\/wp\/v2\/product_brand?post=15052"},{"taxonomy":"product_cat","embeddable":true,"href":"https:\/\/ebay.luba.de\/index.php\/wp-json\/wp\/v2\/product_cat?post=15052"},{"taxonomy":"product_tag","embeddable":true,"href":"https:\/\/ebay.luba.de\/index.php\/wp-json\/wp\/v2\/product_tag?post=15052"}],"curies":[{"name":"wp","href":"https:\/\/api.w.org\/{rel}","templated":true}]}}