{"id":15045,"date":"2020-12-06T15:53:33","date_gmt":"2020-12-06T15:53:33","guid":{"rendered":"https:\/\/ebay.luba.de\/index.php\/product\/jupiter-motorblock-typ-862-schwarz-200-watt\/"},"modified":"2023-09-26T06:51:16","modified_gmt":"2023-09-26T06:51:16","slug":"jupiter-motorblock-typ-862-schwarz-200-watt","status":"publish","type":"product","link":"https:\/\/ebay.luba.de\/index.php\/product\/jupiter-motorblock-typ-862-schwarz-200-watt\/","title":{"rendered":"Jupiter Motorblock Typ 862, schwarz, 200 Watt"},"content":{"rendered":"<h2><em>Jupiter<\/em> Motorblock 862 (862-160)<\/h2>\n<p>Mit diesem Grundger\u00e4t schaffen Sie sich unz\u00e4hlige M\u00f6glichkeiten und haben durch eine Vielzahl an Auf- und Vors\u00e4tzen, ein absolutes Multitalent in Ihrer K\u00fcche!\u00a0 An den Jupiter Systemantrieb 862 Universal-Bajonettverschluss lassen sich verschiedene Vors\u00e4tze von Jupiter sowie Messerschmidt anschlie\u00dfen. Der Motorantrieb ist die Basis f\u00fcr Gem\u00fcsewolf, Raffel und Co. Einfach den passenden Vorsatz w\u00e4hlen, aufstecken und frisch genie\u00dfen.\u00a0 Ideal auch f\u00fcr kleinere und mittelgro\u00dfe Mengen.\u00a0 Der Antrieb hat austauschbare Blenden in Wei\u00df, Rot, Anthrazit Mit einem aufsteckbarem Timer, praktischem Tragegriff und einem sicheren 3-Stufen Bedienfeld.<\/p>\n<p>Im Lieferumfang sind Blenden in den Farben Wei\u00df, Rot sowie Anthrazit enthalten so das Sie selbst die Optik Ihres MySystem Systemantriebs jederzeit \u00e4ndern k\u00f6nnen. Ebenso im Paket enthalten ist eine Mitgeliefert wird au\u00dferdem ein Timer, der sich bei Nichtnutzung Ihres Jupiter-Motorblocks auf den Bajonett-Anschluss aufstecken l\u00e4sst.<\/p>\n<p>Mit den drei Geschwindigkeitsstufen finden Sie kinderleicht das passende Tempo f\u00fcr jede Anwendung. Dabei ist die Bedienung besonders sicher, denn der Antrieb f\u00e4ngt erst an zu arbeiten, wenn die gew\u00fcnschte Geschwindigkeitsstufe best\u00e4tigt ist.<\/p>\n<p>&#8211; Energiesparend<br \/>\n&#8211; Dauerlauffest<br \/>\n&#8211; Wartungsfrei<br \/>\n&#8211; 200 W \/ 230 V<\/p>\n<p>Ma\u00dfe: H x B x T: 26 x 15 x 22 cm<\/p>\n<p>&nbsp;<\/p>\n<p><strong>Lieferumfang:<\/strong><br \/>\n&#8211; Systemantrieb mit Kupplung f\u00fcr einfachen Vorsatztausch<br \/>\n&#8211; Austauschbare Blenden<br \/>\n&#8211; Steckbarer Timer<\/p>\n<h2>Vors\u00e4tze f\u00fcr den Jupiter Motorblock:<\/h2>\n<ul>\n<li>der\u00a0<em>Messerschmidt<\/em>\u00a0Stahlmahlwerk-Vorsatz<\/li>\n<li><em>Messerschmidt<\/em>\u00a0Flockenbar-Vorsatz\u00a0f\u00fcr frische Getreideflocken<\/li>\n<li><em>Jupiter<\/em>\u00a0Raffelvorsatz\u00a0mit 3 Trommeln<\/li>\n<li><em>Jupiter<\/em>\u00a0Fleischwolf-Vorsatz Gr. 5<\/li>\n<li><em>Jupiter<\/em>\u00a0Spritzgeb\u00e4ckvorsatz\u00a0(nur in Verbindung mit dem Fleischwolfvorsatz nutzbar!)<\/li>\n<\/ul>\n","protected":false},"excerpt":{"rendered":"<p>Jupiter Motorblock 862 (862-160) Mit diesem Grundger\u00e4t schaffen Sie sich unz\u00e4hlige M\u00f6glichkeiten und haben durch eine Vielzahl an Auf- und Vors\u00e4tzen, ein absolutes Multitalent in Ihrer K\u00fcche!\u00a0 An den Jupiter Systemantrieb 862 Universal-Bajonettverschluss lassen sich verschiedene Vors\u00e4tze von Jupiter sowie Messerschmidt anschlie\u00dfen. Der Motorantrieb ist die Basis f\u00fcr Gem\u00fcsewolf, Raffel und Co. Einfach den passenden [&hellip;]<\/p>\n","protected":false},"featured_media":16170,"comment_status":"closed","ping_status":"open","template":"","meta":[],"product_brand":[],"product_cat":[202,238],"product_tag":[],"class_list":{"0":"post-15045","1":"product","2":"type-product","3":"status-publish","4":"has-post-thumbnail","6":"product_cat-kuchengerate-elektro","7":"product_cat-kuchenmaschinen","9":"first","10":"instock","11":"taxable","12":"shipping-taxable","13":"purchasable","14":"product-type-simple"},"_links":{"self":[{"href":"https:\/\/ebay.luba.de\/index.php\/wp-json\/wp\/v2\/product\/15045","targetHints":{"allow":["GET"]}}],"collection":[{"href":"https:\/\/ebay.luba.de\/index.php\/wp-json\/wp\/v2\/product"}],"about":[{"href":"https:\/\/ebay.luba.de\/index.php\/wp-json\/wp\/v2\/types\/product"}],"replies":[{"embeddable":true,"href":"https:\/\/ebay.luba.de\/index.php\/wp-json\/wp\/v2\/comments?post=15045"}],"wp:featuredmedia":[{"embeddable":true,"href":"https:\/\/ebay.luba.de\/index.php\/wp-json\/wp\/v2\/media\/16170"}],"wp:attachment":[{"href":"https:\/\/ebay.luba.de\/index.php\/wp-json\/wp\/v2\/media?parent=15045"}],"wp:term":[{"taxonomy":"product_brand","embeddable":true,"href":"https:\/\/ebay.luba.de\/index.php\/wp-json\/wp\/v2\/product_brand?post=15045"},{"taxonomy":"product_cat","embeddable":true,"href":"https:\/\/ebay.luba.de\/index.php\/wp-json\/wp\/v2\/product_cat?post=15045"},{"taxonomy":"product_tag","embeddable":true,"href":"https:\/\/ebay.luba.de\/index.php\/wp-json\/wp\/v2\/product_tag?post=15045"}],"curies":[{"name":"wp","href":"https:\/\/api.w.org\/{rel}","templated":true}]}}