{"id":15044,"date":"2020-12-06T15:53:33","date_gmt":"2020-12-06T15:53:33","guid":{"rendered":"https:\/\/ebay.luba.de\/index.php\/product\/garblech-zu-brod-taylor-garautomat\/"},"modified":"2023-09-26T06:51:08","modified_gmt":"2023-09-26T06:51:08","slug":"garblech-zu-brod-taylor-garautomat","status":"publish","type":"product","link":"https:\/\/ebay.luba.de\/index.php\/product\/garblech-zu-brod-taylor-garautomat\/","title":{"rendered":"G\u00e4rblech zu  Brod &#038; Taylor G\u00e4rautomat"},"content":{"rendered":"<p>zus\u00e4tzliches G\u00e4rblech f\u00fcr den Brod&amp;Taylor G\u00e4rautomat<\/p>\n","protected":false},"excerpt":{"rendered":"<p>zus\u00e4tzliches G\u00e4rblech f\u00fcr den Brod&amp;Taylor G\u00e4rautomat<\/p>\n","protected":false},"featured_media":16169,"comment_status":"closed","ping_status":"open","template":"","meta":[],"product_brand":[],"product_cat":[282,202],"product_tag":[],"class_list":{"0":"post-15044","1":"product","2":"type-product","3":"status-publish","4":"has-post-thumbnail","6":"product_cat-garautomaten","7":"product_cat-kuchengerate-elektro","9":"first","10":"instock","11":"taxable","12":"shipping-taxable","13":"purchasable","14":"product-type-simple"},"_links":{"self":[{"href":"https:\/\/ebay.luba.de\/index.php\/wp-json\/wp\/v2\/product\/15044","targetHints":{"allow":["GET"]}}],"collection":[{"href":"https:\/\/ebay.luba.de\/index.php\/wp-json\/wp\/v2\/product"}],"about":[{"href":"https:\/\/ebay.luba.de\/index.php\/wp-json\/wp\/v2\/types\/product"}],"replies":[{"embeddable":true,"href":"https:\/\/ebay.luba.de\/index.php\/wp-json\/wp\/v2\/comments?post=15044"}],"wp:featuredmedia":[{"embeddable":true,"href":"https:\/\/ebay.luba.de\/index.php\/wp-json\/wp\/v2\/media\/16169"}],"wp:attachment":[{"href":"https:\/\/ebay.luba.de\/index.php\/wp-json\/wp\/v2\/media?parent=15044"}],"wp:term":[{"taxonomy":"product_brand","embeddable":true,"href":"https:\/\/ebay.luba.de\/index.php\/wp-json\/wp\/v2\/product_brand?post=15044"},{"taxonomy":"product_cat","embeddable":true,"href":"https:\/\/ebay.luba.de\/index.php\/wp-json\/wp\/v2\/product_cat?post=15044"},{"taxonomy":"product_tag","embeddable":true,"href":"https:\/\/ebay.luba.de\/index.php\/wp-json\/wp\/v2\/product_tag?post=15044"}],"curies":[{"name":"wp","href":"https:\/\/api.w.org\/{rel}","templated":true}]}}