{"id":15039,"date":"2020-12-06T15:53:33","date_gmt":"2020-12-06T15:53:33","guid":{"rendered":"https:\/\/ebay.luba.de\/index.php\/product\/yden-d5-infrarot-dorrgerat\/"},"modified":"2020-12-06T15:53:53","modified_gmt":"2020-12-06T15:53:53","slug":"yden-d5-infrarot-dorrgerat","status":"publish","type":"product","link":"https:\/\/ebay.luba.de\/index.php\/product\/yden-d5-infrarot-dorrgerat\/","title":{"rendered":"Yden, D5 Infrarot D\u00f6rrger\u00e4t"},"content":{"rendered":"<p>Die neue Art des D\u00f6rrens mit Infrarotwellen, f\u00fcr bessere Ergebnisse und mehr k\u00f6stliches D\u00f6rrgut. Es hat einen Automatikmodus f\u00fcr einfaches, schnelles Trocknen. Der f\u00fcr das Design preisgekr\u00f6nte IR D5 ist das einzige D\u00f6rrger\u00e4t  welches den Schatten- und Sonnenmodus in einem Ger\u00e4t vereint. SONNEN MODUS: Dieser Modus hat den gleichen Effekt wie nat\u00fcrliche Sonnenstrahlen. Die NIR Lampen sorgen daf\u00fcr, dass Vitamin C, N\u00e4hrstoffe und Mineralien im D\u00f6rrgut bestm\u00f6glich erhalten bleiben. Im Sonnenmodus k\u00f6nnen Sie Ihre eigenen, k\u00f6stlichen sonnengetrockneten Tomaten, Trocken\ufb02eisch und andere K\u00f6stlichkeiten herstellen die etwas mehr Sonnenstrahlen ben\u00f6tigen, um ein schmackhaftes Aroma zu erhalten. SCHATTEN MODUS: Dieser Modus wird f\u00fcr D\u00f6rrgut verwendet welches eine kontrollierte Temperatur und Luftzirkulation ben\u00f6tigt und ist ideal f\u00fcr die Trocknung von Rohkost wie z.B. Fruchtleder, Gem\u00fcsechips etc..  Technische Daten: 500 Watt, Netzspannung 220-240 Volt, Temperatur 35-70 \u00b0C, Luftstrom: Horizontal, Zubeh\u00f6r: 5 Edelstahlgitter, 1 Kr\u00fcmelfach, 1 Luftfilter, Silikon Handschuhe, Gewicht: 8 kg<\/p>\n","protected":false},"excerpt":{"rendered":"<p>Die neue Art des D\u00f6rrens mit Infrarotwellen, f\u00fcr bessere Ergebnisse und mehr k\u00f6stliches D\u00f6rrgut. Es hat einen Automatikmodus f\u00fcr einfaches, schnelles Trocknen. Der f\u00fcr das Design preisgekr\u00f6nte IR D5 ist das einzige D\u00f6rrger\u00e4t welches den Schatten- und Sonnenmodus in einem Ger\u00e4t vereint. SONNEN MODUS: Dieser Modus hat den gleichen Effekt wie nat\u00fcrliche Sonnenstrahlen. Die NIR [&hellip;]<\/p>\n","protected":false},"featured_media":16157,"comment_status":"closed","ping_status":"open","template":"","meta":[],"product_brand":[],"product_cat":[209,202],"product_tag":[],"class_list":{"0":"post-15039","1":"product","2":"type-product","3":"status-publish","4":"has-post-thumbnail","6":"product_cat-dorrgerate","7":"product_cat-kuchengerate-elektro","9":"first","10":"outofstock","11":"taxable","12":"shipping-taxable","13":"purchasable","14":"product-type-simple"},"_links":{"self":[{"href":"https:\/\/ebay.luba.de\/index.php\/wp-json\/wp\/v2\/product\/15039","targetHints":{"allow":["GET"]}}],"collection":[{"href":"https:\/\/ebay.luba.de\/index.php\/wp-json\/wp\/v2\/product"}],"about":[{"href":"https:\/\/ebay.luba.de\/index.php\/wp-json\/wp\/v2\/types\/product"}],"replies":[{"embeddable":true,"href":"https:\/\/ebay.luba.de\/index.php\/wp-json\/wp\/v2\/comments?post=15039"}],"wp:featuredmedia":[{"embeddable":true,"href":"https:\/\/ebay.luba.de\/index.php\/wp-json\/wp\/v2\/media\/16157"}],"wp:attachment":[{"href":"https:\/\/ebay.luba.de\/index.php\/wp-json\/wp\/v2\/media?parent=15039"}],"wp:term":[{"taxonomy":"product_brand","embeddable":true,"href":"https:\/\/ebay.luba.de\/index.php\/wp-json\/wp\/v2\/product_brand?post=15039"},{"taxonomy":"product_cat","embeddable":true,"href":"https:\/\/ebay.luba.de\/index.php\/wp-json\/wp\/v2\/product_cat?post=15039"},{"taxonomy":"product_tag","embeddable":true,"href":"https:\/\/ebay.luba.de\/index.php\/wp-json\/wp\/v2\/product_tag?post=15039"}],"curies":[{"name":"wp","href":"https:\/\/api.w.org\/{rel}","templated":true}]}}