{"id":15036,"date":"2020-12-06T15:53:33","date_gmt":"2020-12-06T15:53:33","guid":{"rendered":"https:\/\/ebay.luba.de\/index.php\/product\/brod-taylor-garautomat-schongarer-fp-205\/"},"modified":"2023-09-26T09:51:06","modified_gmt":"2023-09-26T09:51:06","slug":"brod-taylor-garautomat-schongarer-fp-205","status":"publish","type":"product","link":"https:\/\/ebay.luba.de\/index.php\/product\/brod-taylor-garautomat-schongarer-fp-205\/","title":{"rendered":"Brod &#038; Taylor G\u00e4rautomat + Schongarer FP-205"},"content":{"rendered":"<h2><strong>Brod &amp; Taylor Klappbarer G\u00e4rautomat und Schongarer<\/strong><\/h2>\n<p>Der faltbare G\u00e4rautomat &amp; Schongarer FP-205 ist die Weiterentwicklung vom bekannten FP-201. Er besitzt eine noch bessere Temperaturgenauigkeit sowie einen Schongarmodus. Die Produktion vom FP-201 wurde somit eingestellt.<\/p>\n<p>Der Brod &amp; Taylor G\u00e4rautomat ist platzsparend zu verstauen und mit wenigen Handgriffen wieder gebrauchsfertig aufgebaut. Der FP-205 kann kontinuierlich verwendet (unser Schwarzer Knoblauch Rezept dauert 3-4 Wochen) werden um Ihnen Temperaturen von ca. 21 \u00b0C bis 90 \u00b0C zu bieten.<\/p>\n<h1>Faltbarer G\u00e4rautomat &amp; Schongarer<\/h1>\n<h3>Ein Ger\u00e4t. Unendliche M\u00f6glichkeiten.<\/h3>\n<div id=\"banner-1401089735\" class=\"banner has-hover\">\n<div class=\"height-fix is-invisible\"><img loading=\"lazy\" decoding=\"async\" class=\"attachment-original  lazy-load-active\" src=\"https:\/\/brodandtaylor.eu\/wp-content\/uploads\/2019\/08\/headerproofer.jpg\" sizes=\"auto, (max-width: 1180px) 100vw, 1180px\" srcset=\"https:\/\/brodandtaylor.eu\/wp-content\/uploads\/2019\/08\/headerproofer.jpg 1180w, https:\/\/brodandtaylor.eu\/wp-content\/uploads\/2019\/08\/headerproofer-400x185.jpg 400w, https:\/\/brodandtaylor.eu\/wp-content\/uploads\/2019\/08\/headerproofer-800x370.jpg 800w, https:\/\/brodandtaylor.eu\/wp-content\/uploads\/2019\/08\/headerproofer-768x355.jpg 768w\" alt=\"\" width=\"413\" height=\"191\" data-src=\"https:\/\/brodandtaylor.eu\/wp-content\/uploads\/2019\/08\/headerproofer.jpg\" data-srcset=\"https:\/\/brodandtaylor.eu\/wp-content\/uploads\/2019\/08\/headerproofer.jpg 1180w, https:\/\/brodandtaylor.eu\/wp-content\/uploads\/2019\/08\/headerproofer-400x185.jpg 400w, https:\/\/brodandtaylor.eu\/wp-content\/uploads\/2019\/08\/headerproofer-800x370.jpg 800w, https:\/\/brodandtaylor.eu\/wp-content\/uploads\/2019\/08\/headerproofer-768x355.jpg 768w\" \/><\/div>\n<\/div>\n<div id=\"row-1922252049\" class=\"row\">\n<div id=\"col-2002522740\" class=\"col medium-4 small-12 large-4\">\n<div class=\"col-inner\">\n<h3>Schongaren<\/h3>\n<div id=\"image_205603985\" class=\"img has-hover x md-x lg-x y md-y lg-y\">\n<div class=\"img-inner image-cover dark\"><img loading=\"lazy\" decoding=\"async\" class=\"attachment-large  lazy-load-active\" src=\"https:\/\/brodandtaylor.eu\/wp-content\/uploads\/2019\/08\/slowcookpot.jpg\" sizes=\"auto, (max-width: 400px) 100vw, 400px\" srcset=\"https:\/\/brodandtaylor.eu\/wp-content\/uploads\/2019\/08\/slowcookpot.jpg 400w, https:\/\/brodandtaylor.eu\/wp-content\/uploads\/2019\/08\/slowcookpot-280x280.jpg 280w, https:\/\/brodandtaylor.eu\/wp-content\/uploads\/2019\/08\/slowcookpot-100x100.jpg 100w\" alt=\"\" width=\"239\" height=\"239\" data-src=\"https:\/\/brodandtaylor.eu\/wp-content\/uploads\/2019\/08\/slowcookpot.jpg\" data-srcset=\"https:\/\/brodandtaylor.eu\/wp-content\/uploads\/2019\/08\/slowcookpot.jpg 400w, https:\/\/brodandtaylor.eu\/wp-content\/uploads\/2019\/08\/slowcookpot-280x280.jpg 280w, https:\/\/brodandtaylor.eu\/wp-content\/uploads\/2019\/08\/slowcookpot-100x100.jpg 100w\" \/><\/div>\n<\/div>\n<h4>Ihr Kochtopf wird zum Schongarer<\/h4>\n<p>Praktisches &amp; platzsparendes Design.<br \/>\nIhr Lieblings-Kochtopf wird zu Ihrem Lieblings-Schongarer.<\/p>\n<div id=\"image_512396876\" class=\"img has-hover x md-x lg-x y md-y lg-y\">\n<div class=\"img-inner dark\"><img loading=\"lazy\" decoding=\"async\" class=\"attachment-large  lazy-load-active\" src=\"https:\/\/brodandtaylor.eu\/wp-content\/uploads\/2019\/08\/FP-Slow-Cook-Cutaway-DE-1.jpg\" alt=\"\" width=\"254\" height=\"183\" data-src=\"https:\/\/brodandtaylor.eu\/wp-content\/uploads\/2019\/08\/FP-Slow-Cook-Cutaway-DE-1.jpg\" \/><\/div>\n<\/div>\n<\/div>\n<\/div>\n<div id=\"col-1030601945\" class=\"col medium-4 small-12 large-4\">\n<div class=\"col-inner\">\n<h3>G\u00e4ren<\/h3>\n<div id=\"image_2015685871\" class=\"img has-hover x md-x lg-x y md-y lg-y\">\n<div class=\"img-inner dark\"><img loading=\"lazy\" decoding=\"async\" class=\"attachment-large  lazy-load-active\" src=\"https:\/\/brodandtaylor.eu\/wp-content\/uploads\/2019\/08\/breadphoto.jpg\" sizes=\"auto, (max-width: 400px) 100vw, 400px\" srcset=\"https:\/\/brodandtaylor.eu\/wp-content\/uploads\/2019\/08\/breadphoto.jpg 400w, https:\/\/brodandtaylor.eu\/wp-content\/uploads\/2019\/08\/breadphoto-280x280.jpg 280w, https:\/\/brodandtaylor.eu\/wp-content\/uploads\/2019\/08\/breadphoto-100x100.jpg 100w\" alt=\"\" width=\"246\" height=\"246\" data-src=\"https:\/\/brodandtaylor.eu\/wp-content\/uploads\/2019\/08\/breadphoto.jpg\" data-srcset=\"https:\/\/brodandtaylor.eu\/wp-content\/uploads\/2019\/08\/breadphoto.jpg 400w, https:\/\/brodandtaylor.eu\/wp-content\/uploads\/2019\/08\/breadphoto-280x280.jpg 280w, https:\/\/brodandtaylor.eu\/wp-content\/uploads\/2019\/08\/breadphoto-100x100.jpg 100w\" \/><\/div>\n<\/div>\n<h4>Der Traum eines jeden Hobby-B\u00e4ckers<\/h4>\n<p>Genaue Temperaturregelung. Konstante Luftfeuchtigkeit.<\/p>\n<div id=\"image_458636312\" class=\"img has-hover x md-x lg-x y md-y lg-y\">\n<div class=\"img-inner dark\"><img loading=\"lazy\" decoding=\"async\" class=\"attachment-large  lazy-load-active\" src=\"https:\/\/brodandtaylor.eu\/wp-content\/uploads\/2019\/08\/FP-205-Bread-28C-DE.jpg\" alt=\"\" width=\"258\" height=\"186\" data-src=\"https:\/\/brodandtaylor.eu\/wp-content\/uploads\/2019\/08\/FP-205-Bread-28C-DE.jpg\" \/><\/div>\n<\/div>\n<\/div>\n<\/div>\n<div id=\"col-880046585\" class=\"col medium-4 small-12 large-4\">\n<div class=\"col-inner\">\n<h3>Kultivierung<\/h3>\n<div id=\"image_2141680776\" class=\"img has-hover x md-x lg-x y md-y lg-y\">\n<div class=\"img-inner dark\"><img loading=\"lazy\" decoding=\"async\" class=\"attachment-large  lazy-load-active\" src=\"https:\/\/brodandtaylor.eu\/wp-content\/uploads\/2019\/08\/yogurtpic.jpg\" sizes=\"auto, (max-width: 400px) 100vw, 400px\" srcset=\"https:\/\/brodandtaylor.eu\/wp-content\/uploads\/2019\/08\/yogurtpic.jpg 400w, https:\/\/brodandtaylor.eu\/wp-content\/uploads\/2019\/08\/yogurtpic-280x280.jpg 280w, https:\/\/brodandtaylor.eu\/wp-content\/uploads\/2019\/08\/yogurtpic-100x100.jpg 100w\" alt=\"\" width=\"246\" height=\"246\" data-src=\"https:\/\/brodandtaylor.eu\/wp-content\/uploads\/2019\/08\/yogurtpic.jpg\" data-srcset=\"https:\/\/brodandtaylor.eu\/wp-content\/uploads\/2019\/08\/yogurtpic.jpg 400w, https:\/\/brodandtaylor.eu\/wp-content\/uploads\/2019\/08\/yogurtpic-280x280.jpg 280w, https:\/\/brodandtaylor.eu\/wp-content\/uploads\/2019\/08\/yogurtpic-100x100.jpg 100w\" \/><\/div>\n<\/div>\n<h4>Kultivierung perfektioniert<\/h4>\n<p>Die ultimative L\u00f6sung f\u00fcr die Fermentierung und Kultivierung.<\/p>\n<div id=\"image_1351932205\" class=\"img has-hover x md-x lg-x y md-y lg-y\">\n<div class=\"img-inner dark\"><img loading=\"lazy\" decoding=\"async\" class=\"attachment-large  lazy-load-active\" src=\"https:\/\/brodandtaylor.eu\/wp-content\/uploads\/2019\/08\/FP-205-yogurt-30C-DE.jpg\" alt=\"\" width=\"253\" height=\"182\" data-src=\"https:\/\/brodandtaylor.eu\/wp-content\/uploads\/2019\/08\/FP-205-yogurt-30C-DE.jpg\" \/><\/div>\n<\/div>\n<\/div>\n<\/div>\n<\/div>\n<section id=\"section_496428145\" class=\"section dark\">\n<div class=\"bg section-bg fill bg-fill bg-loaded\"><\/div>\n<div class=\"section-content relative\">\n<div id=\"row-582096148\" class=\"row row-collapse row-full-width align-middle\">\n<div id=\"col-1238138213\" class=\"col medium-6 small-12 large-6\">\n<div class=\"col-inner text-left\">\n<h3 data-fontsize=\"44\" data-lineheight=\"48\">Ausgekl\u00fcgeltes faltbares Design<br \/>\nFaltbares Design f\u00fcr platzsparende Aufbewahrung<\/h3>\n<p>Gro\u00df genug, um mehrere Brotlaibe oder eine gro\u00dfe R\u00fchrsch\u00fcssel aufzunehmen \u2013 Zusammengeklappt passt er zusammen mit Ihren Backblechen oder Schneidebrettern, in jede gr\u00f6\u00dfere K\u00fcchenschublade. Das Gitter sowie die Wasserschale werden im zusammengeklappten Ger\u00e4t verstaut.<\/p>\n<\/div>\n<\/div>\n<div id=\"col-1819993864\" class=\"col medium-2 small-12 large-2\">\n<div class=\"col-inner\"><\/div>\n<\/div>\n<div id=\"col-1508538384\" class=\"col medium-4 small-12 large-4\">\n<div class=\"col-inner\">\n<div id=\"image_520575583\" class=\"img has-hover x md-x lg-x y md-y lg-y\">\n<div class=\"img-inner dark\"><img loading=\"lazy\" decoding=\"async\" class=\"attachment-large size-large lazy-load-active\" src=\"https:\/\/brodandtaylor.eu\/wp-content\/uploads\/2019\/08\/ProoferAnimation.gif\" alt=\"\" width=\"300\" height=\"169\" data-src=\"https:\/\/brodandtaylor.eu\/wp-content\/uploads\/2019\/08\/ProoferAnimation.gif\" \/><\/div>\n<\/div>\n<\/div>\n<\/div>\n<\/div>\n<\/div>\n<\/section>\n<div id=\"row-2015892372\" class=\"row\">\n<div id=\"col-666999560\" class=\"col medium-4 small-12 large-4\">\n<div class=\"col-inner\">\n<h3>Technische Daten<\/h3>\n<ul>\n<li>Temperaturbereich: 21\u00b0-49\u00ba C im G\u00e4rmodus &amp; bis zu 90\u00ba C im Schongarmodus<\/li>\n<li>Typische Luftfeuchtigkeit 60-80 %<\/li>\n<li>Heizplatte aus eloxiertem Aluminium<\/li>\n<li>Gitter aus Edelstahl<\/li>\n<li>Wasserschale aus Aluminium<\/li>\n<li>Verst\u00e4rkter Polypropylenk\u00f6rper mit gro\u00dfem Sichtfenster<\/li>\n<li>Bedienungsanleitung mit Rezeptheft<\/li>\n<li>Max. 200W Leistungsaufnahme<\/li>\n<li>Spannung: 220-240 V, 60 Hz (200 Watt)<\/li>\n<li>Gewicht: 3.4 kg, Gewicht mit Verpackung 4.3 kg<\/li>\n<\/ul>\n<\/div>\n<\/div>\n<div id=\"col-1141324499\" class=\"col medium-4 small-12 large-4\">\n<div class=\"col-inner\">\n<h3>Ma\u00dfe<\/h3>\n<ul>\n<li>Innenma\u00df (ge\u00f6ffnet) BxTxH:: 38 x 32 x 20 cm<\/li>\n<li>Au\u00dfenma\u00df (ge\u00f6ffnet) BxTxH: 46 x 37 x 27 cm<\/li>\n<li>Au\u00dfenma\u00df (gefaltet) BxTxH: 46 x 37 x 8 cm<\/li>\n<\/ul>\n<\/div>\n<\/div>\n<div id=\"col-26839414\" class=\"col medium-4 small-12 large-4\">\n<div class=\"col-inner\">\n<h3>Modellinformationen<\/h3>\n<ul>\n<li>Das Modell FP-205 Faltbarer G\u00e4rautomat und Schongarer ersetzt das Modell FP-201. Der FP-205 ist eine Weiterentwicklung des FP-201 und beinhaltet zus\u00e4tzlich einen Slow-Cook-Modus. Siehe FAQs f\u00fcr weitere Informationen.<\/li>\n<li>Lagerung: Gitter, Wasserschale sowie W\u00e4nde k\u00f6nnen im G\u00e4rautomaten verstaut werden.<\/li>\n<li>Netzkabel: Sie erhalten einen EU Schukostecker (wie abgebildet). Wir haben auch Stecker f\u00fcr weitere L\u00e4nder wie. Z.B. Gro\u00df Britannien &amp; Irland auf Lager. Bitte kontaktieren Sie uns sollten Sie ein anderes Kabel ben\u00f6tigen.<\/li>\n<li>Alle abnehmbaren Teile sind sp\u00fclmaschinenfest<\/li>\n<\/ul>\n<\/div>\n<\/div>\n<\/div>\n<h2>Wie es funktioniert: G\u00e4rmodus<\/h2>\n<p>Der Brod &amp; Taylor G\u00e4rautomat &amp; Schongarer FP 205 schafft eine Umgebung mit gleichbleibender Niedertemperaturw\u00e4rme, die f\u00fcr viele Kochprozesse unerl\u00e4sslich ist. Unser G\u00e4rautomat bietet die ideale W\u00e4rme f\u00fcr Teig, Joghurt, Superfoods und zum Schokolade temperieren.<\/p>\n<p>Ein Thermostat in der Unterseite des G\u00e4rautomaten steuert die W\u00e4rme, sodass der G\u00e4rautomat viel kontinuierlicher arbeitet als handels\u00fcbliche Joghurtzubereiter, Dehydratoren oder \u00d6fen mit G\u00e4reinsch\u00fcben. Die Zutaten werden durch Strahlungsw\u00e4rme von der Basis erw\u00e4rmt und bleiben in der Regel innerhalb von wenigen Grad stabil.<\/p>\n<p>Schonende und gleichm\u00e4\u00dfige Strahlungsw\u00e4rme steigt von der Aluminium-Heizplatte auf und erw\u00e4rmt die Zutaten. Gitter und Einsch\u00fcbe werden beim Verstauen im Ger\u00e4t aufbewahrt. Im G\u00e4rmodus stehen Ihnen mit dem digitalen Temperaturregler Einstellungen von 21\u00b0-49\u00b0 C zu Verf\u00fcgung.<\/p>\n<div class=\"col-sm-6\">\n<h3>G\u00e4rmodus \u2013 Feucht<\/h3>\n<\/div>\n<div class=\"col-sm-6\">F\u00fcr aufgehenden Brotteig kann die Luftfeuchtigkeit durch Verwendung des mitgelieferten Wasserbeh\u00e4lters (typische Luftfeuchtigkeit 60-80 %) erh\u00f6ht werden.<\/div>\n<div>\n<div class=\"col-sm-6\">\n<h3>G\u00e4rmodus \u2013 Trocken<\/h3>\n<p>Der Brod &amp; Taylor G\u00e4rautomat &amp; Schongarer FP 205 kann nat\u00fcrlich auch ohne Wasserschale benutzt werden. Dies ist f\u00fcr dem temperieren von Schokolade sowie das Herstellen von Joghurt, Butter, Tempeh, Kefir, Kombucha, Saurer Creme, Creme Fraiche, K\u00e4se und Natto besonders geeignet. Entfernen Sie dazu die Wasserschale und stellen Sie Ihren Beh\u00e4lter mit den Zutaten auf das Gestell \u00fcber der Heizplatte.<\/p>\n<\/div>\n<\/div>\n<div id=\"row-2042981387\" class=\"row\">\n<div id=\"col-2014363202\" class=\"col medium-6 small-12 large-6\">\n<div class=\"col-inner\">\n<div id=\"image_364458783\" class=\"img has-hover x md-x lg-x y md-y lg-y\">\n<div class=\"img-inner dark\"><img loading=\"lazy\" decoding=\"async\" class=\"attachment-large  lazy-load-active\" src=\"https:\/\/brodandtaylor.eu\/wp-content\/uploads\/2017\/01\/FP-Proof-humid-DE-1000x800.jpg\" sizes=\"auto, (max-width: 1000px) 100vw, 1000px\" srcset=\"https:\/\/brodandtaylor.eu\/wp-content\/uploads\/2017\/01\/FP-Proof-humid-DE-1000x800.jpg 1000w, https:\/\/brodandtaylor.eu\/wp-content\/uploads\/2017\/01\/FP-Proof-humid-DE-400x320.jpg 400w, https:\/\/brodandtaylor.eu\/wp-content\/uploads\/2017\/01\/FP-Proof-humid-DE-500x400.jpg 500w, https:\/\/brodandtaylor.eu\/wp-content\/uploads\/2017\/01\/FP-Proof-humid-DE-768x614.jpg 768w, https:\/\/brodandtaylor.eu\/wp-content\/uploads\/2017\/01\/FP-Proof-humid-DE.jpg 1158w\" alt=\"FP Proof humid\" width=\"341\" height=\"273\" data-src=\"https:\/\/brodandtaylor.eu\/wp-content\/uploads\/2017\/01\/FP-Proof-humid-DE-1000x800.jpg\" data-srcset=\"https:\/\/brodandtaylor.eu\/wp-content\/uploads\/2017\/01\/FP-Proof-humid-DE-1000x800.jpg 1000w, https:\/\/brodandtaylor.eu\/wp-content\/uploads\/2017\/01\/FP-Proof-humid-DE-400x320.jpg 400w, https:\/\/brodandtaylor.eu\/wp-content\/uploads\/2017\/01\/FP-Proof-humid-DE-500x400.jpg 500w, https:\/\/brodandtaylor.eu\/wp-content\/uploads\/2017\/01\/FP-Proof-humid-DE-768x614.jpg 768w, https:\/\/brodandtaylor.eu\/wp-content\/uploads\/2017\/01\/FP-Proof-humid-DE.jpg 1158w\" \/><\/div>\n<\/div>\n<\/div>\n<\/div>\n<div id=\"col-2047567034\" class=\"col medium-6 small-12 large-6\">\n<div class=\"col-inner\">\n<div id=\"image_798773294\" class=\"img has-hover x md-x lg-x y md-y lg-y\">\n<div class=\"img-inner dark\"><img loading=\"lazy\" decoding=\"async\" class=\"attachment-large  lazy-load-active\" src=\"https:\/\/brodandtaylor.eu\/wp-content\/uploads\/2017\/01\/FP-Proof-dry-DE-1000x800.jpg\" sizes=\"auto, (max-width: 1000px) 100vw, 1000px\" srcset=\"https:\/\/brodandtaylor.eu\/wp-content\/uploads\/2017\/01\/FP-Proof-dry-DE-1000x800.jpg 1000w, https:\/\/brodandtaylor.eu\/wp-content\/uploads\/2017\/01\/FP-Proof-dry-DE-400x320.jpg 400w, https:\/\/brodandtaylor.eu\/wp-content\/uploads\/2017\/01\/FP-Proof-dry-DE-500x400.jpg 500w, https:\/\/brodandtaylor.eu\/wp-content\/uploads\/2017\/01\/FP-Proof-dry-DE-768x614.jpg 768w, https:\/\/brodandtaylor.eu\/wp-content\/uploads\/2017\/01\/FP-Proof-dry-DE.jpg 1160w\" alt=\"FP Proof dry\" width=\"349\" height=\"279\" data-src=\"https:\/\/brodandtaylor.eu\/wp-content\/uploads\/2017\/01\/FP-Proof-dry-DE-1000x800.jpg\" data-srcset=\"https:\/\/brodandtaylor.eu\/wp-content\/uploads\/2017\/01\/FP-Proof-dry-DE-1000x800.jpg 1000w, https:\/\/brodandtaylor.eu\/wp-content\/uploads\/2017\/01\/FP-Proof-dry-DE-400x320.jpg 400w, https:\/\/brodandtaylor.eu\/wp-content\/uploads\/2017\/01\/FP-Proof-dry-DE-500x400.jpg 500w, https:\/\/brodandtaylor.eu\/wp-content\/uploads\/2017\/01\/FP-Proof-dry-DE-768x614.jpg 768w, https:\/\/brodandtaylor.eu\/wp-content\/uploads\/2017\/01\/FP-Proof-dry-DE.jpg 1160w\" \/><\/div>\n<\/div>\n<\/div>\n<\/div>\n<\/div>\n<div>\n<div>\n<h2>Wie es funktioniert: Schongarmodus<\/h2>\n<h3>Der erste faltbare Slow Cooker der Welt: Verstaut nur 8cm d\u00fcnn!<\/h3>\n<\/div>\n<div>Der Brod &amp; Taylor G\u00e4rautomat und Schongarer FP 205 kann im Schongarmodus betrieben werdem um traditionelle Slow-Cook Rezepte zu kochen oder mal etwas ausgefallenes zuzubereiten wie zum Beispiel schwarzen Knoblauch herzustellen oder Sous-Vide Kochen.<\/div>\n<div><\/div>\n<div>Stellen Sie hierzu Ihren Kochtopf direkt auf die Heizplatte. F\u00fcr das Schongaren wird sowohl das Gitter als auch die Wasserschale entfernt. Stellen Sie die gew\u00fcnschte Temperatur auf dem Digitaldisplay entsprechend den Angaben im Brod &amp; Taylor Rezept ein. Brod &amp; Taylor Slow-Cooker Rezepte finden Sie hier .<\/div>\n<\/div>\n<div id=\"row-1285554707\" class=\"row\">\n<div id=\"col-604034299\" class=\"col medium-7 small-12 large-7\">\n<div class=\"col-inner\">\n<div id=\"image_1607032077\" class=\"img has-hover x md-x lg-x y md-y lg-y\">\n<div class=\"img-inner dark\"><img loading=\"lazy\" decoding=\"async\" class=\"attachment-large  lazy-load-active\" src=\"https:\/\/brodandtaylor.eu\/wp-content\/uploads\/2017\/01\/FP-Slow-Cook-90C-DE-1197x800.jpg\" sizes=\"auto, (max-width: 1020px) 100vw, 1020px\" srcset=\"https:\/\/brodandtaylor.eu\/wp-content\/uploads\/2017\/01\/FP-Slow-Cook-90C-DE-1197x800.jpg 1197w, https:\/\/brodandtaylor.eu\/wp-content\/uploads\/2017\/01\/FP-Slow-Cook-90C-DE-400x267.jpg 400w, https:\/\/brodandtaylor.eu\/wp-content\/uploads\/2017\/01\/FP-Slow-Cook-90C-DE-599x400.jpg 599w, https:\/\/brodandtaylor.eu\/wp-content\/uploads\/2017\/01\/FP-Slow-Cook-90C-DE-768x513.jpg 768w, https:\/\/brodandtaylor.eu\/wp-content\/uploads\/2017\/01\/FP-Slow-Cook-90C-DE.jpg 1362w\" alt=\"FP Slow Cook 90C\" width=\"357\" height=\"239\" data-src=\"https:\/\/brodandtaylor.eu\/wp-content\/uploads\/2017\/01\/FP-Slow-Cook-90C-DE-1197x800.jpg\" data-srcset=\"https:\/\/brodandtaylor.eu\/wp-content\/uploads\/2017\/01\/FP-Slow-Cook-90C-DE-1197x800.jpg 1197w, https:\/\/brodandtaylor.eu\/wp-content\/uploads\/2017\/01\/FP-Slow-Cook-90C-DE-400x267.jpg 400w, https:\/\/brodandtaylor.eu\/wp-content\/uploads\/2017\/01\/FP-Slow-Cook-90C-DE-599x400.jpg 599w, https:\/\/brodandtaylor.eu\/wp-content\/uploads\/2017\/01\/FP-Slow-Cook-90C-DE-768x513.jpg 768w, https:\/\/brodandtaylor.eu\/wp-content\/uploads\/2017\/01\/FP-Slow-Cook-90C-DE.jpg 1362w\" \/><\/div>\n<\/div>\n<\/div>\n<\/div>\n<div id=\"col-1775165421\" class=\"col medium-5 small-12 large-5\">\n<div class=\"col-inner\">\n<div id=\"image_1486010813\" class=\"img has-hover x md-x lg-x y md-y lg-y\">\n<div class=\"img-inner dark\"><img loading=\"lazy\" decoding=\"async\" class=\"attachment-large  lazy-load-active\" src=\"https:\/\/brodandtaylor.eu\/wp-content\/uploads\/2017\/01\/Diane-Slow-cooker-with-red-pot-inside.jpg\" sizes=\"auto, (max-width: 893px) 100vw, 893px\" srcset=\"https:\/\/brodandtaylor.eu\/wp-content\/uploads\/2017\/01\/Diane-Slow-cooker-with-red-pot-inside.jpg 893w, https:\/\/brodandtaylor.eu\/wp-content\/uploads\/2017\/01\/Diane-Slow-cooker-with-red-pot-inside-400x355.jpg 400w, https:\/\/brodandtaylor.eu\/wp-content\/uploads\/2017\/01\/Diane-Slow-cooker-with-red-pot-inside-451x400.jpg 451w, https:\/\/brodandtaylor.eu\/wp-content\/uploads\/2017\/01\/Diane-Slow-cooker-with-red-pot-inside-768x681.jpg 768w\" alt=\"Diane Slow cooker with red pot inside\" width=\"314\" height=\"279\" data-src=\"https:\/\/brodandtaylor.eu\/wp-content\/uploads\/2017\/01\/Diane-Slow-cooker-with-red-pot-inside.jpg\" data-srcset=\"https:\/\/brodandtaylor.eu\/wp-content\/uploads\/2017\/01\/Diane-Slow-cooker-with-red-pot-inside.jpg 893w, https:\/\/brodandtaylor.eu\/wp-content\/uploads\/2017\/01\/Diane-Slow-cooker-with-red-pot-inside-400x355.jpg 400w, https:\/\/brodandtaylor.eu\/wp-content\/uploads\/2017\/01\/Diane-Slow-cooker-with-red-pot-inside-451x400.jpg 451w, https:\/\/brodandtaylor.eu\/wp-content\/uploads\/2017\/01\/Diane-Slow-cooker-with-red-pot-inside-768x681.jpg 768w\" \/><\/div>\n<\/div>\n<\/div>\n<\/div>\n<\/div>\n","protected":false},"excerpt":{"rendered":"<p>Brod &amp; Taylor Klappbarer G\u00e4rautomat und Schongarer Der faltbare G\u00e4rautomat &amp; Schongarer FP-205 ist die Weiterentwicklung vom bekannten FP-201. Er besitzt eine noch bessere Temperaturgenauigkeit sowie einen Schongarmodus. Die Produktion vom FP-201 wurde somit eingestellt. Der Brod &amp; Taylor G\u00e4rautomat ist platzsparend zu verstauen und mit wenigen Handgriffen wieder gebrauchsfertig aufgebaut. Der FP-205 kann kontinuierlich [&hellip;]<\/p>\n","protected":false},"featured_media":16153,"comment_status":"closed","ping_status":"closed","template":"","meta":[],"product_brand":[],"product_cat":[282,202],"product_tag":[],"class_list":{"0":"post-15036","1":"product","2":"type-product","3":"status-publish","4":"has-post-thumbnail","6":"product_cat-garautomaten","7":"product_cat-kuchengerate-elektro","9":"first","10":"instock","11":"taxable","12":"shipping-taxable","13":"purchasable","14":"product-type-simple"},"_links":{"self":[{"href":"https:\/\/ebay.luba.de\/index.php\/wp-json\/wp\/v2\/product\/15036","targetHints":{"allow":["GET"]}}],"collection":[{"href":"https:\/\/ebay.luba.de\/index.php\/wp-json\/wp\/v2\/product"}],"about":[{"href":"https:\/\/ebay.luba.de\/index.php\/wp-json\/wp\/v2\/types\/product"}],"replies":[{"embeddable":true,"href":"https:\/\/ebay.luba.de\/index.php\/wp-json\/wp\/v2\/comments?post=15036"}],"wp:featuredmedia":[{"embeddable":true,"href":"https:\/\/ebay.luba.de\/index.php\/wp-json\/wp\/v2\/media\/16153"}],"wp:attachment":[{"href":"https:\/\/ebay.luba.de\/index.php\/wp-json\/wp\/v2\/media?parent=15036"}],"wp:term":[{"taxonomy":"product_brand","embeddable":true,"href":"https:\/\/ebay.luba.de\/index.php\/wp-json\/wp\/v2\/product_brand?post=15036"},{"taxonomy":"product_cat","embeddable":true,"href":"https:\/\/ebay.luba.de\/index.php\/wp-json\/wp\/v2\/product_cat?post=15036"},{"taxonomy":"product_tag","embeddable":true,"href":"https:\/\/ebay.luba.de\/index.php\/wp-json\/wp\/v2\/product_tag?post=15036"}],"curies":[{"name":"wp","href":"https:\/\/api.w.org\/{rel}","templated":true}]}}