{"id":15034,"date":"2020-12-06T15:53:33","date_gmt":"2020-12-06T15:53:33","guid":{"rendered":"https:\/\/ebay.luba.de\/index.php\/product\/yden-olpresse\/"},"modified":"2023-07-25T07:51:07","modified_gmt":"2023-07-25T07:51:07","slug":"yden-olpresse","status":"publish","type":"product","link":"https:\/\/ebay.luba.de\/index.php\/product\/yden-olpresse\/","title":{"rendered":"Yden \u00d6lpresse"},"content":{"rendered":"<p>Kommerzielle \u00d6len werden manchmal bei Temperaturen von bis zu 300 \u00b0C gepresst. Mit der elektrischen \u00d6lpresse produzieren Sie Ihre nat\u00fcrlichen \u00d6le zu Hause. W\u00e4hlen Sie Ihre Samenart, Mandeln oder N\u00fcsse und bef\u00fcllen Sie den Trichter. Der Kaltpress-Prozess geht schnell und einfach. Genie\u00dfen Sie Ihre frischen \u00d6le in kalten Speisen, Salaten und Saucen. Am besten lagern Sie Ihr \u00d6l k\u00fchl und trocken in luftdichten, get\u00f6nten Gl\u00e4sern. F\u00fcgen Sie z.B. getrocknete Kr\u00e4uter hinzu um aromatisierte \u00d6le zu erhalten. Die Vielfalt ist unendlich.  Das formsch\u00f6ne Design passt in jede K\u00fcche und die hochwertige Verarbeitung spricht f\u00fcr sich.  Pressschnecke und Zylinder sind aus Edelstahl und mit den beiden mitgelieferten Auffangbeh\u00e4ltern haben Sie \u00d6lausbeute und Trester jederzeit im Blick.  Technische Daten: 650 Watt, Leistung: 220-240 Volt, Edelstahl-Transportschnecke, Ma\u00dfe: 18 x 30 x 35 cm, Gewicht 4,3 kg.<\/p>\n","protected":false},"excerpt":{"rendered":"<p>Kommerzielle \u00d6len werden manchmal bei Temperaturen von bis zu 300 \u00b0C gepresst. Mit der elektrischen \u00d6lpresse produzieren Sie Ihre nat\u00fcrlichen \u00d6le zu Hause. W\u00e4hlen Sie Ihre Samenart, Mandeln oder N\u00fcsse und bef\u00fcllen Sie den Trichter. Der Kaltpress-Prozess geht schnell und einfach. Genie\u00dfen Sie Ihre frischen \u00d6le in kalten Speisen, Salaten und Saucen. Am besten lagern [&hellip;]<\/p>\n","protected":false},"featured_media":16151,"comment_status":"closed","ping_status":"open","template":"","meta":[],"product_brand":[],"product_cat":[193],"product_tag":[],"class_list":{"0":"post-15034","1":"product","2":"type-product","3":"status-publish","4":"has-post-thumbnail","6":"product_cat-unkategorisiert","8":"first","9":"instock","10":"taxable","11":"shipping-taxable","12":"purchasable","13":"product-type-simple"},"_links":{"self":[{"href":"https:\/\/ebay.luba.de\/index.php\/wp-json\/wp\/v2\/product\/15034","targetHints":{"allow":["GET"]}}],"collection":[{"href":"https:\/\/ebay.luba.de\/index.php\/wp-json\/wp\/v2\/product"}],"about":[{"href":"https:\/\/ebay.luba.de\/index.php\/wp-json\/wp\/v2\/types\/product"}],"replies":[{"embeddable":true,"href":"https:\/\/ebay.luba.de\/index.php\/wp-json\/wp\/v2\/comments?post=15034"}],"wp:featuredmedia":[{"embeddable":true,"href":"https:\/\/ebay.luba.de\/index.php\/wp-json\/wp\/v2\/media\/16151"}],"wp:attachment":[{"href":"https:\/\/ebay.luba.de\/index.php\/wp-json\/wp\/v2\/media?parent=15034"}],"wp:term":[{"taxonomy":"product_brand","embeddable":true,"href":"https:\/\/ebay.luba.de\/index.php\/wp-json\/wp\/v2\/product_brand?post=15034"},{"taxonomy":"product_cat","embeddable":true,"href":"https:\/\/ebay.luba.de\/index.php\/wp-json\/wp\/v2\/product_cat?post=15034"},{"taxonomy":"product_tag","embeddable":true,"href":"https:\/\/ebay.luba.de\/index.php\/wp-json\/wp\/v2\/product_tag?post=15034"}],"curies":[{"name":"wp","href":"https:\/\/api.w.org\/{rel}","templated":true}]}}