{"id":15028,"date":"2020-12-06T15:53:33","date_gmt":"2020-12-06T15:53:33","guid":{"rendered":"https:\/\/ebay.luba.de\/index.php\/product\/brotchenbacker-die-patentierte-backplatte-rund\/"},"modified":"2021-11-13T17:51:16","modified_gmt":"2021-11-13T17:51:16","slug":"brotchenbacker-die-patentierte-backplatte-rund","status":"publish","type":"product","link":"https:\/\/ebay.luba.de\/index.php\/product\/brotchenbacker-die-patentierte-backplatte-rund\/","title":{"rendered":"Br\u00f6tchenb\u00e4cker &#8211; Die patentierte Backplatte &#8211; rund"},"content":{"rendered":"<p>Die Br\u00f6tchen-Backplatte mit integrierter Wasserrinne! Optimale Backergebnisse durch gezielte Wasserverdunstung. Rundum knusprige Br\u00f6tchen zu backen wird spielend leicht. Einfache Handhabung und Backergebnisse wie in einem Holzbackofen. Sp\u00fclmaschinengeeignet und einfach zu reinigen, sp\u00fclmaschinenfest. Die Backplatte ist aus w\u00e4rmespeichernder und unglasierter CeraFlam-Keramik von Hand in Deutschland hersgestellt, ist T\u00dcV-gepr\u00fcft und f\u00fcr Lebensmittel geeignet, Die Farbe changiert in Braunt\u00f6nen und erh\u00e4lt nach h\u00e4ufiger Nutzung eine nat\u00fcrliche Patina. Handmade in Germany, 15 Jahre Materialgarantie. Backplatte mit Rezeptheft, Ma\u00dfe:  \u00d8 37 cm \u00b7 H\u00f6he 4,5 cm<\/p>\n","protected":false},"excerpt":{"rendered":"<p>Die Br\u00f6tchen-Backplatte mit integrierter Wasserrinne! Optimale Backergebnisse durch gezielte Wasserverdunstung. Rundum knusprige Br\u00f6tchen zu backen wird spielend leicht. Einfache Handhabung und Backergebnisse wie in einem Holzbackofen. Sp\u00fclmaschinengeeignet und einfach zu reinigen, sp\u00fclmaschinenfest. Die Backplatte ist aus w\u00e4rmespeichernder und unglasierter CeraFlam-Keramik von Hand in Deutschland hersgestellt, ist T\u00dcV-gepr\u00fcft und f\u00fcr Lebensmittel geeignet, Die Farbe changiert in [&hellip;]<\/p>\n","protected":false},"featured_media":0,"comment_status":"closed","ping_status":"open","template":"","meta":[],"product_brand":[],"product_cat":[227,226,199],"product_tag":[],"class_list":{"0":"post-15028","1":"product","2":"type-product","3":"status-publish","5":"product_cat-backbleche-backsteine","6":"product_cat-backen","7":"product_cat-kuchenhelfer","9":"first","10":"outofstock","11":"taxable","12":"shipping-taxable","13":"purchasable","14":"product-type-simple"},"_links":{"self":[{"href":"https:\/\/ebay.luba.de\/index.php\/wp-json\/wp\/v2\/product\/15028","targetHints":{"allow":["GET"]}}],"collection":[{"href":"https:\/\/ebay.luba.de\/index.php\/wp-json\/wp\/v2\/product"}],"about":[{"href":"https:\/\/ebay.luba.de\/index.php\/wp-json\/wp\/v2\/types\/product"}],"replies":[{"embeddable":true,"href":"https:\/\/ebay.luba.de\/index.php\/wp-json\/wp\/v2\/comments?post=15028"}],"wp:attachment":[{"href":"https:\/\/ebay.luba.de\/index.php\/wp-json\/wp\/v2\/media?parent=15028"}],"wp:term":[{"taxonomy":"product_brand","embeddable":true,"href":"https:\/\/ebay.luba.de\/index.php\/wp-json\/wp\/v2\/product_brand?post=15028"},{"taxonomy":"product_cat","embeddable":true,"href":"https:\/\/ebay.luba.de\/index.php\/wp-json\/wp\/v2\/product_cat?post=15028"},{"taxonomy":"product_tag","embeddable":true,"href":"https:\/\/ebay.luba.de\/index.php\/wp-json\/wp\/v2\/product_tag?post=15028"}],"curies":[{"name":"wp","href":"https:\/\/api.w.org\/{rel}","templated":true}]}}