{"id":15023,"date":"2020-12-06T15:52:58","date_gmt":"2020-12-06T15:52:58","guid":{"rendered":"https:\/\/ebay.luba.de\/index.php\/product\/blendtec-wildside-jar-2-6-liter\/"},"modified":"2023-09-26T07:51:08","modified_gmt":"2023-09-26T07:51:08","slug":"blendtec-wildside-jar-2-6-liter","status":"publish","type":"product","link":"https:\/\/ebay.luba.de\/index.php\/product\/blendtec-wildside-jar-2-6-liter\/","title":{"rendered":"Blendtec WildSide+ Jar 2, 6 Liter"},"content":{"rendered":"<p>Die extraweite Form des &#8220;WildSide+ Jar&#8221;, kombiniert mit einer schmalen f\u00fcnften Seite, sorgt f\u00fcr eine maximale Mischleistung, auch bei gr\u00f6\u00dferen Mengen oder gefrorenen Zutaten. Die stumpfe Sicherheitsklinge ist 10 Mal st\u00e4rker und 80 % dicker als herk\u00f6mmliche Klingen. Der Beh\u00e4lter ist aus schlagfestem, BPA-freien Copolyester und passt auf alle Blendtec Mixer. Der Wildside+ Jar ist ideal f\u00fcr gr\u00f6\u00dfere Mischungen, High-Volume-Rezepten wie geeisten Frappuccino, Smoothies oder Herstellung von Brotteig. Der Beh\u00e4lter hat zwei vertikale Stege an den Innenw\u00e4nden, um das Mischmuster noch weiter zu verbessern und zu beschleunigen. Inhalt 2,6 l, f\u00fcr fl\u00fcssiges Mixgut bis 1,1 l<\/p>\n","protected":false},"excerpt":{"rendered":"<p>Die extraweite Form des &#8220;WildSide+ Jar&#8221;, kombiniert mit einer schmalen f\u00fcnften Seite, sorgt f\u00fcr eine maximale Mischleistung, auch bei gr\u00f6\u00dferen Mengen oder gefrorenen Zutaten. Die stumpfe Sicherheitsklinge ist 10 Mal st\u00e4rker und 80 % dicker als herk\u00f6mmliche Klingen. Der Beh\u00e4lter ist aus schlagfestem, BPA-freien Copolyester und passt auf alle Blendtec Mixer. Der Wildside+ Jar ist [&hellip;]<\/p>\n","protected":false},"featured_media":16103,"comment_status":"closed","ping_status":"open","template":"","meta":[],"product_brand":[],"product_cat":[202,241],"product_tag":[],"class_list":{"0":"post-15023","1":"product","2":"type-product","3":"status-publish","4":"has-post-thumbnail","6":"product_cat-kuchengerate-elektro","7":"product_cat-mixer-blender","9":"first","10":"instock","11":"taxable","12":"shipping-taxable","13":"purchasable","14":"product-type-simple"},"_links":{"self":[{"href":"https:\/\/ebay.luba.de\/index.php\/wp-json\/wp\/v2\/product\/15023","targetHints":{"allow":["GET"]}}],"collection":[{"href":"https:\/\/ebay.luba.de\/index.php\/wp-json\/wp\/v2\/product"}],"about":[{"href":"https:\/\/ebay.luba.de\/index.php\/wp-json\/wp\/v2\/types\/product"}],"replies":[{"embeddable":true,"href":"https:\/\/ebay.luba.de\/index.php\/wp-json\/wp\/v2\/comments?post=15023"}],"wp:featuredmedia":[{"embeddable":true,"href":"https:\/\/ebay.luba.de\/index.php\/wp-json\/wp\/v2\/media\/16103"}],"wp:attachment":[{"href":"https:\/\/ebay.luba.de\/index.php\/wp-json\/wp\/v2\/media?parent=15023"}],"wp:term":[{"taxonomy":"product_brand","embeddable":true,"href":"https:\/\/ebay.luba.de\/index.php\/wp-json\/wp\/v2\/product_brand?post=15023"},{"taxonomy":"product_cat","embeddable":true,"href":"https:\/\/ebay.luba.de\/index.php\/wp-json\/wp\/v2\/product_cat?post=15023"},{"taxonomy":"product_tag","embeddable":true,"href":"https:\/\/ebay.luba.de\/index.php\/wp-json\/wp\/v2\/product_tag?post=15023"}],"curies":[{"name":"wp","href":"https:\/\/api.w.org\/{rel}","templated":true}]}}