{"id":15021,"date":"2020-12-06T15:52:58","date_gmt":"2020-12-06T15:52:58","guid":{"rendered":"https:\/\/ebay.luba.de\/index.php\/product\/dejelin-dampfgarer-bio-pur-1700-watt\/"},"modified":"2023-04-28T11:51:07","modified_gmt":"2023-04-28T11:51:07","slug":"dejelin-dampfgarer-bio-pur-1700-watt","status":"publish","type":"product","link":"https:\/\/ebay.luba.de\/index.php\/product\/dejelin-dampfgarer-bio-pur-1700-watt\/","title":{"rendered":"Dejelin Dampfgarer Bio Pur 1700 Watt"},"content":{"rendered":"<p>Elektrischer Dampfgarer aus Edelstahl 18\/10 f\u00fcr h\u00f6chste Anspr\u00fcche.  Zeit und Energie sparen mit nur einem Ger\u00e4t f\u00fcr ein komplettes Menue. Auch f\u00fcr den Profi-Bereich geeignet. Vollausstattung: Doppelwandige Heizwanne, Zeitschaltuhr bis 90 Minuten oder Dauer, 3-Stufen Temperatur 60, 80, 100\u00b0, 3 Erh\u00f6hungen aus Tritan, BPA-frei,  2 gelochte K\u00f6rbe 65 mm hoch aus Edelstahl, 3 Abscheider, 1 Kochdeckel aus Sicherheitsglas, 1 Rezeptbuch, 2 Topfhandschuhe, 1 Porzellanschale 1 Liter, 1 Serviertablett, 2 Saucensch\u00e4lchen aus Edelstahl, 1 Wasserbad (Bain-Marie) H\u00f6he 60 mm, 1 Eierhalter aus Edelstahl, 1 Bio-Auffangbeh\u00e4lter f\u00fcr Kochfl\u00fcssigkeit.<\/p>\n","protected":false},"excerpt":{"rendered":"<p>Elektrischer Dampfgarer aus Edelstahl 18\/10 f\u00fcr h\u00f6chste Anspr\u00fcche. Zeit und Energie sparen mit nur einem Ger\u00e4t f\u00fcr ein komplettes Menue. Auch f\u00fcr den Profi-Bereich geeignet. Vollausstattung: Doppelwandige Heizwanne, Zeitschaltuhr bis 90 Minuten oder Dauer, 3-Stufen Temperatur 60, 80, 100\u00b0, 3 Erh\u00f6hungen aus Tritan, BPA-frei, 2 gelochte K\u00f6rbe 65 mm hoch aus Edelstahl, 3 Abscheider, 1 [&hellip;]<\/p>\n","protected":false},"featured_media":16101,"comment_status":"closed","ping_status":"open","template":"","meta":[],"product_brand":[],"product_cat":[291,202],"product_tag":[],"class_list":{"0":"post-15021","1":"product","2":"type-product","3":"status-publish","4":"has-post-thumbnail","6":"product_cat-dampfgaren","7":"product_cat-kuchengerate-elektro","9":"first","10":"outofstock","11":"taxable","12":"shipping-taxable","13":"purchasable","14":"product-type-simple"},"_links":{"self":[{"href":"https:\/\/ebay.luba.de\/index.php\/wp-json\/wp\/v2\/product\/15021","targetHints":{"allow":["GET"]}}],"collection":[{"href":"https:\/\/ebay.luba.de\/index.php\/wp-json\/wp\/v2\/product"}],"about":[{"href":"https:\/\/ebay.luba.de\/index.php\/wp-json\/wp\/v2\/types\/product"}],"replies":[{"embeddable":true,"href":"https:\/\/ebay.luba.de\/index.php\/wp-json\/wp\/v2\/comments?post=15021"}],"wp:featuredmedia":[{"embeddable":true,"href":"https:\/\/ebay.luba.de\/index.php\/wp-json\/wp\/v2\/media\/16101"}],"wp:attachment":[{"href":"https:\/\/ebay.luba.de\/index.php\/wp-json\/wp\/v2\/media?parent=15021"}],"wp:term":[{"taxonomy":"product_brand","embeddable":true,"href":"https:\/\/ebay.luba.de\/index.php\/wp-json\/wp\/v2\/product_brand?post=15021"},{"taxonomy":"product_cat","embeddable":true,"href":"https:\/\/ebay.luba.de\/index.php\/wp-json\/wp\/v2\/product_cat?post=15021"},{"taxonomy":"product_tag","embeddable":true,"href":"https:\/\/ebay.luba.de\/index.php\/wp-json\/wp\/v2\/product_tag?post=15021"}],"curies":[{"name":"wp","href":"https:\/\/api.w.org\/{rel}","templated":true}]}}