{"id":15020,"date":"2020-12-06T15:52:58","date_gmt":"2020-12-06T15:52:58","guid":{"rendered":"https:\/\/ebay.luba.de\/index.php\/product\/dejelin-dampfgarer-nutri-steam-1700-watt\/"},"modified":"2023-09-26T06:51:16","modified_gmt":"2023-09-26T06:51:16","slug":"dejelin-dampfgarer-nutri-steam-1700-watt","status":"publish","type":"product","link":"https:\/\/ebay.luba.de\/index.php\/product\/dejelin-dampfgarer-nutri-steam-1700-watt\/","title":{"rendered":"Dejelin Dampfgarer Nutri Steam 1700 Watt"},"content":{"rendered":"<p>Elektrischer Dampfgarer aus Edelstahl 18\/10 f\u00fcr H\u00f6chste Anspr\u00fcche.  Zeit und Energie sparen mit nur einem Ger\u00e4t f\u00fcr ein komplettes Menue. Auch f\u00fcr den Profi-Bereich geeignet. Grundausstattung: Doppelwandige Heizwanne, Zeitschaltuhr bis 90 Minuten oder Dauer, 3-Stufen Temperatur 60, 80, 100 \u00b0, 2 Erh\u00f6hungen aus Tritan, BPA-frei,  2 gelochte K\u00f6rbe 65 mm hoch aus Edelstahl, 1 Abscheider, 1 Kochdeckel aus Sicherheitsglas, 1 Rezeptbuch, 2 Topfhandschuhe, 1 Porzellanschale 0,6 Liter.<\/p>\n","protected":false},"excerpt":{"rendered":"<p>Elektrischer Dampfgarer aus Edelstahl 18\/10 f\u00fcr H\u00f6chste Anspr\u00fcche. Zeit und Energie sparen mit nur einem Ger\u00e4t f\u00fcr ein komplettes Menue. Auch f\u00fcr den Profi-Bereich geeignet. Grundausstattung: Doppelwandige Heizwanne, Zeitschaltuhr bis 90 Minuten oder Dauer, 3-Stufen Temperatur 60, 80, 100 \u00b0, 2 Erh\u00f6hungen aus Tritan, BPA-frei, 2 gelochte K\u00f6rbe 65 mm hoch aus Edelstahl, 1 Abscheider, [&hellip;]<\/p>\n","protected":false},"featured_media":0,"comment_status":"closed","ping_status":"open","template":"","meta":[],"product_brand":[],"product_cat":[291,202],"product_tag":[],"class_list":{"0":"post-15020","1":"product","2":"type-product","3":"status-publish","5":"product_cat-dampfgaren","6":"product_cat-kuchengerate-elektro","8":"first","9":"outofstock","10":"taxable","11":"shipping-taxable","12":"purchasable","13":"product-type-simple"},"_links":{"self":[{"href":"https:\/\/ebay.luba.de\/index.php\/wp-json\/wp\/v2\/product\/15020","targetHints":{"allow":["GET"]}}],"collection":[{"href":"https:\/\/ebay.luba.de\/index.php\/wp-json\/wp\/v2\/product"}],"about":[{"href":"https:\/\/ebay.luba.de\/index.php\/wp-json\/wp\/v2\/types\/product"}],"replies":[{"embeddable":true,"href":"https:\/\/ebay.luba.de\/index.php\/wp-json\/wp\/v2\/comments?post=15020"}],"wp:attachment":[{"href":"https:\/\/ebay.luba.de\/index.php\/wp-json\/wp\/v2\/media?parent=15020"}],"wp:term":[{"taxonomy":"product_brand","embeddable":true,"href":"https:\/\/ebay.luba.de\/index.php\/wp-json\/wp\/v2\/product_brand?post=15020"},{"taxonomy":"product_cat","embeddable":true,"href":"https:\/\/ebay.luba.de\/index.php\/wp-json\/wp\/v2\/product_cat?post=15020"},{"taxonomy":"product_tag","embeddable":true,"href":"https:\/\/ebay.luba.de\/index.php\/wp-json\/wp\/v2\/product_tag?post=15020"}],"curies":[{"name":"wp","href":"https:\/\/api.w.org\/{rel}","templated":true}]}}