{"id":15019,"date":"2020-12-06T15:52:58","date_gmt":"2020-12-06T15:52:58","guid":{"rendered":"https:\/\/ebay.luba.de\/index.php\/product\/kitchenaid-keramikschussel-4-8-l-schwarz-5ksmcb5mb\/"},"modified":"2020-12-06T15:53:13","modified_gmt":"2020-12-06T15:53:13","slug":"kitchenaid-keramikschussel-4-8-l-schwarz-5ksmcb5mb","status":"publish","type":"product","link":"https:\/\/ebay.luba.de\/index.php\/product\/kitchenaid-keramikschussel-4-8-l-schwarz-5ksmcb5mb\/","title":{"rendered":"KitchenAid Keramiksch\u00fcssel 4, 8 L schwarz 5KSMCB5MB"},"content":{"rendered":"<p>Hochwertige Keramiksch\u00fcssel in klassischem Design und trendigen Farben. F\u00fcllmenge bis 4,8 Liter. Mit Griff und Ausgie\u00dfer, um auch gr\u00f6\u00dfere Mengen zielgenau abzuf\u00fcllen. Die Keramik ist unempfindlich gegen Ger\u00fcche und Bakterien, leicht zu reinigen, mikrowellen-geeignet, ofenfest kann in die Sp\u00fclmaschine. Bei Nutzung im Ofen ist der Gewindering aus Polymer abnehmbar.<\/p>\n","protected":false},"excerpt":{"rendered":"<p>Hochwertige Keramiksch\u00fcssel in klassischem Design und trendigen Farben. F\u00fcllmenge bis 4,8 Liter. Mit Griff und Ausgie\u00dfer, um auch gr\u00f6\u00dfere Mengen zielgenau abzuf\u00fcllen. Die Keramik ist unempfindlich gegen Ger\u00fcche und Bakterien, leicht zu reinigen, mikrowellen-geeignet, ofenfest kann in die Sp\u00fclmaschine. Bei Nutzung im Ofen ist der Gewindering aus Polymer abnehmbar.<\/p>\n","protected":false},"featured_media":16100,"comment_status":"closed","ping_status":"open","template":"","meta":[],"product_brand":[],"product_cat":[242,202,203],"product_tag":[],"class_list":{"0":"post-15019","1":"product","2":"type-product","3":"status-publish","4":"has-post-thumbnail","6":"product_cat-kitchenaid","7":"product_cat-kuchengerate-elektro","8":"product_cat-kuchenmaschinen-zubehor","10":"first","11":"outofstock","12":"taxable","13":"shipping-taxable","14":"purchasable","15":"product-type-simple"},"_links":{"self":[{"href":"https:\/\/ebay.luba.de\/index.php\/wp-json\/wp\/v2\/product\/15019","targetHints":{"allow":["GET"]}}],"collection":[{"href":"https:\/\/ebay.luba.de\/index.php\/wp-json\/wp\/v2\/product"}],"about":[{"href":"https:\/\/ebay.luba.de\/index.php\/wp-json\/wp\/v2\/types\/product"}],"replies":[{"embeddable":true,"href":"https:\/\/ebay.luba.de\/index.php\/wp-json\/wp\/v2\/comments?post=15019"}],"wp:featuredmedia":[{"embeddable":true,"href":"https:\/\/ebay.luba.de\/index.php\/wp-json\/wp\/v2\/media\/16100"}],"wp:attachment":[{"href":"https:\/\/ebay.luba.de\/index.php\/wp-json\/wp\/v2\/media?parent=15019"}],"wp:term":[{"taxonomy":"product_brand","embeddable":true,"href":"https:\/\/ebay.luba.de\/index.php\/wp-json\/wp\/v2\/product_brand?post=15019"},{"taxonomy":"product_cat","embeddable":true,"href":"https:\/\/ebay.luba.de\/index.php\/wp-json\/wp\/v2\/product_cat?post=15019"},{"taxonomy":"product_tag","embeddable":true,"href":"https:\/\/ebay.luba.de\/index.php\/wp-json\/wp\/v2\/product_tag?post=15019"}],"curies":[{"name":"wp","href":"https:\/\/api.w.org\/{rel}","templated":true}]}}