{"id":15016,"date":"2020-12-06T15:52:58","date_gmt":"2020-12-06T15:52:58","guid":{"rendered":"https:\/\/ebay.luba.de\/index.php\/product\/artisan-magnetic-drive-blender-empire-rot\/"},"modified":"2022-06-14T13:51:15","modified_gmt":"2022-06-14T13:51:15","slug":"artisan-magnetic-drive-blender-empire-rot","status":"publish","type":"product","link":"https:\/\/ebay.luba.de\/index.php\/product\/artisan-magnetic-drive-blender-empire-rot\/","title":{"rendered":"Artisan Magnetic Drive Blender, empire rot"},"content":{"rendered":"<p>Der Magnetic Drive Blender hat einen leistungsstarken 2-PS-Motor mit Intelli_Speed-Technologie, dadurch kontrollierte Leistungs\u00fcbertragung mit automatisch optimierter Klingengeschwindigkeit f\u00fcr seidig-samtige bis extra s\u00e4mige Ergebnisse. Er hat 4 Rezeptprogramme mit Impulsfunktion, manuelle Geschwindigkeitsregelung und Sanftanlauf. F\u00fcr Kaltgetr\u00e4nke, Smoothies, Milchshakes, Suppen, So\u00dfen und S\u00e4fte mit nur einem Knopfdruck. Krug einsetzen, Programmknopf dr\u00fccken und entspannen, w\u00e4hrend der Standmixer \u00fcberragende Ergebnisse abliefert.  Mixsystem mit rautenf\u00f6rmigem Krug und\u00a0Edelstahlmessern, f\u00fcr \u00fcberragende Leistung: Zutaten werden f\u00fcr gr\u00fcndliches Mixen optimal zur Klinge gef\u00fchrt. Revolution\u00e4re magnetische Kupplung mit\u00a0Einschub und Freihandbedienung, f\u00fcr eine neue Mix-Erfahrung: extrem einfach zu bedienen. Einteiliger, BPA-freier 1,8 L Krug (sp\u00fclmaschinengeeignet) zum Einschieben mit\u00a0rutschfestem, weichem Komfortgriff, fest schlie\u00dfendem Deckel und Zutatentrichter mit integriertem Messbecher zum Hinzugeben von\u00a0Zutaten w\u00e4hrend des Mixens. F\u00fcr kontinuierliches Mixen von gro\u00dfen und\u00a0kleinen Zutatenmengen ohne zus\u00e4tzliches Fixieren des Kruges oder Deckels. Markantes und edles Design im Metallgeh\u00e4use leicht zu Reinigen, robust und standfest im Betrieb.<\/p>\n","protected":false},"excerpt":{"rendered":"<p>Der Magnetic Drive Blender hat einen leistungsstarken 2-PS-Motor mit Intelli_Speed-Technologie, dadurch kontrollierte Leistungs\u00fcbertragung mit automatisch optimierter Klingengeschwindigkeit f\u00fcr seidig-samtige bis extra s\u00e4mige Ergebnisse. Er hat 4 Rezeptprogramme mit Impulsfunktion, manuelle Geschwindigkeitsregelung und Sanftanlauf. F\u00fcr Kaltgetr\u00e4nke, Smoothies, Milchshakes, Suppen, So\u00dfen und S\u00e4fte mit nur einem Knopfdruck. Krug einsetzen, Programmknopf dr\u00fccken und entspannen, w\u00e4hrend der Standmixer \u00fcberragende [&hellip;]<\/p>\n","protected":false},"featured_media":16097,"comment_status":"closed","ping_status":"open","template":"","meta":[],"product_brand":[],"product_cat":[202,241],"product_tag":[],"class_list":{"0":"post-15016","1":"product","2":"type-product","3":"status-publish","4":"has-post-thumbnail","6":"product_cat-kuchengerate-elektro","7":"product_cat-mixer-blender","9":"first","10":"outofstock","11":"taxable","12":"shipping-taxable","13":"purchasable","14":"product-type-simple"},"_links":{"self":[{"href":"https:\/\/ebay.luba.de\/index.php\/wp-json\/wp\/v2\/product\/15016","targetHints":{"allow":["GET"]}}],"collection":[{"href":"https:\/\/ebay.luba.de\/index.php\/wp-json\/wp\/v2\/product"}],"about":[{"href":"https:\/\/ebay.luba.de\/index.php\/wp-json\/wp\/v2\/types\/product"}],"replies":[{"embeddable":true,"href":"https:\/\/ebay.luba.de\/index.php\/wp-json\/wp\/v2\/comments?post=15016"}],"wp:featuredmedia":[{"embeddable":true,"href":"https:\/\/ebay.luba.de\/index.php\/wp-json\/wp\/v2\/media\/16097"}],"wp:attachment":[{"href":"https:\/\/ebay.luba.de\/index.php\/wp-json\/wp\/v2\/media?parent=15016"}],"wp:term":[{"taxonomy":"product_brand","embeddable":true,"href":"https:\/\/ebay.luba.de\/index.php\/wp-json\/wp\/v2\/product_brand?post=15016"},{"taxonomy":"product_cat","embeddable":true,"href":"https:\/\/ebay.luba.de\/index.php\/wp-json\/wp\/v2\/product_cat?post=15016"},{"taxonomy":"product_tag","embeddable":true,"href":"https:\/\/ebay.luba.de\/index.php\/wp-json\/wp\/v2\/product_tag?post=15016"}],"curies":[{"name":"wp","href":"https:\/\/api.w.org\/{rel}","templated":true}]}}