{"id":15014,"date":"2020-12-06T15:52:58","date_gmt":"2020-12-06T15:52:58","guid":{"rendered":"https:\/\/ebay.luba.de\/index.php\/product\/kitchenaid-standmixer-standmixer-silber\/"},"modified":"2020-12-06T15:53:11","modified_gmt":"2020-12-06T15:53:11","slug":"kitchenaid-standmixer-standmixer-silber","status":"publish","type":"product","link":"https:\/\/ebay.luba.de\/index.php\/product\/kitchenaid-standmixer-standmixer-silber\/","title":{"rendered":"KitchenAid Standmixer Standmixer silber"},"content":{"rendered":"<p>Der exklusive KitchenAid-Mixer im Rautendesign f\u00fchrt die Zutaten optimal zur Klinge, w\u00e4hrend die Intelli-Speed-Steuerung die optimale Geschwindigkeit jederzeit und bei jeder Einstellung anpasst. Der Deckel mit Zutateneinsatz ist gegen unbeabsichtigtes \u00d6ffnen gesichert. So k\u00f6nnen Sie im Handumdrehen frisches Obst oder Gem\u00fcse ebenso einfach wie Fleisch oder N\u00fcsse mixen! Auch hei\u00dfe Speisen sind dank des Sanftanlaufs kein Problem denn damit beginnt der Mixvorgang sehr langsam, bevor die Geschwindigkeitsstufe vorsichtig erh\u00f6ht wird; so werden Spritzer verhindert. Technische Daten: Spezielle Taste f\u00fcr hei\u00dfe Speisen sorgt f\u00fcr einen Sanftanlauf, Basis aus Spritzgussmetall, BPA-frei,  Leistung 615 Watt, Spannung 220\/240 V, max Drehzahl 11500 U\/min., Drehzahl 2000 U\/min. H\u00f6he 41,9 cm, Tiefe 21,6 cm, Breite 22,9 cm, Gewicht 4,5 kg<\/p>\n","protected":false},"excerpt":{"rendered":"<p>Der exklusive KitchenAid-Mixer im Rautendesign f\u00fchrt die Zutaten optimal zur Klinge, w\u00e4hrend die Intelli-Speed-Steuerung die optimale Geschwindigkeit jederzeit und bei jeder Einstellung anpasst. Der Deckel mit Zutateneinsatz ist gegen unbeabsichtigtes \u00d6ffnen gesichert. So k\u00f6nnen Sie im Handumdrehen frisches Obst oder Gem\u00fcse ebenso einfach wie Fleisch oder N\u00fcsse mixen! Auch hei\u00dfe Speisen sind dank des Sanftanlaufs [&hellip;]<\/p>\n","protected":false},"featured_media":16095,"comment_status":"closed","ping_status":"open","template":"","meta":[],"product_brand":[],"product_cat":[202,241],"product_tag":[],"class_list":{"0":"post-15014","1":"product","2":"type-product","3":"status-publish","4":"has-post-thumbnail","6":"product_cat-kuchengerate-elektro","7":"product_cat-mixer-blender","9":"first","10":"outofstock","11":"taxable","12":"shipping-taxable","13":"purchasable","14":"product-type-simple"},"_links":{"self":[{"href":"https:\/\/ebay.luba.de\/index.php\/wp-json\/wp\/v2\/product\/15014","targetHints":{"allow":["GET"]}}],"collection":[{"href":"https:\/\/ebay.luba.de\/index.php\/wp-json\/wp\/v2\/product"}],"about":[{"href":"https:\/\/ebay.luba.de\/index.php\/wp-json\/wp\/v2\/types\/product"}],"replies":[{"embeddable":true,"href":"https:\/\/ebay.luba.de\/index.php\/wp-json\/wp\/v2\/comments?post=15014"}],"wp:featuredmedia":[{"embeddable":true,"href":"https:\/\/ebay.luba.de\/index.php\/wp-json\/wp\/v2\/media\/16095"}],"wp:attachment":[{"href":"https:\/\/ebay.luba.de\/index.php\/wp-json\/wp\/v2\/media?parent=15014"}],"wp:term":[{"taxonomy":"product_brand","embeddable":true,"href":"https:\/\/ebay.luba.de\/index.php\/wp-json\/wp\/v2\/product_brand?post=15014"},{"taxonomy":"product_cat","embeddable":true,"href":"https:\/\/ebay.luba.de\/index.php\/wp-json\/wp\/v2\/product_cat?post=15014"},{"taxonomy":"product_tag","embeddable":true,"href":"https:\/\/ebay.luba.de\/index.php\/wp-json\/wp\/v2\/product_tag?post=15014"}],"curies":[{"name":"wp","href":"https:\/\/api.w.org\/{rel}","templated":true}]}}