{"id":15013,"date":"2020-12-06T15:52:58","date_gmt":"2020-12-06T15:52:58","guid":{"rendered":"https:\/\/ebay.luba.de\/index.php\/product\/blendtec-professional-800-schwarz\/"},"modified":"2023-09-26T06:51:17","modified_gmt":"2023-09-26T06:51:17","slug":"blendtec-professional-800-schwarz","status":"publish","type":"product","link":"https:\/\/ebay.luba.de\/index.php\/product\/blendtec-professional-800-schwarz\/","title":{"rendered":"Blendtec Professional 800 schwarz"},"content":{"rendered":"<section id=\"section_364206680\" class=\"section\">\n<div class=\"section-content relative\">Blendtec Pro 800: Der wohl leiseste Blender f\u00fcr den Haushalt.<\/div>\n<\/section>\n<p>Der Blendtec Pro 800 mit 3,8 PS Maximalleistung ist dank Blendtec Stealth Technology weltweit der leiseste Hochleistungsmixer seiner Klasse. Unsere bekannten und bew\u00e4hrten Schallschutzhauben im gewerblichen Bereich wurden nochmals f\u00fcr den Hausgebrauch weiterentwickelt um noch leiser zu sein \u2013 und all das in einer eleganten Optik kombiniert mit modernster Technik. Problemlos k\u00f6nnen Sie sich unterhalten w\u00e4hrend der Pro 800 mit voller Leistung f\u00fcr Sie arbeitet und perfekte Kreationen herstellt.<\/p>\n<h3>Beleuchtete Touch-Bedienoberfl\u00e4che<\/h3>\n<p>Ein intuitives Touchscreen mit einfach abzulesenden Elementen macht den Professional 800 vielseitig und besonders leicht zu bedienen. Angezeigt werden die Programme, Geschwindigkeitsregler sowie Restlaufzeit. Die absolut glatte Oberfl\u00e4che ist mit einem Wisch gereinigt.<\/p>\n<div id=\"row-1644566874\" class=\"row\">\n<div id=\"col-1683283770\" class=\"col medium-5 small-12 large-5\">\n<div class=\"col-inner\">\n<div id=\"image_308557198\" class=\"img has-hover x md-x lg-x y md-y lg-y\">\n<div class=\"img-inner dark\"><img loading=\"lazy\" decoding=\"async\" class=\"attachment-large size-large\" src=\"https:\/\/blendtec.de\/wp-content\/uploads\/2019\/09\/Professional-800-display.jpg\" alt=\"\" width=\"494\" height=\"224\" \/><\/div>\n<\/div>\n<\/div>\n<\/div>\n<\/div>\n<h3>11 Geschwindigkeitsstufen Touchschieberegler + Pulse<\/h3>\n<p>Design trifft Technologie, unser Touchpad strahlt einen gewissen Luxus aus. Streichen Sie einfach mit dem Finger auf dem Schieber nach rechts, um die Geschwindigkeit zu erh\u00f6hen, oder nach links, um sie zu verringern. Nutzen Sie Pulse f\u00fcr einen schnellen Schub an Power. Jegliche Handlung l\u00e4sst sich \u00fcber das Touchpad steuern.<\/p>\n<h3>6 Vorprogrammierte Abl\u00e4ufe<\/h3>\n<p>Der Blendtec Professional 800 bietet sechs ma\u00dfgeschneiderte Programmabl\u00e4ufe: Teig, Mixgetr\u00e4nke, Smoothie, Sorbet, Saft (aus ganzen Fr\u00fcchten), sowie hei\u00dfe Suppe. Die Programme ver\u00e4ndern automatisch die Mix-Intensit\u00e4t, um dauerhaft beste Resultate zu erm\u00f6glichen \u2013 alles mit einem einzigen Fingerdruck.<\/p>\n<div id=\"row-914243052\" class=\"row align-center row-divided\">\n<div id=\"col-725714707\" class=\"col medium-2 small-6 large-2\">\n<div class=\"col-inner text-center\">\n<div id=\"image_1164012844\" class=\"img has-hover x md-x lg-x y md-y lg-y\">\n<div class=\"img-inner dark\"><img loading=\"lazy\" decoding=\"async\" class=\"attachment-large \" src=\"https:\/\/blendtec.de\/wp-content\/uploads\/2019\/09\/dips.jpg\" sizes=\"auto, (max-width: 170px) 100vw, 170px\" srcset=\"https:\/\/blendtec.de\/wp-content\/uploads\/2019\/09\/dips.jpg 170w, https:\/\/blendtec.de\/wp-content\/uploads\/2019\/09\/dips-100x100.jpg 100w\" alt=\"\" width=\"50\" height=\"50\" \/>\u00a0R\u00fchrteig<\/div>\n<\/div>\n<\/div>\n<\/div>\n<div id=\"col-1696618445\" class=\"col medium-2 small-6 large-2\">\n<div class=\"col-inner text-center\">\n<div id=\"image_2081004138\" class=\"img has-hover x md-x lg-x y md-y lg-y\">\n<div class=\"img-inner dark\"><img loading=\"lazy\" decoding=\"async\" class=\"attachment-large \" src=\"https:\/\/blendtec.de\/wp-content\/uploads\/2019\/09\/milkshake.jpg\" sizes=\"auto, (max-width: 170px) 100vw, 170px\" srcset=\"https:\/\/blendtec.de\/wp-content\/uploads\/2019\/09\/milkshake.jpg 170w, https:\/\/blendtec.de\/wp-content\/uploads\/2019\/09\/milkshake-100x100.jpg 100w\" alt=\"\" width=\"53\" height=\"53\" \/>\u00a0Mixgetr\u00e4nke<\/div>\n<\/div>\n<\/div>\n<\/div>\n<div id=\"col-264159320\" class=\"col medium-2 small-6 large-2\">\n<div class=\"col-inner text-center\">\n<div id=\"image_803705330\" class=\"img has-hover x md-x lg-x y md-y lg-y\">\n<div class=\"img-inner dark\"><img loading=\"lazy\" decoding=\"async\" class=\"attachment-large \" src=\"https:\/\/blendtec.de\/wp-content\/uploads\/2019\/09\/smoothie.jpg\" sizes=\"auto, (max-width: 170px) 100vw, 170px\" srcset=\"https:\/\/blendtec.de\/wp-content\/uploads\/2019\/09\/smoothie.jpg 170w, https:\/\/blendtec.de\/wp-content\/uploads\/2019\/09\/smoothie-100x100.jpg 100w\" alt=\"\" width=\"57\" height=\"57\" \/>\u00a0Smoothie<\/div>\n<\/div>\n<\/div>\n<\/div>\n<div id=\"col-1340313035\" class=\"col medium-2 small-6 large-2\">\n<div class=\"col-inner text-center\">\n<div id=\"image_938777847\" class=\"img has-hover x md-x lg-x y md-y lg-y\">\n<div class=\"img-inner dark\"><img loading=\"lazy\" decoding=\"async\" class=\"attachment-large \" src=\"https:\/\/blendtec.de\/wp-content\/uploads\/2019\/09\/ice-cream.jpg\" sizes=\"auto, (max-width: 170px) 100vw, 170px\" srcset=\"https:\/\/blendtec.de\/wp-content\/uploads\/2019\/09\/ice-cream.jpg 170w, https:\/\/blendtec.de\/wp-content\/uploads\/2019\/09\/ice-cream-100x100.jpg 100w\" alt=\"\" width=\"57\" height=\"57\" \/>\u00a0Sorbet<\/div>\n<\/div>\n<\/div>\n<\/div>\n<div id=\"col-1277489189\" class=\"col medium-2 small-6 large-2\">\n<div class=\"col-inner text-center\">\n<div id=\"image_1236905750\" class=\"img has-hover x md-x lg-x y md-y lg-y\">\n<div class=\"img-inner dark\"><img loading=\"lazy\" decoding=\"async\" class=\"attachment-large \" src=\"https:\/\/blendtec.de\/wp-content\/uploads\/2019\/09\/whole-juice.jpg\" sizes=\"auto, (max-width: 170px) 100vw, 170px\" srcset=\"https:\/\/blendtec.de\/wp-content\/uploads\/2019\/09\/whole-juice.jpg 170w, https:\/\/blendtec.de\/wp-content\/uploads\/2019\/09\/whole-juice-100x100.jpg 100w\" alt=\"\" width=\"60\" height=\"60\" \/>\u00a0Saft (aus ganzen Fr\u00fcchten)<\/div>\n<\/div>\n<\/div>\n<\/div>\n<div id=\"col-999678608\" class=\"col medium-2 small-6 large-2\">\n<div class=\"col-inner text-center\">\n<div id=\"image_1227116135\" class=\"img has-hover x md-x lg-x y md-y lg-y\">\n<div class=\"img-inner dark\"><img loading=\"lazy\" decoding=\"async\" class=\"attachment-large \" src=\"https:\/\/blendtec.de\/wp-content\/uploads\/2019\/09\/hot-soup.jpg\" sizes=\"auto, (max-width: 170px) 100vw, 170px\" srcset=\"https:\/\/blendtec.de\/wp-content\/uploads\/2019\/09\/hot-soup.jpg 170w, https:\/\/blendtec.de\/wp-content\/uploads\/2019\/09\/hot-soup-100x100.jpg 100w\" alt=\"\" width=\"63\" height=\"63\" \/>\u00a0Hei\u00dfe Suppe<\/div>\n<\/div>\n<\/div>\n<\/div>\n<\/div>\n<h3>Besonderheiten des Blendtec Pro 800<\/h3>\n<ul>\n<li>1800 W Nennleistung, 240 V, 3,8 PS Maximalleistung<\/li>\n<li>Beleuchtete Touch-Oberfl\u00e4che sowie LCD Display<\/li>\n<li>6 vorprogrammierte Abl\u00e4ufe: R\u00fchrteig, Mixgetr\u00e4nke, Smoothie, Sorbet, Saft (aus ganzen Fr\u00fcchten), sowie hei\u00dfe Suppe<\/li>\n<li>11 ausw\u00e4hlbare Geschwindigkeitsstufen durch Touch Schieberegler + Pulse Funktion<\/li>\n<li>Das beleuchtete Display gibt Feedback, Informationen sowie die verbleibende Zeit an<\/li>\n<li>H\u00f6he x Breite x Tiefe: 43,9 cm x 21,8 cm x 22,9 cm \u2013 H\u00f6he mit ge\u00f6ffneter Haube 62 cm<\/li>\n<li>Gewicht 7,2 kg<\/li>\n<li>10 Jahre Garantie<\/li>\n<\/ul>\n<h3>Verpackungsinhalt<\/h3>\n<ul>\n<li>Professional 800 Motorbasis mit Schallschutzhaube<\/li>\n<li>WildSide+ Beh\u00e4lter (BPA-frei) mit ventiliertem Deckel<\/li>\n<li>Schnellstart-Anleitung sowie Rezepte<\/li>\n<\/ul>\n<div id=\"row-1200412668\" class=\"row row-small align-center\">\n<div id=\"col-878604419\" class=\"col medium-4 small-12 large-4\">\n<div class=\"col-inner\">\n<div id=\"image_2082394381\" class=\"img has-hover x md-x lg-x y md-y lg-y\">\n<div class=\"img-inner dark\"><img loading=\"lazy\" decoding=\"async\" class=\"attachment-large size-large\" src=\"https:\/\/blendtec.de\/wp-content\/uploads\/2019\/09\/blendtec-P800-WS-15.jpg\" alt=\"\" width=\"400\" height=\"267\" \/><\/div>\n<\/div>\n<\/div>\n<\/div>\n<div id=\"col-46041079\" class=\"col medium-4 small-12 large-4\">\n<div class=\"col-inner\">\n<div id=\"image_2040492809\" class=\"img has-hover x md-x lg-x y md-y lg-y\">\n<div class=\"img-inner dark\"><img loading=\"lazy\" decoding=\"async\" class=\"attachment-large size-large\" src=\"https:\/\/blendtec.de\/wp-content\/uploads\/2019\/09\/blendtec-P800_lifestyle_1.jpg\" alt=\"\" width=\"400\" height=\"267\" \/><\/div>\n<\/div>\n<\/div>\n<\/div>\n<div id=\"col-1514568589\" class=\"col medium-4 small-12 large-4\">\n<div class=\"col-inner\">\n<div id=\"image_756602129\" class=\"img has-hover x md-x lg-x y md-y lg-y\">\n<div class=\"img-inner dark\"><img loading=\"lazy\" decoding=\"async\" class=\"attachment-large size-large\" src=\"https:\/\/blendtec.de\/wp-content\/uploads\/2019\/09\/blendtec-P800-WS-9.jpg\" alt=\"\" width=\"400\" height=\"267\" \/><\/div>\n<\/div>\n<\/div>\n<\/div>\n<\/div>\n","protected":false},"excerpt":{"rendered":"<p>Blendtec Pro 800: Der wohl leiseste Blender f\u00fcr den Haushalt. Der Blendtec Pro 800 mit 3,8 PS Maximalleistung ist dank Blendtec Stealth Technology weltweit der leiseste Hochleistungsmixer seiner Klasse. Unsere bekannten und bew\u00e4hrten Schallschutzhauben im gewerblichen Bereich wurden nochmals f\u00fcr den Hausgebrauch weiterentwickelt um noch leiser zu sein \u2013 und all das in einer eleganten [&hellip;]<\/p>\n","protected":false},"featured_media":16094,"comment_status":"closed","ping_status":"closed","template":"","meta":[],"product_brand":[],"product_cat":[202,241],"product_tag":[],"class_list":{"0":"post-15013","1":"product","2":"type-product","3":"status-publish","4":"has-post-thumbnail","6":"product_cat-kuchengerate-elektro","7":"product_cat-mixer-blender","9":"first","10":"instock","11":"taxable","12":"shipping-taxable","13":"purchasable","14":"product-type-simple"},"_links":{"self":[{"href":"https:\/\/ebay.luba.de\/index.php\/wp-json\/wp\/v2\/product\/15013","targetHints":{"allow":["GET"]}}],"collection":[{"href":"https:\/\/ebay.luba.de\/index.php\/wp-json\/wp\/v2\/product"}],"about":[{"href":"https:\/\/ebay.luba.de\/index.php\/wp-json\/wp\/v2\/types\/product"}],"replies":[{"embeddable":true,"href":"https:\/\/ebay.luba.de\/index.php\/wp-json\/wp\/v2\/comments?post=15013"}],"wp:featuredmedia":[{"embeddable":true,"href":"https:\/\/ebay.luba.de\/index.php\/wp-json\/wp\/v2\/media\/16094"}],"wp:attachment":[{"href":"https:\/\/ebay.luba.de\/index.php\/wp-json\/wp\/v2\/media?parent=15013"}],"wp:term":[{"taxonomy":"product_brand","embeddable":true,"href":"https:\/\/ebay.luba.de\/index.php\/wp-json\/wp\/v2\/product_brand?post=15013"},{"taxonomy":"product_cat","embeddable":true,"href":"https:\/\/ebay.luba.de\/index.php\/wp-json\/wp\/v2\/product_cat?post=15013"},{"taxonomy":"product_tag","embeddable":true,"href":"https:\/\/ebay.luba.de\/index.php\/wp-json\/wp\/v2\/product_tag?post=15013"}],"curies":[{"name":"wp","href":"https:\/\/api.w.org\/{rel}","templated":true}]}}