{"id":15012,"date":"2020-12-06T15:53:18","date_gmt":"2020-12-06T15:53:18","guid":{"rendered":"https:\/\/ebay.luba.de\/index.php\/product\/blendtec-designer-625\/"},"modified":"2023-06-02T08:51:04","modified_gmt":"2023-06-02T08:51:04","slug":"eschenfelder-kornquetsche-tischm-holz-nussbaum","status":"publish","type":"product","link":"https:\/\/ebay.luba.de\/index.php\/product\/eschenfelder-kornquetsche-tischm-holz-nussbaum\/","title":{"rendered":"Eschenfelder Kornquetsche Tischm. \/Holz Nussbaum"},"content":{"rendered":"<p>Korn-Quetsche, Tischmodell, Holztrichter Nussbaum, inkl. Zwinge.  Trichter und Kurbelgriff sind bei dieser Korn-Quetsche aus dunklem Nussbaum. Dieses Holz ist ein &#8220;Liebhaber-Holz&#8221;, denn es hebt sich deutlich von den hellen g\u00e4ngigen Holzt\u00f6nen ab. Das Kernholz ist dunkelbraun bis schwarz und setzt durch den Kontrast zum Gestell aus Buchenholz einen interessanten Akzent. Neu bei diesem Modell sind auch die Verstell-R\u00e4ndelmuttern aus Edelstahl. Frisch gequetschtes Getreide enth\u00e4lt alle Vitalstoffe des vollen Korns und bildet so die Basis f\u00fcr eine gesunde, zeitgem\u00e4\u00dfe Ern\u00e4hrung. Durch den Quetschvorgang wird das Korn sanft aufgeschlossen und die wertvollen Keim\u00f6le, Tr\u00e4ger der Vitalstoffe und Enzyme, bleiben unverletzt. Die Konsistenz der Flocken ergibt ein angenehmes Kaugef\u00fchl und verleiht ihnen einen besonderen Geschmack.  Quetschwerk: zwei nickelfreie Edelstahlwalzen, verschlei\u00dffreier Betrieb ohne Zahnr\u00e4der. Sch\u00fctte: nickelfreier Edelstahl, leichte Reinigung durch offene Bauweise. Gestell: massives heimisches Buchenholz aus zertifiziert nachhaltigen Forstbest\u00e4nden mit Lein\u00f6lfirnis (biologisch) oberfl\u00e4chenbehandelt. Trichter: massiver heimischer Nussbaum aus zertifiziert nachhaltigen Forstbest\u00e4nden, mit Lein\u00f6lfirnis aus kbA behandelt, abnehmbar.   Ma\u00dfe HxBxT: 24x12x10 (ohne Kurbel)<\/p>\n","protected":false},"excerpt":{"rendered":"<p>Korn-Quetsche, Tischmodell, Holztrichter Nussbaum, inkl. Zwinge. Trichter und Kurbelgriff sind bei dieser Korn-Quetsche aus dunklem Nussbaum. Dieses Holz ist ein &#8220;Liebhaber-Holz&#8221;, denn es hebt sich deutlich von den hellen g\u00e4ngigen Holzt\u00f6nen ab. Das Kernholz ist dunkelbraun bis schwarz und setzt durch den Kontrast zum Gestell aus Buchenholz einen interessanten Akzent. Neu bei diesem Modell sind [&hellip;]<\/p>\n","protected":false},"featured_media":16143,"comment_status":"closed","ping_status":"open","template":"","meta":[],"product_brand":[],"product_cat":[217,215],"product_tag":[],"class_list":{"0":"post-15012","1":"product","2":"type-product","3":"status-publish","4":"has-post-thumbnail","6":"product_cat-flocker","7":"product_cat-kuchengerate-handbetrieb","9":"first","10":"instock","11":"taxable","12":"shipping-taxable","13":"purchasable","14":"product-type-simple"},"_links":{"self":[{"href":"https:\/\/ebay.luba.de\/index.php\/wp-json\/wp\/v2\/product\/15012","targetHints":{"allow":["GET"]}}],"collection":[{"href":"https:\/\/ebay.luba.de\/index.php\/wp-json\/wp\/v2\/product"}],"about":[{"href":"https:\/\/ebay.luba.de\/index.php\/wp-json\/wp\/v2\/types\/product"}],"replies":[{"embeddable":true,"href":"https:\/\/ebay.luba.de\/index.php\/wp-json\/wp\/v2\/comments?post=15012"}],"wp:featuredmedia":[{"embeddable":true,"href":"https:\/\/ebay.luba.de\/index.php\/wp-json\/wp\/v2\/media\/16143"}],"wp:attachment":[{"href":"https:\/\/ebay.luba.de\/index.php\/wp-json\/wp\/v2\/media?parent=15012"}],"wp:term":[{"taxonomy":"product_brand","embeddable":true,"href":"https:\/\/ebay.luba.de\/index.php\/wp-json\/wp\/v2\/product_brand?post=15012"},{"taxonomy":"product_cat","embeddable":true,"href":"https:\/\/ebay.luba.de\/index.php\/wp-json\/wp\/v2\/product_cat?post=15012"},{"taxonomy":"product_tag","embeddable":true,"href":"https:\/\/ebay.luba.de\/index.php\/wp-json\/wp\/v2\/product_tag?post=15012"}],"curies":[{"name":"wp","href":"https:\/\/api.w.org\/{rel}","templated":true}]}}