{"id":15001,"date":"2020-12-06T15:52:29","date_gmt":"2020-12-06T15:52:29","guid":{"rendered":"https:\/\/ebay.luba.de\/index.php\/product\/kitchenaid-2-sch-toaster-empire-rot-5kmt221eer\/"},"modified":"2021-02-12T22:51:48","modified_gmt":"2021-02-12T22:51:48","slug":"kitchenaid-2-sch-toaster-empire-rot-5kmt221eer","status":"publish","type":"product","link":"https:\/\/ebay.luba.de\/index.php\/product\/kitchenaid-2-sch-toaster-empire-rot-5kmt221eer\/","title":{"rendered":"KitchenAid 2-Sch. -Toaster empire rot (5KMT221EER)"},"content":{"rendered":"<p>Toaster aus Alugu\u00dfgeh\u00e4use mit extra breiten und langen Schlitzen f\u00fcr verschiedene Brotsorten. Es sind insgesamt 13 Br\u00e4unungsgrade w\u00e4hlbar. Automatisches Toasten mit Einzug und Auswurf, Warmhaltefunktion, h\u00e4lt den Toast f\u00fcr 3 min nach dem R\u00f6stvorgang warm, Ma\u00dfe H x B x T: 21 x 18,4 x 28,6 cm, Leistung 1100 Watt. Der 4-Scheiben Toaster hat eine Leistung von 1800 Watt.<\/p>\n","protected":false},"excerpt":{"rendered":"<p>Toaster aus Alugu\u00dfgeh\u00e4use mit extra breiten und langen Schlitzen f\u00fcr verschiedene Brotsorten. Es sind insgesamt 13 Br\u00e4unungsgrade w\u00e4hlbar. Automatisches Toasten mit Einzug und Auswurf, Warmhaltefunktion, h\u00e4lt den Toast f\u00fcr 3 min nach dem R\u00f6stvorgang warm, Ma\u00dfe H x B x T: 21 x 18,4 x 28,6 cm, Leistung 1100 Watt. Der 4-Scheiben Toaster hat eine [&hellip;]<\/p>\n","protected":false},"featured_media":16031,"comment_status":"closed","ping_status":"open","template":"","meta":[],"product_brand":[],"product_cat":[202,243],"product_tag":[],"class_list":{"0":"post-15001","1":"product","2":"type-product","3":"status-publish","4":"has-post-thumbnail","6":"product_cat-kuchengerate-elektro","7":"product_cat-toaster","9":"first","10":"outofstock","11":"taxable","12":"shipping-taxable","13":"purchasable","14":"product-type-simple"},"_links":{"self":[{"href":"https:\/\/ebay.luba.de\/index.php\/wp-json\/wp\/v2\/product\/15001","targetHints":{"allow":["GET"]}}],"collection":[{"href":"https:\/\/ebay.luba.de\/index.php\/wp-json\/wp\/v2\/product"}],"about":[{"href":"https:\/\/ebay.luba.de\/index.php\/wp-json\/wp\/v2\/types\/product"}],"replies":[{"embeddable":true,"href":"https:\/\/ebay.luba.de\/index.php\/wp-json\/wp\/v2\/comments?post=15001"}],"wp:featuredmedia":[{"embeddable":true,"href":"https:\/\/ebay.luba.de\/index.php\/wp-json\/wp\/v2\/media\/16031"}],"wp:attachment":[{"href":"https:\/\/ebay.luba.de\/index.php\/wp-json\/wp\/v2\/media?parent=15001"}],"wp:term":[{"taxonomy":"product_brand","embeddable":true,"href":"https:\/\/ebay.luba.de\/index.php\/wp-json\/wp\/v2\/product_brand?post=15001"},{"taxonomy":"product_cat","embeddable":true,"href":"https:\/\/ebay.luba.de\/index.php\/wp-json\/wp\/v2\/product_cat?post=15001"},{"taxonomy":"product_tag","embeddable":true,"href":"https:\/\/ebay.luba.de\/index.php\/wp-json\/wp\/v2\/product_tag?post=15001"}],"curies":[{"name":"wp","href":"https:\/\/api.w.org\/{rel}","templated":true}]}}