{"id":14999,"date":"2020-12-06T15:52:29","date_gmt":"2020-12-06T15:52:29","guid":{"rendered":"https:\/\/ebay.luba.de\/index.php\/product\/kitchenaid-personal-coffee-maker-empire-rot\/"},"modified":"2020-12-06T15:52:37","modified_gmt":"2020-12-06T15:52:37","slug":"kitchenaid-personal-coffee-maker-empire-rot","status":"publish","type":"product","link":"https:\/\/ebay.luba.de\/index.php\/product\/kitchenaid-personal-coffee-maker-empire-rot\/","title":{"rendered":"KitchenAid Personal Coffee Maker empire rot"},"content":{"rendered":"<p>Die praktische Kaffeemaschine mit einem 540 ml Thermo-Reisebecher. Hiermit k\u00f6nnen Sie perfekt Ihren eigenen &#8220;Coffee to go&#8221; br\u00fchen. Optimierte Br\u00fchfiltertechnologie mit elektronischer Temperaturregelung Abnehmbarer Dauerfilter mit Filterkorb aus BPA-freiem Kunststoff &#8211;  Keine Papierfilter notwendig; es k\u00f6nnen aber auch solche verwendet werden. Abnehmbarer Wassertank &#8211; F\u00fcr leichtes Nachf\u00fcllen und einfache Reinigung Technische Daten:  Leistung: bis 700 Watt, Ma\u00dfe H x B x T ca. 39,5 x 16,5 x 22,5 cm, Gewicht 2,7 kg.<\/p>\n","protected":false},"excerpt":{"rendered":"<p>Die praktische Kaffeemaschine mit einem 540 ml Thermo-Reisebecher. Hiermit k\u00f6nnen Sie perfekt Ihren eigenen &#8220;Coffee to go&#8221; br\u00fchen. Optimierte Br\u00fchfiltertechnologie mit elektronischer Temperaturregelung Abnehmbarer Dauerfilter mit Filterkorb aus BPA-freiem Kunststoff &#8211; Keine Papierfilter notwendig; es k\u00f6nnen aber auch solche verwendet werden. Abnehmbarer Wassertank &#8211; F\u00fcr leichtes Nachf\u00fcllen und einfache Reinigung Technische Daten: Leistung: bis 700 [&hellip;]<\/p>\n","protected":false},"featured_media":16029,"comment_status":"closed","ping_status":"open","template":"","meta":[],"product_brand":[],"product_cat":[246,202],"product_tag":[],"class_list":{"0":"post-14999","1":"product","2":"type-product","3":"status-publish","4":"has-post-thumbnail","6":"product_cat-kaffeemaschinen","7":"product_cat-kuchengerate-elektro","9":"first","10":"outofstock","11":"taxable","12":"shipping-taxable","13":"purchasable","14":"product-type-simple"},"_links":{"self":[{"href":"https:\/\/ebay.luba.de\/index.php\/wp-json\/wp\/v2\/product\/14999","targetHints":{"allow":["GET"]}}],"collection":[{"href":"https:\/\/ebay.luba.de\/index.php\/wp-json\/wp\/v2\/product"}],"about":[{"href":"https:\/\/ebay.luba.de\/index.php\/wp-json\/wp\/v2\/types\/product"}],"replies":[{"embeddable":true,"href":"https:\/\/ebay.luba.de\/index.php\/wp-json\/wp\/v2\/comments?post=14999"}],"wp:featuredmedia":[{"embeddable":true,"href":"https:\/\/ebay.luba.de\/index.php\/wp-json\/wp\/v2\/media\/16029"}],"wp:attachment":[{"href":"https:\/\/ebay.luba.de\/index.php\/wp-json\/wp\/v2\/media?parent=14999"}],"wp:term":[{"taxonomy":"product_brand","embeddable":true,"href":"https:\/\/ebay.luba.de\/index.php\/wp-json\/wp\/v2\/product_brand?post=14999"},{"taxonomy":"product_cat","embeddable":true,"href":"https:\/\/ebay.luba.de\/index.php\/wp-json\/wp\/v2\/product_cat?post=14999"},{"taxonomy":"product_tag","embeddable":true,"href":"https:\/\/ebay.luba.de\/index.php\/wp-json\/wp\/v2\/product_tag?post=14999"}],"curies":[{"name":"wp","href":"https:\/\/api.w.org\/{rel}","templated":true}]}}