{"id":14996,"date":"2020-12-06T15:52:29","date_gmt":"2020-12-06T15:52:29","guid":{"rendered":"https:\/\/ebay.luba.de\/index.php\/product\/stockli-steamer-programm\/"},"modified":"2023-09-26T09:51:06","modified_gmt":"2023-09-26T09:51:06","slug":"stockli-steamer-programm","status":"publish","type":"product","link":"https:\/\/ebay.luba.de\/index.php\/product\/stockli-steamer-programm\/","title":{"rendered":"St\u00f6ckli Steamer"},"content":{"rendered":"<p>N\u00e4hrstoffschonendes Dampfgaren ist gefragter denn je. Mit dieser modernen und zugleich sanften Garmethode behalten Gem\u00fcse, Fisch, Fleisch und andere Lebensmittel ihren nat\u00fcrlichen Geschmack und Aussehen. Vitamine, Mineralien und Aromastoffe bleiben erhalten. Schonendes Aufw\u00e4rmen von Speisen gelingt ebenso wie Auftauen gefrorener Lebensmittel. Mit elektronisch programmierbarem Zeitschalter, zwei Sieb-Aufs\u00e4tzen aus pflegeleichtem Edelstahl, Deckel aus transparentem schlagfesten Kunststoff, Leistung 1700 Watt<\/p>\n","protected":false},"excerpt":{"rendered":"<p>N\u00e4hrstoffschonendes Dampfgaren ist gefragter denn je. Mit dieser modernen und zugleich sanften Garmethode behalten Gem\u00fcse, Fisch, Fleisch und andere Lebensmittel ihren nat\u00fcrlichen Geschmack und Aussehen. Vitamine, Mineralien und Aromastoffe bleiben erhalten. Schonendes Aufw\u00e4rmen von Speisen gelingt ebenso wie Auftauen gefrorener Lebensmittel. Mit elektronisch programmierbarem Zeitschalter, zwei Sieb-Aufs\u00e4tzen aus pflegeleichtem Edelstahl, Deckel aus transparentem schlagfesten Kunststoff, [&hellip;]<\/p>\n","protected":false},"featured_media":16026,"comment_status":"closed","ping_status":"closed","template":"","meta":[],"product_brand":[],"product_cat":[193],"product_tag":[],"class_list":{"0":"post-14996","1":"product","2":"type-product","3":"status-publish","4":"has-post-thumbnail","6":"product_cat-unkategorisiert","8":"first","9":"outofstock","10":"taxable","11":"shipping-taxable","12":"purchasable","13":"product-type-simple"},"_links":{"self":[{"href":"https:\/\/ebay.luba.de\/index.php\/wp-json\/wp\/v2\/product\/14996","targetHints":{"allow":["GET"]}}],"collection":[{"href":"https:\/\/ebay.luba.de\/index.php\/wp-json\/wp\/v2\/product"}],"about":[{"href":"https:\/\/ebay.luba.de\/index.php\/wp-json\/wp\/v2\/types\/product"}],"replies":[{"embeddable":true,"href":"https:\/\/ebay.luba.de\/index.php\/wp-json\/wp\/v2\/comments?post=14996"}],"wp:featuredmedia":[{"embeddable":true,"href":"https:\/\/ebay.luba.de\/index.php\/wp-json\/wp\/v2\/media\/16026"}],"wp:attachment":[{"href":"https:\/\/ebay.luba.de\/index.php\/wp-json\/wp\/v2\/media?parent=14996"}],"wp:term":[{"taxonomy":"product_brand","embeddable":true,"href":"https:\/\/ebay.luba.de\/index.php\/wp-json\/wp\/v2\/product_brand?post=14996"},{"taxonomy":"product_cat","embeddable":true,"href":"https:\/\/ebay.luba.de\/index.php\/wp-json\/wp\/v2\/product_cat?post=14996"},{"taxonomy":"product_tag","embeddable":true,"href":"https:\/\/ebay.luba.de\/index.php\/wp-json\/wp\/v2\/product_tag?post=14996"}],"curies":[{"name":"wp","href":"https:\/\/api.w.org\/{rel}","templated":true}]}}