{"id":14994,"date":"2020-12-06T15:52:29","date_gmt":"2020-12-06T15:52:29","guid":{"rendered":"https:\/\/ebay.luba.de\/index.php\/product\/brotmesser-k-b2-brotbeidhander\/"},"modified":"2022-09-02T06:51:09","modified_gmt":"2022-09-02T06:51:09","slug":"brotmesser-k-b2-brotbeidhander","status":"publish","type":"product","link":"https:\/\/ebay.luba.de\/index.php\/product\/brotmesser-k-b2-brotbeidhander\/","title":{"rendered":"Brotmesser K B2 &#8211; BrotBeidh\u00e4nder"},"content":{"rendered":"<p>Windm\u00fchlenmesser K-B2 Brotmesser 225 mm rostfrei, blaugeplie\u00dftet, f\u00fcr Rechts-, Linksh\u00e4nder Das Messer hat einen von Hand auspolierten beidseitigen Wellenschliff, so dass sowohl Rechts- als auch Linksh\u00e4nder gleichm\u00e4\u00dfig damit schneiden k\u00f6nnen.<\/p>\n","protected":false},"excerpt":{"rendered":"<p>Windm\u00fchlenmesser K-B2 Brotmesser 225 mm rostfrei, blaugeplie\u00dftet, f\u00fcr Rechts-, Linksh\u00e4nder Das Messer hat einen von Hand auspolierten beidseitigen Wellenschliff, so dass sowohl Rechts- als auch Linksh\u00e4nder gleichm\u00e4\u00dfig damit schneiden k\u00f6nnen.<\/p>\n","protected":false},"featured_media":16024,"comment_status":"closed","ping_status":"open","template":"","meta":[],"product_brand":[],"product_cat":[199,275],"product_tag":[],"class_list":{"0":"post-14994","1":"product","2":"type-product","3":"status-publish","4":"has-post-thumbnail","6":"product_cat-kuchenhelfer","7":"product_cat-messer","9":"first","10":"outofstock","11":"taxable","12":"shipping-taxable","13":"purchasable","14":"product-type-simple"},"_links":{"self":[{"href":"https:\/\/ebay.luba.de\/index.php\/wp-json\/wp\/v2\/product\/14994","targetHints":{"allow":["GET"]}}],"collection":[{"href":"https:\/\/ebay.luba.de\/index.php\/wp-json\/wp\/v2\/product"}],"about":[{"href":"https:\/\/ebay.luba.de\/index.php\/wp-json\/wp\/v2\/types\/product"}],"replies":[{"embeddable":true,"href":"https:\/\/ebay.luba.de\/index.php\/wp-json\/wp\/v2\/comments?post=14994"}],"wp:featuredmedia":[{"embeddable":true,"href":"https:\/\/ebay.luba.de\/index.php\/wp-json\/wp\/v2\/media\/16024"}],"wp:attachment":[{"href":"https:\/\/ebay.luba.de\/index.php\/wp-json\/wp\/v2\/media?parent=14994"}],"wp:term":[{"taxonomy":"product_brand","embeddable":true,"href":"https:\/\/ebay.luba.de\/index.php\/wp-json\/wp\/v2\/product_brand?post=14994"},{"taxonomy":"product_cat","embeddable":true,"href":"https:\/\/ebay.luba.de\/index.php\/wp-json\/wp\/v2\/product_cat?post=14994"},{"taxonomy":"product_tag","embeddable":true,"href":"https:\/\/ebay.luba.de\/index.php\/wp-json\/wp\/v2\/product_tag?post=14994"}],"curies":[{"name":"wp","href":"https:\/\/api.w.org\/{rel}","templated":true}]}}