{"id":14993,"date":"2020-12-06T15:52:29","date_gmt":"2020-12-06T15:52:29","guid":{"rendered":"https:\/\/ebay.luba.de\/index.php\/product\/kuvings-whole-slow-juicer-b6000w-weiss\/"},"modified":"2021-11-13T17:51:27","modified_gmt":"2021-11-13T17:51:27","slug":"kuvings-whole-slow-juicer-b6000w-weiss","status":"publish","type":"product","link":"https:\/\/ebay.luba.de\/index.php\/product\/kuvings-whole-slow-juicer-b6000w-weiss\/","title":{"rendered":"Kuvings Whole Slow Juicer B6000W &#8211; weiss"},"content":{"rendered":"<p>Der Kuvings Whole Juicer entsaftet ohne zu zentrifugieren, damit der Saft mehr bleibende N\u00e4hrstoffe und Enzyme ein ges\u00fcnderes Leben erm\u00f6glichen. Er hat eine Kapazit\u00e4t von 400 ml und eine max. Nutzung bis zu 30 Minuten. Er hat eine Umdrehungszahl von 60 U\/min., Stromverbrauch 240 W, Netzspannung: 220-240 V, Gewicht: 6,4 kg<\/p>\n","protected":false},"excerpt":{"rendered":"<p>Der Kuvings Whole Juicer entsaftet ohne zu zentrifugieren, damit der Saft mehr bleibende N\u00e4hrstoffe und Enzyme ein ges\u00fcnderes Leben erm\u00f6glichen. Er hat eine Kapazit\u00e4t von 400 ml und eine max. Nutzung bis zu 30 Minuten. Er hat eine Umdrehungszahl von 60 U\/min., Stromverbrauch 240 W, Netzspannung: 220-240 V, Gewicht: 6,4 kg<\/p>\n","protected":false},"featured_media":16023,"comment_status":"closed","ping_status":"open","template":"","meta":[],"product_brand":[],"product_cat":[252,202,274],"product_tag":[],"class_list":{"0":"post-14993","1":"product","2":"type-product","3":"status-publish","4":"has-post-thumbnail","6":"product_cat-entsafter","7":"product_cat-kuchengerate-elektro","8":"product_cat-kuvings","10":"first","11":"outofstock","12":"taxable","13":"shipping-taxable","14":"purchasable","15":"product-type-simple"},"_links":{"self":[{"href":"https:\/\/ebay.luba.de\/index.php\/wp-json\/wp\/v2\/product\/14993","targetHints":{"allow":["GET"]}}],"collection":[{"href":"https:\/\/ebay.luba.de\/index.php\/wp-json\/wp\/v2\/product"}],"about":[{"href":"https:\/\/ebay.luba.de\/index.php\/wp-json\/wp\/v2\/types\/product"}],"replies":[{"embeddable":true,"href":"https:\/\/ebay.luba.de\/index.php\/wp-json\/wp\/v2\/comments?post=14993"}],"wp:featuredmedia":[{"embeddable":true,"href":"https:\/\/ebay.luba.de\/index.php\/wp-json\/wp\/v2\/media\/16023"}],"wp:attachment":[{"href":"https:\/\/ebay.luba.de\/index.php\/wp-json\/wp\/v2\/media?parent=14993"}],"wp:term":[{"taxonomy":"product_brand","embeddable":true,"href":"https:\/\/ebay.luba.de\/index.php\/wp-json\/wp\/v2\/product_brand?post=14993"},{"taxonomy":"product_cat","embeddable":true,"href":"https:\/\/ebay.luba.de\/index.php\/wp-json\/wp\/v2\/product_cat?post=14993"},{"taxonomy":"product_tag","embeddable":true,"href":"https:\/\/ebay.luba.de\/index.php\/wp-json\/wp\/v2\/product_tag?post=14993"}],"curies":[{"name":"wp","href":"https:\/\/api.w.org\/{rel}","templated":true}]}}