{"id":14988,"date":"2020-12-06T15:52:29","date_gmt":"2020-12-06T15:52:29","guid":{"rendered":"https:\/\/ebay.luba.de\/index.php\/product\/zemanek-dorren-trocknen\/"},"modified":"2023-06-29T06:51:04","modified_gmt":"2023-06-29T06:51:04","slug":"zemanek-dorren-trocknen","status":"publish","type":"product","link":"https:\/\/ebay.luba.de\/index.php\/product\/zemanek-dorren-trocknen\/","title":{"rendered":"Zemanek, D\u00f6rren &#038; Trocknen"},"content":{"rendered":"<p>D\u00f6rren und Trocknen von Obst und Gem\u00fcse erleben derzeit eine Renaissance. Der Grund: Durch diese Verfahren macht man Obst, Gem\u00fcse, Kr\u00e4uter und Pilze nicht nur haltbar, sondern veredelt sie auch im Geschmack.<\/p>\n","protected":false},"excerpt":{"rendered":"<p>D\u00f6rren und Trocknen von Obst und Gem\u00fcse erleben derzeit eine Renaissance. Der Grund: Durch diese Verfahren macht man Obst, Gem\u00fcse, Kr\u00e4uter und Pilze nicht nur haltbar, sondern veredelt sie auch im Geschmack.<\/p>\n","protected":false},"featured_media":16018,"comment_status":"closed","ping_status":"open","template":"","meta":[],"product_brand":[],"product_cat":[186,200],"product_tag":[],"class_list":{"0":"post-14988","1":"product","2":"type-product","3":"status-publish","4":"has-post-thumbnail","6":"product_cat-bucher","7":"product_cat-doren-trocknen-konservieren","9":"first","10":"instock","11":"taxable","12":"shipping-taxable","13":"purchasable","14":"product-type-simple"},"_links":{"self":[{"href":"https:\/\/ebay.luba.de\/index.php\/wp-json\/wp\/v2\/product\/14988","targetHints":{"allow":["GET"]}}],"collection":[{"href":"https:\/\/ebay.luba.de\/index.php\/wp-json\/wp\/v2\/product"}],"about":[{"href":"https:\/\/ebay.luba.de\/index.php\/wp-json\/wp\/v2\/types\/product"}],"replies":[{"embeddable":true,"href":"https:\/\/ebay.luba.de\/index.php\/wp-json\/wp\/v2\/comments?post=14988"}],"wp:featuredmedia":[{"embeddable":true,"href":"https:\/\/ebay.luba.de\/index.php\/wp-json\/wp\/v2\/media\/16018"}],"wp:attachment":[{"href":"https:\/\/ebay.luba.de\/index.php\/wp-json\/wp\/v2\/media?parent=14988"}],"wp:term":[{"taxonomy":"product_brand","embeddable":true,"href":"https:\/\/ebay.luba.de\/index.php\/wp-json\/wp\/v2\/product_brand?post=14988"},{"taxonomy":"product_cat","embeddable":true,"href":"https:\/\/ebay.luba.de\/index.php\/wp-json\/wp\/v2\/product_cat?post=14988"},{"taxonomy":"product_tag","embeddable":true,"href":"https:\/\/ebay.luba.de\/index.php\/wp-json\/wp\/v2\/product_tag?post=14988"}],"curies":[{"name":"wp","href":"https:\/\/api.w.org\/{rel}","templated":true}]}}