{"id":14971,"date":"2020-12-06T15:52:04","date_gmt":"2020-12-06T15:52:04","guid":{"rendered":"https:\/\/ebay.luba.de\/index.php\/product\/zassenhaus-kaffeemuhle-brasilia-buche-natur\/"},"modified":"2023-07-31T11:51:07","modified_gmt":"2023-07-31T11:51:07","slug":"zassenhaus-kaffeemuhle-brasilia-buche-natur","status":"publish","type":"product","link":"https:\/\/ebay.luba.de\/index.php\/product\/zassenhaus-kaffeemuhle-brasilia-buche-natur\/","title":{"rendered":"Zassenhaus Kaffeem\u00fchle Brasilia Buche natur"},"content":{"rendered":"<p>Erstklassiges Material, hervorragende Qualit\u00e4t und pr\u00e4zise Funktion. Daf\u00fcr steht Zassenhaus als f\u00fchrender Hersteller manueller Kaffee-M\u00fchlen seit 1867. Das original Zassenhaus-Mahlwerk der Kaffee- und Espressom\u00fchlen wird aus robustem Spezialstahl gefertigt und erh\u00e4lt durch seine besondere H\u00e4rtung eine extra lange Lebensdauer. Mit leichtem Dreh an der R\u00e4ndelschraube fixieren Sie stufenlos den gew\u00fcnschten Mahlgrad. So erhalten Sie ein gleichbleibendes Mahlergebnis. Die Kaffeebohnen werden schonend gemahlen, dadurch bleiben s\u00e4mtliche Aroma- und Vitalstoffe enthalten. Denn nur frisch gemahlener Kaffee bringt den wahren Genuss. 25 Jahre Garantie auf das Mahlwerk. Masse B x T x H: 12,5 x 12 x 20 cm.<\/p>\n","protected":false},"excerpt":{"rendered":"<p>Erstklassiges Material, hervorragende Qualit\u00e4t und pr\u00e4zise Funktion. Daf\u00fcr steht Zassenhaus als f\u00fchrender Hersteller manueller Kaffee-M\u00fchlen seit 1867. Das original Zassenhaus-Mahlwerk der Kaffee- und Espressom\u00fchlen wird aus robustem Spezialstahl gefertigt und erh\u00e4lt durch seine besondere H\u00e4rtung eine extra lange Lebensdauer. Mit leichtem Dreh an der R\u00e4ndelschraube fixieren Sie stufenlos den gew\u00fcnschten Mahlgrad. So erhalten Sie ein [&hellip;]<\/p>\n","protected":false},"featured_media":15963,"comment_status":"closed","ping_status":"open","template":"","meta":[],"product_brand":[],"product_cat":[246,202,267],"product_tag":[],"class_list":{"0":"post-14971","1":"product","2":"type-product","3":"status-publish","4":"has-post-thumbnail","6":"product_cat-kaffeemaschinen","7":"product_cat-kuchengerate-elektro","8":"product_cat-zassenhaus","10":"first","11":"instock","12":"taxable","13":"shipping-taxable","14":"purchasable","15":"product-type-simple"},"_links":{"self":[{"href":"https:\/\/ebay.luba.de\/index.php\/wp-json\/wp\/v2\/product\/14971","targetHints":{"allow":["GET"]}}],"collection":[{"href":"https:\/\/ebay.luba.de\/index.php\/wp-json\/wp\/v2\/product"}],"about":[{"href":"https:\/\/ebay.luba.de\/index.php\/wp-json\/wp\/v2\/types\/product"}],"replies":[{"embeddable":true,"href":"https:\/\/ebay.luba.de\/index.php\/wp-json\/wp\/v2\/comments?post=14971"}],"wp:featuredmedia":[{"embeddable":true,"href":"https:\/\/ebay.luba.de\/index.php\/wp-json\/wp\/v2\/media\/15963"}],"wp:attachment":[{"href":"https:\/\/ebay.luba.de\/index.php\/wp-json\/wp\/v2\/media?parent=14971"}],"wp:term":[{"taxonomy":"product_brand","embeddable":true,"href":"https:\/\/ebay.luba.de\/index.php\/wp-json\/wp\/v2\/product_brand?post=14971"},{"taxonomy":"product_cat","embeddable":true,"href":"https:\/\/ebay.luba.de\/index.php\/wp-json\/wp\/v2\/product_cat?post=14971"},{"taxonomy":"product_tag","embeddable":true,"href":"https:\/\/ebay.luba.de\/index.php\/wp-json\/wp\/v2\/product_tag?post=14971"}],"curies":[{"name":"wp","href":"https:\/\/api.w.org\/{rel}","templated":true}]}}